{"id":16,"date":"2012-04-12T19:16:06","date_gmt":"2012-04-12T18:46:06","guid":{"rendered":"https:\/\/kylat.meitadev.fi\/simola\/?page_id=16"},"modified":"2016-03-03T13:53:15","modified_gmt":"2016-03-03T13:23:15","slug":"yritykset","status":"publish","type":"page","link":"https:\/\/kylat.meitadev.fi\/simola\/asuminen-kylalla\/palvelut\/yritykset\/","title":{"rendered":"Yritykset"},"content":{"rendered":"<p>* <strong>LP Liukuva Oy<\/strong> valmistaa kuljetuskaluston varusteita rst.<br \/>\nRst. Liukukiskoj\u00e4rjestelmi\u00e4, liukuja sek\u00e4 j\u00e4rvikasvien niittolaitteita.<\/p>\n<p>LP Liukuva Oy<br \/>\nMonolantie 103<br \/>\n54330 Simola<br \/>\nPuh. 040-5518295<br \/>\nFax. 05-4535341<br \/>\nS-posti <a href=\"mailto:lpliukuvaoy@jippii.fi\">lpliukuvaoy@jippii.fi<\/a><\/p>\n<hr \/>\n<p>&nbsp;<\/p>\n<p><strong><a href=\"http:\/\/tilateurastamoikonen.com\/\" target=\"_blank\">Tilateurastamo Ikonen\u00a0<\/a> <\/strong>\u00a0tuottaa l\u00e4hiruokaa Rikkil\u00e4n kyl\u00e4ss\u00e4. Tuotteet ovat myynniss\u00e4 Lappeenrannan ja Imatran prismoissa, sek\u00e4 Imatrasnkosken ja Taavetin s-marketeissa . Varsinaisen myym\u00e4l\u00e4tilan puuttuessa Tilateurastamo Ikonen\u00a0ei voi en\u00e4\u00e4\u00a0panostaa suoramyyntiin tilalta.<\/p>\n<p>* <strong>Tmi Muona Mikko<\/strong>, tarjoaa kauppatorin soppakeitaan, sek\u00e4 telttojen vuokrauksen lis\u00e4ksi my\u00f6s pitopalvelua n. 20v.kokemuksella. Perhetapahtumia, esim h\u00e4it\u00e4. P\u00e4\u00e4paino on kuitenkin ulkoilmatapahtumien organisointi ja ateriapalvelut erillaisiin tapahtumiin.<br \/>\nTmi Muona Mikko<br \/>\nMonolantie 103b 54330 Simola.<br \/>\nMikko Paavonkallio<br \/>\nPuh. 0505556979<\/p>\n<hr \/>\n<p>&nbsp;<\/p>\n<p><a href=\"http:\/\/www.rikkilanleipa.fi\/\" target=\"_blank\"><strong>Rikkil\u00e4n Leip\u00e4\u00a0<\/strong><\/a><\/p>\n<p>Ammattitaidolla vuodesta 1968<\/p>\n<p>Rikkil\u00e4n Leip\u00e4 Oy on perustettu vuonna 1968 Rikkil\u00e4n kyl\u00e4\u00e4n, joten t\u00e4ss\u00e4 perheyrityksess\u00e4 leivotaan jo kymmenien vuosien ammattitaidolla.<\/p>\n<p>Rikkil\u00e4n leiv\u00e4n kotileipomossa arvostetaan k\u00e4sity\u00f6t\u00e4 ja vanhoja perinteit\u00e4. Kaikkien leipien aidon maun takaa taikinan raskistus ja rapeaksi paistaminen vanhanajan kiviuunissa. Kaikki tuotteemme valmistetaan lis\u00e4aineettomasti ja laadukkaista raaka-aineista.<\/p>\n<p>Irma ja Tauno Vainikan ty\u00f6t\u00e4 jatkaa n\u00e4in\u00e4 p\u00e4ivin\u00e4 Simo Vainikka, joka otti yrityksen haltuunsa vuonna 1988.<\/p>\n<p>Rikkil\u00e4n Leip\u00e4 Oy<br \/>\nRikkil\u00e4ntie 855<br \/>\n54330 SIMOLA<\/p>\n<p>Kotileipomo l\u00f6ytyy Vaalimaan tien varresta. Simolan risteyksen kohdalla oleva t\u00e4hk\u00e4merkki opastaa tarkemmin perille.<br \/>\npuh. (05) 414 9617<br \/>\nGSM 0400 156 567<br \/>\nFax 05-4149 618<br \/>\nS\u00e4hk\u00f6posti simo.vainikka [at] pp.inet.fi<\/p>\n<hr \/>\n<p>&nbsp;<\/p>\n<p><strong><a title=\"NovaLuna\" href=\"https:\/\/fi-fi.facebook.com\/novaluna.hyvinvointia\" target=\"_blank\">NovaLuna<\/a><\/strong><\/p>\n<p>Perinteist\u00e4 J\u00e4senkorjausta<br \/>\n-Vanha suomalainen koko kehon hoitomuoto<\/p>\n<p>Luonnonmukaiset hyvinvointi tuotteet esim. Frantsilan yrttitila ja Masajon<br \/>\nruususuola ja intiaanisokeri tuotteet<\/p>\n<p>Suomenlampaat<\/p>\n<p>L\u00f6yd\u00e4t meid\u00e4t Facebookista: <a title=\"NovaLuna\" href=\"https:\/\/fi-fi.facebook.com\/novaluna.hyvinvointia\" target=\"_blank\">NovaLuna<\/a><\/p>\n<hr \/>\n<p>&nbsp;<\/p>\n<p><strong><a title=\"Simolan kotity\u00f6palvelut\" href=\"http:\/\/www.simolankotityopalvelut.com\/\" target=\"_blank\">Simolan kotity\u00f6palvelu<\/a><\/strong><\/p>\n<p>Kotity\u00f6palvelut<\/p>\n<p>Viikkosiivoukset, henkil\u00f6kohtaiset avustukset, toimistosiivoukset ja paljon muuta.<\/p>\n<p><b>Kev\u00e4\u00e4n ikkunanpesut kannattaa varata ajoissa!<\/b><\/p>\n<p>Ota yhteytt\u00e4!<\/p>\n<p>Taru Sallinen<br \/>\np.050 589 5633<br \/>\nkotityopalvelut@icloud.com<br \/>\nkotisivut:<a title=\"Simolan kotity\u00f6palvelut\" href=\"http:\/\/www.simolankotityopalvelut.com\/\">Simolan kotity\u00f6palvelu<\/a><br \/>\nFacebook: <a title=\"simolan kotity\u00f6palvelu\" href=\"https:\/\/www.facebook.com\/simolankotityopalvelut\">Simolan kotity\u00f6palvelu<\/a><\/p>\n<hr \/>\n<p><strong>HM-monipalvelut<\/strong><\/p>\n<p>Hannu Meuronen<br \/>\np. 040 8216112<br \/>\nhannu.meuronen@pp.inet.fi<br \/>\nPolttopuuta, ulkoalueiden talvikunnossapito ja kiinteist\u00f6nhoito,<br \/>\nkoneurakointia (j\u00e4tevesij\u00e4rjestelm\u00e4t)<\/p>\n<hr \/>\n<p>Kirkharjun lammastila<\/p>\n<p>Kirsi Viljakainen, p.040 5620011<br \/>\n<a href=\"https:\/\/www.facebook.com\/kirkharjunlammastila\/?fref=ts\" target=\"_blank\">https:\/\/www.facebook.com\/kirkharjunlammastila\/?fref=ts<\/a><\/p>\n<p>Kirkharjun lammastila on mukana l\u00e4hiruokarengas REKO:n toiminnassa, Rekosta voi kysell\u00e4 tarkemmin suoraan Kirsilt\u00e4, REKO:n jaoista tietoa facebookin ryhm\u00e4ss\u00e4: <a href=\"https:\/\/www.facebook.com\/groups\/rekolpr\/?fref=ts\" target=\"_blank\">https:\/\/www.facebook.com\/groups\/rekolpr\/?fref=ts<\/a><\/p>\n","protected":false},"excerpt":{"rendered":"<p>* LP Liukuva Oy valmistaa kuljetuskaluston varusteita rst. Rst. Liukukiskoj\u00e4rjestelmi\u00e4, liukuja sek\u00e4 j\u00e4rvikasvien niittolaitteita. LP Liukuva Oy Monolantie 103 54330 Simola Puh. 040-5518295 Fax. 05-4535341 S-posti lpliukuvaoy@jippii.fi &nbsp; Tilateurastamo Ikonen\u00a0 \u00a0tuottaa l\u00e4hiruokaa Rikkil\u00e4n kyl\u00e4ss\u00e4. Tuotteet ovat myynniss\u00e4 Lappeenrannan ja Imatran &hellip; <a href=\"https:\/\/kylat.meitadev.fi\/simola\/asuminen-kylalla\/palvelut\/yritykset\/\">Continue reading <span class=\"meta-nav\">&rarr;<\/span><\/a><\/p>\n","protected":false},"author":120,"featured_media":0,"parent":11,"menu_order":0,"comment_status":"closed","ping_status":"closed","template":"full-width-page.php","meta":{"footnotes":""},"_links":{"self":[{"href":"https:\/\/kylat.meitadev.fi\/simola\/wp-json\/wp\/v2\/pages\/16"}],"collection":[{"href":"https:\/\/kylat.meitadev.fi\/simola\/wp-json\/wp\/v2\/pages"}],"about":[{"href":"https:\/\/kylat.meitadev.fi\/simola\/wp-json\/wp\/v2\/types\/page"}],"author":[{"embeddable":true,"href":"https:\/\/kylat.meitadev.fi\/simola\/wp-json\/wp\/v2\/users\/120"}],"replies":[{"embeddable":true,"href":"https:\/\/kylat.meitadev.fi\/simola\/wp-json\/wp\/v2\/comments?post=16"}],"version-history":[{"count":48,"href":"https:\/\/kylat.meitadev.fi\/simola\/wp-json\/wp\/v2\/pages\/16\/revisions"}],"predecessor-version":[{"id":1122,"href":"https:\/\/kylat.meitadev.fi\/simola\/wp-json\/wp\/v2\/pages\/16\/revisions\/1122"}],"up":[{"embeddable":true,"href":"https:\/\/kylat.meitadev.fi\/simola\/wp-json\/wp\/v2\/pages\/11"}],"wp:attachment":[{"href":"https:\/\/kylat.meitadev.fi\/simola\/wp-json\/wp\/v2\/media?parent=16"}],"curies":[{"name":"wp","href":"https:\/\/api.w.org\/{rel}","templated":true}]}}