{"id":411,"date":"2014-11-07T11:29:26","date_gmt":"2014-11-07T10:59:26","guid":{"rendered":"https:\/\/kylat.meitadev.fi\/simola\/?page_id=411"},"modified":"2022-02-13T17:35:01","modified_gmt":"2022-02-13T17:05:01","slug":"etusivu-2","status":"publish","type":"page","link":"https:\/\/kylat.meitadev.fi\/simola\/","title":{"rendered":"Tervetuloa Simolan ja l\u00e4hikylien kotisivuille! T\u00e4\u00e4lt\u00e4 l\u00f6yd\u00e4t tietoa meist\u00e4 ja tapahtumistamme."},"content":{"rendered":"\n<figure class=\"wp-block-image size-large\"><a href=\"https:\/\/kylat.meitadev.fi\/simola\/wp-content\/uploads\/sites\/48\/2022\/02\/Talvitapahtuma-ja-kylakokousmainos_00001.jpg\"><img loading=\"lazy\" decoding=\"async\" width=\"724\" height=\"1024\" src=\"https:\/\/kylat.meitadev.fi\/simola\/wp-content\/uploads\/sites\/48\/2022\/02\/Talvitapahtuma-ja-kylakokousmainos_00001-724x1024.jpg\" alt=\"\" class=\"wp-image-1425\" srcset=\"https:\/\/kylat.meitadev.fi\/simola\/wp-content\/uploads\/sites\/48\/2022\/02\/Talvitapahtuma-ja-kylakokousmainos_00001-724x1024.jpg 724w, https:\/\/kylat.meitadev.fi\/simola\/wp-content\/uploads\/sites\/48\/2022\/02\/Talvitapahtuma-ja-kylakokousmainos_00001-212x300.jpg 212w, https:\/\/kylat.meitadev.fi\/simola\/wp-content\/uploads\/sites\/48\/2022\/02\/Talvitapahtuma-ja-kylakokousmainos_00001-768x1087.jpg 768w, https:\/\/kylat.meitadev.fi\/simola\/wp-content\/uploads\/sites\/48\/2022\/02\/Talvitapahtuma-ja-kylakokousmainos_00001-1086x1536.jpg 1086w, https:\/\/kylat.meitadev.fi\/simola\/wp-content\/uploads\/sites\/48\/2022\/02\/Talvitapahtuma-ja-kylakokousmainos_00001-1447x2048.jpg 1447w, https:\/\/kylat.meitadev.fi\/simola\/wp-content\/uploads\/sites\/48\/2022\/02\/Talvitapahtuma-ja-kylakokousmainos_00001-565x800.jpg 565w, https:\/\/kylat.meitadev.fi\/simola\/wp-content\/uploads\/sites\/48\/2022\/02\/Talvitapahtuma-ja-kylakokousmainos_00001.jpg 1653w\" sizes=\"(max-width: 724px) 100vw, 724px\" \/><\/a><\/figure>\n\n\n\n<figure class=\"wp-block-image size-large\"><a href=\"https:\/\/kylat.meitadev.fi\/simola\/wp-content\/uploads\/sites\/48\/2022\/02\/Talvitapahtuma-ja-kylakokousmainos_00002.jpg\"><img loading=\"lazy\" decoding=\"async\" width=\"724\" height=\"1024\" src=\"https:\/\/kylat.meitadev.fi\/simola\/wp-content\/uploads\/sites\/48\/2022\/02\/Talvitapahtuma-ja-kylakokousmainos_00002-724x1024.jpg\" alt=\"\" class=\"wp-image-1427\" srcset=\"https:\/\/kylat.meitadev.fi\/simola\/wp-content\/uploads\/sites\/48\/2022\/02\/Talvitapahtuma-ja-kylakokousmainos_00002-724x1024.jpg 724w, https:\/\/kylat.meitadev.fi\/simola\/wp-content\/uploads\/sites\/48\/2022\/02\/Talvitapahtuma-ja-kylakokousmainos_00002-212x300.jpg 212w, https:\/\/kylat.meitadev.fi\/simola\/wp-content\/uploads\/sites\/48\/2022\/02\/Talvitapahtuma-ja-kylakokousmainos_00002-768x1087.jpg 768w, https:\/\/kylat.meitadev.fi\/simola\/wp-content\/uploads\/sites\/48\/2022\/02\/Talvitapahtuma-ja-kylakokousmainos_00002-1086x1536.jpg 1086w, https:\/\/kylat.meitadev.fi\/simola\/wp-content\/uploads\/sites\/48\/2022\/02\/Talvitapahtuma-ja-kylakokousmainos_00002-1447x2048.jpg 1447w, https:\/\/kylat.meitadev.fi\/simola\/wp-content\/uploads\/sites\/48\/2022\/02\/Talvitapahtuma-ja-kylakokousmainos_00002-565x800.jpg 565w, https:\/\/kylat.meitadev.fi\/simola\/wp-content\/uploads\/sites\/48\/2022\/02\/Talvitapahtuma-ja-kylakokousmainos_00002.jpg 1653w\" sizes=\"(max-width: 724px) 100vw, 724px\" \/><\/a><\/figure>\n\n\n<p><a href=\"https:\/\/kylat.meitadev.fi\/simola\/wp-content\/uploads\/sites\/48\/2016\/02\/Kuva-098.jpg\"><img loading=\"lazy\" decoding=\"async\" class=\"size-large wp-image-1001 aligncenter\" src=\"https:\/\/kylat.meitadev.fi\/simola\/wp-content\/uploads\/sites\/48\/2016\/02\/Kuva-098-1024x768.jpg\" alt=\"Kuva 098\" width=\"500\" height=\"375\" srcset=\"https:\/\/kylat.meitadev.fi\/simola\/wp-content\/uploads\/sites\/48\/2016\/02\/Kuva-098-1024x768.jpg 1024w, https:\/\/kylat.meitadev.fi\/simola\/wp-content\/uploads\/sites\/48\/2016\/02\/Kuva-098-300x225.jpg 300w\" sizes=\"(max-width: 500px) 100vw, 500px\" \/><\/a><\/p>\n<p style=\"text-align: center\">Sivuja p\u00e4ivitet\u00e4\u00e4n, pysy kuulolla!<\/p>\n<p style=\"text-align: center\">***************************************************************<\/p>\n<p style=\"text-align: center\"><strong>&nbsp;Nyt on mahdollista vuokrata juhlateltta ja grilli k\u00e4ytt\u00f6\u00f6n esim. juhlien ajaksi.<\/strong><\/p>\n<p style=\"text-align: center\"><strong> Jos kiinnostuit, ota yhteytt\u00e4 Laura Koskim\u00e4ki, <\/strong><strong>p.050-3313563<\/strong><\/p>\n<p style=\"text-align: center\">\n<\/p><p style=\"text-align: center\"><a href=\"https:\/\/www.facebook.com\/groups\/767614066646834\/?fref=ts\" target=\"_blank\" rel=\"noopener\">Seuraa meit\u00e4 Facebookissa<\/a><\/p>","protected":false},"excerpt":{"rendered":"<p>Sivuja p\u00e4ivitet\u00e4\u00e4n, pysy kuulolla! *************************************************************** &nbsp;Nyt on mahdollista vuokrata juhlateltta ja grilli k\u00e4ytt\u00f6\u00f6n esim. juhlien ajaksi. Jos kiinnostuit, ota yhteytt\u00e4 Laura Koskim\u00e4ki, p.050-3313563 Seuraa meit\u00e4 Facebookissa<\/p>\n","protected":false},"author":184,"featured_media":0,"parent":0,"menu_order":0,"comment_status":"closed","ping_status":"closed","template":"","meta":{"footnotes":""},"_links":{"self":[{"href":"https:\/\/kylat.meitadev.fi\/simola\/wp-json\/wp\/v2\/pages\/411"}],"collection":[{"href":"https:\/\/kylat.meitadev.fi\/simola\/wp-json\/wp\/v2\/pages"}],"about":[{"href":"https:\/\/kylat.meitadev.fi\/simola\/wp-json\/wp\/v2\/types\/page"}],"author":[{"embeddable":true,"href":"https:\/\/kylat.meitadev.fi\/simola\/wp-json\/wp\/v2\/users\/184"}],"replies":[{"embeddable":true,"href":"https:\/\/kylat.meitadev.fi\/simola\/wp-json\/wp\/v2\/comments?post=411"}],"version-history":[{"count":21,"href":"https:\/\/kylat.meitadev.fi\/simola\/wp-json\/wp\/v2\/pages\/411\/revisions"}],"predecessor-version":[{"id":1430,"href":"https:\/\/kylat.meitadev.fi\/simola\/wp-json\/wp\/v2\/pages\/411\/revisions\/1430"}],"wp:attachment":[{"href":"https:\/\/kylat.meitadev.fi\/simola\/wp-json\/wp\/v2\/media?parent=411"}],"curies":[{"name":"wp","href":"https:\/\/api.w.org\/{rel}","templated":true}]}}