{"id":423,"date":"2014-11-09T15:54:26","date_gmt":"2014-11-09T15:24:26","guid":{"rendered":"https:\/\/kylat.meitadev.fi\/simola\/?page_id=423"},"modified":"2016-03-03T07:57:41","modified_gmt":"2016-03-03T07:27:41","slug":"tapahtumia","status":"publish","type":"page","link":"https:\/\/kylat.meitadev.fi\/simola\/tapahtumia\/","title":{"rendered":"Tapahtumia"},"content":{"rendered":"<p><a title=\"Kuvia\" href=\"https:\/\/kylat.meitadev.fi\/simola\/kuvia-tapahtumista\/\">Kuvia tapahtumista<\/a><br \/>\nTalvitapahtuma  20.2.2016<br \/>\nTalvitapahtuma j\u00e4rjestettiin Simolan koululla, joka ker\u00e4si mukavasti osanollistujia sek\u00e4 l\u00e4hialueelta ett\u00e4 kaupungista. Etel\u00e4-Karjalan Kyl\u00e4t ry:n opiskelija-avustajat olivat toteuttamassa lapsille leikkej\u00e4 ja m\u00e4enlaskua ja kyl\u00e4toimikunta j\u00e4rjesti arpajaiset sek\u00e4 tarjoili grillimakkaraa ja piti kahviota. Tapahtumassa pelattiin kaukalopalloa yst\u00e4vyysotteluna naapurikylien, Simolan ja Vainikkalan, v\u00e4lill\u00e4. Peli p\u00e4\u00e4ttyi Simolan voittoon maalein 7-3.<br \/>\nSimolan joukkueessa pelasivat<br \/>\nSanteri Kokko<br \/>\nTimo Ikonen<br \/>\nAku Sipil\u00e4inen<br \/>\nSamu Kotonen<br \/>\nMatti Ikonen<br \/>\nAri-Matti Rikkinen<br \/>\nPekka Tuisku<br \/>\nRauno Huuskonen<\/p>\n<p>Vainikkalan joukkueessa pelasivat<br \/>\nJoel Kiero<br \/>\nJohannes Vainikka<br \/>\nJesse K\u00e4lvi\u00e4inen<br \/>\nMika Hytti<br \/>\nAnssi Kiesi<br \/>\nSami Tuuri<br \/>\nMikko Kuuluvainen<br \/>\nJani Paappanen<br \/>\nPetri Rumpu<br \/>\nVesa Hytti<\/p>\n<p>Tasaisesta lumisateesta huolimatta tapahtuma onnistui hyvin ja kaikille j\u00e4i hyv\u00e4 mieli.<\/p>\n<p>______________________________________________________________________<\/p>\n<p>Talvitapahtuman 2015 lasten hiihtokilpailujen tulokset:<\/p>\n<p>Tyt\u00f6t -10 \u2192<br \/>\n1. Venla Vainikka 00:15:43<br \/>\n2. Emmi Kaipia 00:15:68<br \/>\n3. Neea Turunen 00:31:00<br \/>\n4. Meeri Meuronen 00:48:80<br \/>\n5. Reetta Meuronen 00:55:00<br \/>\n6. Elli Peron 01:40:00<\/p>\n<p>Pojat -10 \u2192<br \/>\n1. Peetu Peron 00:18:60<br \/>\n2. Eelis Vuorela 00:32:00<br \/>\n3. Leevi Heilimo 00:33:00<br \/>\n4. Veeti Keskitalo 00:42:80<br \/>\n5. Aapo Vainikka<\/p>\n<p>Tyt\u00f6t -08 ja -09<br \/>\n1. Emma Kaipia 00:56:00<br \/>\n2. Kerttu Meuronen 00:58:00<br \/>\n3. Helmi Silvennoinen 01:00:00<br \/>\n4. Aino Keskitalo 01:22:00<br \/>\n5. Jemina Sallinen 01:26:00<\/p>\n<p>Pojat -08 ja -09<br \/>\n1. Aatos Vuorela 00:51:00<\/p>\n<p>Tyt\u00f6t -07 ja -06<br \/>\n1. Henni Turunen 00:44:00<\/p>\n<p>Pojat -07 ja -06<br \/>\n1. Matias Kemppinen 00:42:00<br \/>\n2. Viljami Heilimo 00:47:00<br \/>\n3. Onni Immonen 01:37:00<\/p>\n<p>Pojat -05 ja -04<br \/>\n1. Teemu Kemppinen 00:33:00<\/p>\n<p>Kiitos Kaikille reippaille ja innokkaille hiiht\u00e4jille ja taustajoukoillle!<\/p>\n","protected":false},"excerpt":{"rendered":"<p>Kuvia tapahtumista Talvitapahtuma 20.2.2016 Talvitapahtuma j\u00e4rjestettiin Simolan koululla, joka ker\u00e4si mukavasti osanollistujia sek\u00e4 l\u00e4hialueelta ett\u00e4 kaupungista. Etel\u00e4-Karjalan Kyl\u00e4t ry:n opiskelija-avustajat olivat toteuttamassa lapsille leikkej\u00e4 ja m\u00e4enlaskua ja kyl\u00e4toimikunta j\u00e4rjesti arpajaiset sek\u00e4 tarjoili grillimakkaraa ja piti kahviota. Tapahtumassa pelattiin kaukalopalloa yst\u00e4vyysotteluna &hellip; <a href=\"https:\/\/kylat.meitadev.fi\/simola\/tapahtumia\/\">Continue reading <span class=\"meta-nav\">&rarr;<\/span><\/a><\/p>\n","protected":false},"author":120,"featured_media":0,"parent":0,"menu_order":9,"comment_status":"closed","ping_status":"closed","template":"full-width-page.php","meta":{"footnotes":""},"_links":{"self":[{"href":"https:\/\/kylat.meitadev.fi\/simola\/wp-json\/wp\/v2\/pages\/423"}],"collection":[{"href":"https:\/\/kylat.meitadev.fi\/simola\/wp-json\/wp\/v2\/pages"}],"about":[{"href":"https:\/\/kylat.meitadev.fi\/simola\/wp-json\/wp\/v2\/types\/page"}],"author":[{"embeddable":true,"href":"https:\/\/kylat.meitadev.fi\/simola\/wp-json\/wp\/v2\/users\/120"}],"replies":[{"embeddable":true,"href":"https:\/\/kylat.meitadev.fi\/simola\/wp-json\/wp\/v2\/comments?post=423"}],"version-history":[{"count":75,"href":"https:\/\/kylat.meitadev.fi\/simola\/wp-json\/wp\/v2\/pages\/423\/revisions"}],"predecessor-version":[{"id":1116,"href":"https:\/\/kylat.meitadev.fi\/simola\/wp-json\/wp\/v2\/pages\/423\/revisions\/1116"}],"wp:attachment":[{"href":"https:\/\/kylat.meitadev.fi\/simola\/wp-json\/wp\/v2\/media?parent=423"}],"curies":[{"name":"wp","href":"https:\/\/api.w.org\/{rel}","templated":true}]}}