{"id":525,"date":"2014-11-17T09:26:25","date_gmt":"2014-11-17T08:56:25","guid":{"rendered":"https:\/\/kylat.meitadev.fi\/simola\/?page_id=525"},"modified":"2016-02-01T15:40:11","modified_gmt":"2016-02-01T15:10:11","slug":"kylatoimikunta-2012-2013","status":"publish","type":"page","link":"https:\/\/kylat.meitadev.fi\/simola\/kylatoimikunta\/kylatoimikunta-2012-2013\/","title":{"rendered":"Kyl\u00e4toimikunta 2012-2013"},"content":{"rendered":"<p>Kyl\u00e4toimikunta on j\u00e4rjest\u00e4nyt talkoita kev\u00e4\u00e4ll\u00e4\/kes\u00e4ll\u00e4 2013.<br \/>\nTalkoilla on laitettu j\u00e4\u00e4kiekkokaukaloon &#8221;uudet&#8221; laidat.<br \/>\nKunnostettu uimarantaa, laitettu laituri kuntoon ja raivattu sek\u00e4 siistitty rantaa. Kiitos kaikille osallistuneille.<\/p>\n<p>Kyl\u00e4toimikunnan kokouksessa 3.3.2013<br \/>\nP\u00e4\u00e4tettiin ja sovittiin.<br \/>\n1. Pidet\u00e4\u00e4n pienten lasten hiihtokilpailut 17.3 Simolan ala-asteella klo 9:30-11:30<br \/>\n2. Uimarannan kunnostusta pidettiin t\u00e4rke\u00e4n\u00e4. Kaupunki kustantaa tarvikkeita.<br \/>\n3. Juhannusjuhlat pidet\u00e4\u00e4n kuten aiemminkin.<br \/>\n4. Suunniteltiin alkukes\u00e4\u00e4n retke\u00e4 Tykkim\u00e4keen.<\/p>\n<p>Kyl\u00e4kokouksessa valittiin eroavien j\u00e4senten tilalle uusia.<br \/>\nKyl\u00e4toimikunnasta erosivat<br \/>\nHelena Taipale<br \/>\nHelena Puustinen<br \/>\nHeli Kajander<br \/>\nJarkko Lampinen<br \/>\nEsko Ontronen<\/p>\n<p><span style=\"color: #000000\">Kyl\u00e4toimikunta vuosina 2011-2012<br \/>\nJ\u00e4senet: Helena Taipale, puheenjohtaja<br \/>\nPasi Kinnunen, varapuheenjohtaja<br \/>\nArja V\u00e4\u00e4n\u00e4nen, sihteeri<br \/>\nHelena Suuntala, rahastonhoitaja<br \/>\nAnu Kaipia<br \/>\nHelena Puustinen<br \/>\nHeli Kajander<br \/>\nJarkko Lampinen<br \/>\nEsko Ontronen<br \/>\n<\/span><\/p>\n<p>&nbsp;<\/p>\n<p><span style=\"color: #000000\">Erilaisia tapahtumia:<br \/>\n<strong>16.6.2012<\/strong> tehtiin matka Mustilan \u00a0Arboretumiin.<br \/>\nMatka tehtiin linja-autolla. L\u00e4ht\u00f6 oli klo 8:00 Lappeenpuiston parkkipaikalta. P\u00e4iv\u00e4 oli todella kaunis ja l\u00e4mmin. Meno matkalla joimme kahvit Korian ABC:ll\u00e4 ja teimme ostoksia Novitan tehtaan myym\u00e4l\u00e4ss\u00e4 niin lankoja kuin vaatteita.<\/span><\/p>\n<p>Mustilan Arboretumissa meill\u00e4 oli oppaana Aution Antti. Kierros kesti noin 2 tuntia ja saimme aljon tietoa niin historiasta kuin kasveista. Vesipullo oli helteess\u00e4 tarpeen. Puisto oli todella upea ja kannatti kyll\u00e4 k\u00e4yd\u00e4 siell\u00e4. Henkil\u00f6kohtaisesti ihastuin Atsalea pensaisiin, jotka olivat ihmist\u00e4 korkeampia.<\/p>\n<p><span style=\"color: #000000\">Kierroksen j\u00e4lkeen ostokset Mustilan \u00a0myym\u00e4l\u00e4ss\u00e4 ja sitten menimme ruokailemaan sek\u00e4 viimeiseksi Pentikin myym\u00e4l\u00e4\u00e4n Korialle . <\/span><span style=\"color: #000000\">Matka oli monen mielest\u00e4 antoisa ja linja-autossa oli tunnelmaa. <a href=\"https:\/\/kylat.meitadev.fi\/simola\/wp-content\/uploads\/sites\/48\/2012\/04\/063.jpg\"><img loading=\"lazy\" decoding=\"async\" class=\"aligncenter size-full wp-image-223\" alt=\"\" src=\"https:\/\/kylat.meitadev.fi\/simola\/wp-content\/uploads\/sites\/48\/2012\/04\/063.jpg\" width=\"3264\" height=\"2448\" \/><\/a><\/span><\/p>\n<p><strong>Simolan perinteinen Juhannusjuhla \u00a023.6.2012<\/strong><br \/>\n<strong> urheilukent\u00e4ll\u00e4<\/strong><br \/>\nOhjelmassa oli niin arvontaa kuin erilaisia leikkimielisi\u00e4 pelej\u00e4kin.<br \/>\nJ\u00e4lleen suosittu luontopolku veti niin nuoria kuin vanhempaa v\u00e4est\u00f6\u00e4.<br \/>\nUuttuutena meill\u00e4 oli haitarinsoittaja ja laulettiin yhteislauluja.<\/p>\n<p><span style=\"color: #000000\">Kilpailtiin Simolan sisuparista.<br \/>\nBuffetissa oli kahvia ja pullaa sek\u00e4 grilliss\u00e4 tirisi makkara.<br \/>\nIlma oli kaunis sade ei haitannut juhlaa.<\/span><\/p>\n<p><a href=\"https:\/\/kylat.meitadev.fi\/simola\/wp-content\/uploads\/sites\/48\/2012\/04\/hautajaiset-051.jpg\"><img loading=\"lazy\" decoding=\"async\" class=\"size-full wp-image-226 alignleft\" alt=\"\" src=\"https:\/\/kylat.meitadev.fi\/simola\/wp-content\/uploads\/sites\/48\/2012\/04\/hautajaiset-051.jpg\" width=\"2611\" height=\"1958\" \/><\/a><\/p>\n<p><span style=\"color: #000000\">\u00a0Telttojen ja p\u00f6ytien paikalleen laittoa ennen H-hetke\u00e4.<br \/>\nTeltat varattu suojaksi sateelta ja auringolta.<\/span><\/p>\n<p><strong>Hein\u00e4kuussa 2012<\/strong><br \/>\nPasi, Hannu ja Jarkko korjasivat Ruokosen uimarannan laiturin, jotta uiminen olisi turvallisempaa. Talvi oli koetellut laituria.<\/p>\n","protected":false},"excerpt":{"rendered":"<p>Kyl\u00e4toimikunta on j\u00e4rjest\u00e4nyt talkoita kev\u00e4\u00e4ll\u00e4\/kes\u00e4ll\u00e4 2013. Talkoilla on laitettu j\u00e4\u00e4kiekkokaukaloon &#8221;uudet&#8221; laidat. Kunnostettu uimarantaa, laitettu laituri kuntoon ja raivattu sek\u00e4 siistitty rantaa. Kiitos kaikille osallistuneille. Kyl\u00e4toimikunnan kokouksessa 3.3.2013 P\u00e4\u00e4tettiin ja sovittiin. 1. Pidet\u00e4\u00e4n pienten lasten hiihtokilpailut 17.3 Simolan ala-asteella klo &hellip; <a href=\"https:\/\/kylat.meitadev.fi\/simola\/kylatoimikunta\/kylatoimikunta-2012-2013\/\">Continue reading <span class=\"meta-nav\">&rarr;<\/span><\/a><\/p>\n","protected":false},"author":120,"featured_media":0,"parent":6,"menu_order":0,"comment_status":"closed","ping_status":"closed","template":"full-width-page.php","meta":{"footnotes":""},"_links":{"self":[{"href":"https:\/\/kylat.meitadev.fi\/simola\/wp-json\/wp\/v2\/pages\/525"}],"collection":[{"href":"https:\/\/kylat.meitadev.fi\/simola\/wp-json\/wp\/v2\/pages"}],"about":[{"href":"https:\/\/kylat.meitadev.fi\/simola\/wp-json\/wp\/v2\/types\/page"}],"author":[{"embeddable":true,"href":"https:\/\/kylat.meitadev.fi\/simola\/wp-json\/wp\/v2\/users\/120"}],"replies":[{"embeddable":true,"href":"https:\/\/kylat.meitadev.fi\/simola\/wp-json\/wp\/v2\/comments?post=525"}],"version-history":[{"count":1,"href":"https:\/\/kylat.meitadev.fi\/simola\/wp-json\/wp\/v2\/pages\/525\/revisions"}],"predecessor-version":[{"id":526,"href":"https:\/\/kylat.meitadev.fi\/simola\/wp-json\/wp\/v2\/pages\/525\/revisions\/526"}],"up":[{"embeddable":true,"href":"https:\/\/kylat.meitadev.fi\/simola\/wp-json\/wp\/v2\/pages\/6"}],"wp:attachment":[{"href":"https:\/\/kylat.meitadev.fi\/simola\/wp-json\/wp\/v2\/media?parent=525"}],"curies":[{"name":"wp","href":"https:\/\/api.w.org\/{rel}","templated":true}]}}