{"id":538,"date":"2014-11-17T10:25:17","date_gmt":"2014-11-17T09:55:17","guid":{"rendered":"https:\/\/kylat.meitadev.fi\/simola\/?page_id=538"},"modified":"2016-02-01T15:47:57","modified_gmt":"2016-02-01T15:17:57","slug":"kylatoimikunta-2014-2016","status":"publish","type":"page","link":"https:\/\/kylat.meitadev.fi\/simola\/kylatoimikunta\/kylatoimikunta-2014-2016\/","title":{"rendered":"Kyl\u00e4toimikunta 2014-2016"},"content":{"rendered":"<p>Kyl\u00e4toimikunta valitaan kahden vuoden v\u00e4lein kyl\u00e4kokouksessa. <\/p>\n<p>Anna-Maija Sipil\u00e4inen (anna-maija.sipilainen(at)hotmail.com)<br \/>\nAnu Kaipia<br \/>\nMarjo Meuronen (marjo.meuronen(at)gmail.com)<br \/>\nSami Heilimo<br \/>\nPasi Kinnunen<br \/>\nPasi Torri<br \/>\nHelena Puustinen<br \/>\nArja V\u00e4\u00e4n\u00e4nen<\/p>\n","protected":false},"excerpt":{"rendered":"<p>Kyl\u00e4toimikunta valitaan kahden vuoden v\u00e4lein kyl\u00e4kokouksessa. Anna-Maija Sipil\u00e4inen (anna-maija.sipilainen(at)hotmail.com) Anu Kaipia Marjo Meuronen (marjo.meuronen(at)gmail.com) Sami Heilimo Pasi Kinnunen Pasi Torri Helena Puustinen Arja V\u00e4\u00e4n\u00e4nen<\/p>\n","protected":false},"author":120,"featured_media":0,"parent":6,"menu_order":0,"comment_status":"closed","ping_status":"closed","template":"full-width-page.php","meta":{"footnotes":""},"_links":{"self":[{"href":"https:\/\/kylat.meitadev.fi\/simola\/wp-json\/wp\/v2\/pages\/538"}],"collection":[{"href":"https:\/\/kylat.meitadev.fi\/simola\/wp-json\/wp\/v2\/pages"}],"about":[{"href":"https:\/\/kylat.meitadev.fi\/simola\/wp-json\/wp\/v2\/types\/page"}],"author":[{"embeddable":true,"href":"https:\/\/kylat.meitadev.fi\/simola\/wp-json\/wp\/v2\/users\/120"}],"replies":[{"embeddable":true,"href":"https:\/\/kylat.meitadev.fi\/simola\/wp-json\/wp\/v2\/comments?post=538"}],"version-history":[{"count":8,"href":"https:\/\/kylat.meitadev.fi\/simola\/wp-json\/wp\/v2\/pages\/538\/revisions"}],"predecessor-version":[{"id":978,"href":"https:\/\/kylat.meitadev.fi\/simola\/wp-json\/wp\/v2\/pages\/538\/revisions\/978"}],"up":[{"embeddable":true,"href":"https:\/\/kylat.meitadev.fi\/simola\/wp-json\/wp\/v2\/pages\/6"}],"wp:attachment":[{"href":"https:\/\/kylat.meitadev.fi\/simola\/wp-json\/wp\/v2\/media?parent=538"}],"curies":[{"name":"wp","href":"https:\/\/api.w.org\/{rel}","templated":true}]}}