{"id":6,"date":"2012-04-12T19:02:49","date_gmt":"2012-04-12T18:32:49","guid":{"rendered":"https:\/\/kylat.meitadev.fi\/simola\/?page_id=6"},"modified":"2020-01-28T19:24:58","modified_gmt":"2020-01-28T18:54:58","slug":"kylatoimikunta","status":"publish","type":"page","link":"https:\/\/kylat.meitadev.fi\/simola\/kylatoimikunta\/","title":{"rendered":"Kyl\u00e4toimikunta 2018-2019"},"content":{"rendered":"<p>Kyl\u00e4toimikunta valitaan kyl\u00e4kokouksessa.<\/p>\n<p>Sanni Vainikka pj<br \/>\nAnu Kaipia rahastonhoitaja<br \/>\nArja V\u00e4\u00e4n\u00e4nen sihteeri<br \/>\nMarjo Meuronen<br \/>\nReetta Posti<br \/>\nLaura Koskim\u00e4ki<\/p>\n","protected":false},"excerpt":{"rendered":"<p>Kyl\u00e4toimikunta valitaan kyl\u00e4kokouksessa. Sanni Vainikka pj Anu Kaipia rahastonhoitaja Arja V\u00e4\u00e4n\u00e4nen sihteeri Marjo Meuronen Reetta Posti Laura Koskim\u00e4ki<\/p>\n","protected":false},"author":120,"featured_media":0,"parent":0,"menu_order":0,"comment_status":"closed","ping_status":"closed","template":"full-width-page.php","meta":{"footnotes":""},"_links":{"self":[{"href":"https:\/\/kylat.meitadev.fi\/simola\/wp-json\/wp\/v2\/pages\/6"}],"collection":[{"href":"https:\/\/kylat.meitadev.fi\/simola\/wp-json\/wp\/v2\/pages"}],"about":[{"href":"https:\/\/kylat.meitadev.fi\/simola\/wp-json\/wp\/v2\/types\/page"}],"author":[{"embeddable":true,"href":"https:\/\/kylat.meitadev.fi\/simola\/wp-json\/wp\/v2\/users\/120"}],"replies":[{"embeddable":true,"href":"https:\/\/kylat.meitadev.fi\/simola\/wp-json\/wp\/v2\/comments?post=6"}],"version-history":[{"count":35,"href":"https:\/\/kylat.meitadev.fi\/simola\/wp-json\/wp\/v2\/pages\/6\/revisions"}],"predecessor-version":[{"id":1394,"href":"https:\/\/kylat.meitadev.fi\/simola\/wp-json\/wp\/v2\/pages\/6\/revisions\/1394"}],"wp:attachment":[{"href":"https:\/\/kylat.meitadev.fi\/simola\/wp-json\/wp\/v2\/media?parent=6"}],"curies":[{"name":"wp","href":"https:\/\/api.w.org\/{rel}","templated":true}]}}