{"id":604,"date":"2014-11-30T08:17:21","date_gmt":"2014-11-30T07:47:21","guid":{"rendered":"https:\/\/kylat.meitadev.fi\/simola\/?page_id=604"},"modified":"2016-02-06T14:46:53","modified_gmt":"2016-02-06T14:16:53","slug":"kuvia-tapahtumista","status":"publish","type":"page","link":"https:\/\/kylat.meitadev.fi\/simola\/tapahtumia\/kuvia-tapahtumista\/","title":{"rendered":"Kuvia tapahtumista"},"content":{"rendered":"<p><strong>Lis\u00e4\u00e4 Talvitapahtuma 14.2.2015 kuvia tulossa<\/strong><\/p>\n<p><a href=\"https:\/\/kylat.meitadev.fi\/simola\/wp-content\/uploads\/sites\/48\/2014\/11\/hiihtoa1-2.jpg\"><img loading=\"lazy\" decoding=\"async\" src=\"https:\/\/kylat.meitadev.fi\/simola\/wp-content\/uploads\/sites\/48\/2014\/11\/hiihtoa1-2.jpg\" alt=\"hiihtoa1-2\" width=\"960\" height=\"540\" class=\"alignnone size-full wp-image-771\" srcset=\"https:\/\/kylat.meitadev.fi\/simola\/wp-content\/uploads\/sites\/48\/2014\/11\/hiihtoa1-2.jpg 960w, https:\/\/kylat.meitadev.fi\/simola\/wp-content\/uploads\/sites\/48\/2014\/11\/hiihtoa1-2-300x169.jpg 300w\" sizes=\"(max-width: 960px) 100vw, 960px\" \/><\/a><\/p>\n<p><a href=\"https:\/\/kylat.meitadev.fi\/simola\/wp-content\/uploads\/sites\/48\/2014\/11\/hiihtoa2-2.jpg\"><img loading=\"lazy\" decoding=\"async\" src=\"https:\/\/kylat.meitadev.fi\/simola\/wp-content\/uploads\/sites\/48\/2014\/11\/hiihtoa2-2.jpg\" alt=\"hiihtoa2-2\" width=\"500\" height=\"281\" class=\"alignnone size-large wp-image-772\" srcset=\"https:\/\/kylat.meitadev.fi\/simola\/wp-content\/uploads\/sites\/48\/2014\/11\/hiihtoa2-2.jpg 960w, https:\/\/kylat.meitadev.fi\/simola\/wp-content\/uploads\/sites\/48\/2014\/11\/hiihtoa2-2-300x169.jpg 300w\" sizes=\"(max-width: 500px) 100vw, 500px\" \/><\/a><\/p>\n<p><a href=\"https:\/\/kylat.meitadev.fi\/simola\/wp-content\/uploads\/sites\/48\/2014\/11\/hiihtoa3-2.jpg\"><img loading=\"lazy\" decoding=\"async\" src=\"https:\/\/kylat.meitadev.fi\/simola\/wp-content\/uploads\/sites\/48\/2014\/11\/hiihtoa3-2.jpg\" alt=\"hiihtoa3-2\" width=\"500\" height=\"889\" class=\"alignnone size-large wp-image-773\" srcset=\"https:\/\/kylat.meitadev.fi\/simola\/wp-content\/uploads\/sites\/48\/2014\/11\/hiihtoa3-2.jpg 540w, https:\/\/kylat.meitadev.fi\/simola\/wp-content\/uploads\/sites\/48\/2014\/11\/hiihtoa3-2-169x300.jpg 169w\" sizes=\"(max-width: 500px) 100vw, 500px\" \/><\/a><\/p>\n<p><a href=\"https:\/\/kylat.meitadev.fi\/simola\/wp-content\/uploads\/sites\/48\/2014\/11\/hiihtoa4-2.jpg\"><img loading=\"lazy\" decoding=\"async\" src=\"https:\/\/kylat.meitadev.fi\/simola\/wp-content\/uploads\/sites\/48\/2014\/11\/hiihtoa4-2.jpg\" alt=\"hiihtoa4-2\" width=\"500\" height=\"591\" class=\"alignnone size-large wp-image-774\" srcset=\"https:\/\/kylat.meitadev.fi\/simola\/wp-content\/uploads\/sites\/48\/2014\/11\/hiihtoa4-2.jpg 540w, https:\/\/kylat.meitadev.fi\/simola\/wp-content\/uploads\/sites\/48\/2014\/11\/hiihtoa4-2-254x300.jpg 254w\" sizes=\"(max-width: 500px) 100vw, 500px\" \/><\/a><\/p>\n<p><strong>Jouluiset myyj\u00e4iset 29.11.2014<\/strong><\/p>\n<p><a href=\"https:\/\/kylat.meitadev.fi\/simola\/wp-content\/uploads\/sites\/48\/2014\/11\/IMG_3330.jpg\"><img loading=\"lazy\" decoding=\"async\" class=\"alignleft size-full wp-image-630\" src=\"https:\/\/kylat.meitadev.fi\/simola\/wp-content\/uploads\/sites\/48\/2014\/11\/IMG_3330.jpg\" alt=\"IMG_3330\" width=\"2400\" height=\"1804\" srcset=\"https:\/\/kylat.meitadev.fi\/simola\/wp-content\/uploads\/sites\/48\/2014\/11\/IMG_3330.jpg 2400w, https:\/\/kylat.meitadev.fi\/simola\/wp-content\/uploads\/sites\/48\/2014\/11\/IMG_3330-300x225.jpg 300w, https:\/\/kylat.meitadev.fi\/simola\/wp-content\/uploads\/sites\/48\/2014\/11\/IMG_3330-1024x769.jpg 1024w\" sizes=\"(max-width: 2400px) 100vw, 2400px\" \/><\/a><\/p>\n<p><a href=\"https:\/\/kylat.meitadev.fi\/simola\/wp-content\/uploads\/sites\/48\/2014\/11\/IMG_3310.jpg\"><img loading=\"lazy\" decoding=\"async\" class=\"alignleft size-full wp-image-629\" src=\"https:\/\/kylat.meitadev.fi\/simola\/wp-content\/uploads\/sites\/48\/2014\/11\/IMG_3310.jpg\" alt=\"IMG_3310\" width=\"2400\" height=\"1600\" srcset=\"https:\/\/kylat.meitadev.fi\/simola\/wp-content\/uploads\/sites\/48\/2014\/11\/IMG_3310.jpg 2400w, https:\/\/kylat.meitadev.fi\/simola\/wp-content\/uploads\/sites\/48\/2014\/11\/IMG_3310-300x200.jpg 300w, https:\/\/kylat.meitadev.fi\/simola\/wp-content\/uploads\/sites\/48\/2014\/11\/IMG_3310-1024x682.jpg 1024w\" sizes=\"(max-width: 2400px) 100vw, 2400px\" \/><\/a><\/p>\n<p><a href=\"https:\/\/kylat.meitadev.fi\/simola\/wp-content\/uploads\/sites\/48\/2014\/11\/IMG_3303.jpg\"><img loading=\"lazy\" decoding=\"async\" class=\"alignleft size-full wp-image-627\" src=\"https:\/\/kylat.meitadev.fi\/simola\/wp-content\/uploads\/sites\/48\/2014\/11\/IMG_3303.jpg\" alt=\"IMG_3303\" width=\"2400\" height=\"1600\" srcset=\"https:\/\/kylat.meitadev.fi\/simola\/wp-content\/uploads\/sites\/48\/2014\/11\/IMG_3303.jpg 2400w, https:\/\/kylat.meitadev.fi\/simola\/wp-content\/uploads\/sites\/48\/2014\/11\/IMG_3303-300x200.jpg 300w, https:\/\/kylat.meitadev.fi\/simola\/wp-content\/uploads\/sites\/48\/2014\/11\/IMG_3303-1024x682.jpg 1024w\" sizes=\"(max-width: 2400px) 100vw, 2400px\" \/><\/a><\/p>\n<p><a href=\"https:\/\/kylat.meitadev.fi\/simola\/wp-content\/uploads\/sites\/48\/2014\/11\/IMG_3302.jpg\"><img loading=\"lazy\" decoding=\"async\" class=\"alignleft size-full wp-image-626\" src=\"https:\/\/kylat.meitadev.fi\/simola\/wp-content\/uploads\/sites\/48\/2014\/11\/IMG_3302.jpg\" alt=\"IMG_3302\" width=\"2400\" height=\"1600\" srcset=\"https:\/\/kylat.meitadev.fi\/simola\/wp-content\/uploads\/sites\/48\/2014\/11\/IMG_3302.jpg 2400w, https:\/\/kylat.meitadev.fi\/simola\/wp-content\/uploads\/sites\/48\/2014\/11\/IMG_3302-300x200.jpg 300w, https:\/\/kylat.meitadev.fi\/simola\/wp-content\/uploads\/sites\/48\/2014\/11\/IMG_3302-1024x682.jpg 1024w\" sizes=\"(max-width: 2400px) 100vw, 2400px\" \/><\/a><\/p>\n<p><a href=\"https:\/\/kylat.meitadev.fi\/simola\/wp-content\/uploads\/sites\/48\/2014\/11\/IMG_2657.jpg\"><img loading=\"lazy\" decoding=\"async\" class=\"alignleft size-full wp-image-624\" src=\"https:\/\/kylat.meitadev.fi\/simola\/wp-content\/uploads\/sites\/48\/2014\/11\/IMG_2657.jpg\" alt=\"IMG_2657\" width=\"2400\" height=\"1724\" srcset=\"https:\/\/kylat.meitadev.fi\/simola\/wp-content\/uploads\/sites\/48\/2014\/11\/IMG_2657.jpg 2400w, https:\/\/kylat.meitadev.fi\/simola\/wp-content\/uploads\/sites\/48\/2014\/11\/IMG_2657-300x215.jpg 300w, https:\/\/kylat.meitadev.fi\/simola\/wp-content\/uploads\/sites\/48\/2014\/11\/IMG_2657-1024x735.jpg 1024w\" sizes=\"(max-width: 2400px) 100vw, 2400px\" \/><\/a><\/p>\n<p><a href=\"https:\/\/kylat.meitadev.fi\/simola\/wp-content\/uploads\/sites\/48\/2014\/11\/IMG_2655.jpg\"><img loading=\"lazy\" decoding=\"async\" class=\"alignleft size-full wp-image-622\" src=\"https:\/\/kylat.meitadev.fi\/simola\/wp-content\/uploads\/sites\/48\/2014\/11\/IMG_2655.jpg\" alt=\"IMG_2655\" width=\"5184\" height=\"3456\" srcset=\"https:\/\/kylat.meitadev.fi\/simola\/wp-content\/uploads\/sites\/48\/2014\/11\/IMG_2655.jpg 5184w, https:\/\/kylat.meitadev.fi\/simola\/wp-content\/uploads\/sites\/48\/2014\/11\/IMG_2655-300x200.jpg 300w, https:\/\/kylat.meitadev.fi\/simola\/wp-content\/uploads\/sites\/48\/2014\/11\/IMG_2655-1024x682.jpg 1024w\" sizes=\"(max-width: 5184px) 100vw, 5184px\" \/><\/a><\/p>\n<p><a href=\"https:\/\/kylat.meitadev.fi\/simola\/wp-content\/uploads\/sites\/48\/2014\/11\/IMG_2653.jpg\"><img loading=\"lazy\" decoding=\"async\" class=\"alignleft size-full wp-image-620\" src=\"https:\/\/kylat.meitadev.fi\/simola\/wp-content\/uploads\/sites\/48\/2014\/11\/IMG_2653.jpg\" alt=\"IMG_2653\" width=\"5184\" height=\"3456\" srcset=\"https:\/\/kylat.meitadev.fi\/simola\/wp-content\/uploads\/sites\/48\/2014\/11\/IMG_2653.jpg 5184w, https:\/\/kylat.meitadev.fi\/simola\/wp-content\/uploads\/sites\/48\/2014\/11\/IMG_2653-300x200.jpg 300w, https:\/\/kylat.meitadev.fi\/simola\/wp-content\/uploads\/sites\/48\/2014\/11\/IMG_2653-1024x682.jpg 1024w\" sizes=\"(max-width: 5184px) 100vw, 5184px\" \/><\/a><\/p>\n<p><a href=\"https:\/\/kylat.meitadev.fi\/simola\/wp-content\/uploads\/sites\/48\/2014\/11\/IMG_2649.jpg\"><img loading=\"lazy\" decoding=\"async\" class=\"alignleft size-full wp-image-616\" src=\"https:\/\/kylat.meitadev.fi\/simola\/wp-content\/uploads\/sites\/48\/2014\/11\/IMG_2649.jpg\" alt=\"IMG_2649\" width=\"1997\" height=\"2400\" srcset=\"https:\/\/kylat.meitadev.fi\/simola\/wp-content\/uploads\/sites\/48\/2014\/11\/IMG_2649.jpg 1997w, https:\/\/kylat.meitadev.fi\/simola\/wp-content\/uploads\/sites\/48\/2014\/11\/IMG_2649-249x300.jpg 249w, https:\/\/kylat.meitadev.fi\/simola\/wp-content\/uploads\/sites\/48\/2014\/11\/IMG_2649-852x1024.jpg 852w\" sizes=\"(max-width: 1997px) 100vw, 1997px\" \/><\/a><\/p>\n<p><a href=\"https:\/\/kylat.meitadev.fi\/simola\/wp-content\/uploads\/sites\/48\/2014\/11\/IMG_2647.jpg\"><img loading=\"lazy\" decoding=\"async\" class=\"alignleft size-full wp-image-614\" src=\"https:\/\/kylat.meitadev.fi\/simola\/wp-content\/uploads\/sites\/48\/2014\/11\/IMG_2647.jpg\" alt=\"IMG_2647\" width=\"5184\" height=\"3456\" srcset=\"https:\/\/kylat.meitadev.fi\/simola\/wp-content\/uploads\/sites\/48\/2014\/11\/IMG_2647.jpg 5184w, https:\/\/kylat.meitadev.fi\/simola\/wp-content\/uploads\/sites\/48\/2014\/11\/IMG_2647-300x200.jpg 300w, https:\/\/kylat.meitadev.fi\/simola\/wp-content\/uploads\/sites\/48\/2014\/11\/IMG_2647-1024x682.jpg 1024w\" sizes=\"(max-width: 5184px) 100vw, 5184px\" \/><\/a><\/p>\n<p><a href=\"https:\/\/kylat.meitadev.fi\/simola\/wp-content\/uploads\/sites\/48\/2014\/11\/IMG_2644.jpg\"><img loading=\"lazy\" decoding=\"async\" class=\"alignleft size-full wp-image-611\" src=\"https:\/\/kylat.meitadev.fi\/simola\/wp-content\/uploads\/sites\/48\/2014\/11\/IMG_2644.jpg\" alt=\"IMG_2644\" width=\"5184\" height=\"3456\" srcset=\"https:\/\/kylat.meitadev.fi\/simola\/wp-content\/uploads\/sites\/48\/2014\/11\/IMG_2644.jpg 5184w, https:\/\/kylat.meitadev.fi\/simola\/wp-content\/uploads\/sites\/48\/2014\/11\/IMG_2644-300x200.jpg 300w, https:\/\/kylat.meitadev.fi\/simola\/wp-content\/uploads\/sites\/48\/2014\/11\/IMG_2644-1024x682.jpg 1024w\" sizes=\"(max-width: 5184px) 100vw, 5184px\" \/><\/a><\/p>\n<p><a href=\"https:\/\/kylat.meitadev.fi\/simola\/wp-content\/uploads\/sites\/48\/2014\/11\/IMG_2643.jpg\"><img loading=\"lazy\" decoding=\"async\" class=\"alignleft size-full wp-image-610\" src=\"https:\/\/kylat.meitadev.fi\/simola\/wp-content\/uploads\/sites\/48\/2014\/11\/IMG_2643.jpg\" alt=\"IMG_2643\" width=\"2400\" height=\"1600\" srcset=\"https:\/\/kylat.meitadev.fi\/simola\/wp-content\/uploads\/sites\/48\/2014\/11\/IMG_2643.jpg 2400w, https:\/\/kylat.meitadev.fi\/simola\/wp-content\/uploads\/sites\/48\/2014\/11\/IMG_2643-300x200.jpg 300w, https:\/\/kylat.meitadev.fi\/simola\/wp-content\/uploads\/sites\/48\/2014\/11\/IMG_2643-1024x682.jpg 1024w\" sizes=\"(max-width: 2400px) 100vw, 2400px\" \/><\/a><\/p>\n<p><a href=\"https:\/\/kylat.meitadev.fi\/simola\/wp-content\/uploads\/sites\/48\/2014\/11\/IMG_2641.jpg\"><img loading=\"lazy\" decoding=\"async\" class=\"alignleft size-full wp-image-608\" src=\"https:\/\/kylat.meitadev.fi\/simola\/wp-content\/uploads\/sites\/48\/2014\/11\/IMG_2641.jpg\" alt=\"IMG_2641\" width=\"5184\" height=\"3456\" srcset=\"https:\/\/kylat.meitadev.fi\/simola\/wp-content\/uploads\/sites\/48\/2014\/11\/IMG_2641.jpg 5184w, https:\/\/kylat.meitadev.fi\/simola\/wp-content\/uploads\/sites\/48\/2014\/11\/IMG_2641-300x200.jpg 300w, https:\/\/kylat.meitadev.fi\/simola\/wp-content\/uploads\/sites\/48\/2014\/11\/IMG_2641-1024x682.jpg 1024w\" sizes=\"(max-width: 5184px) 100vw, 5184px\" \/><\/a><\/p>\n<p><a href=\"https:\/\/kylat.meitadev.fi\/simola\/wp-content\/uploads\/sites\/48\/2014\/11\/IMG_2639-e1417333284338.jpg\"><img loading=\"lazy\" decoding=\"async\" class=\"alignleft size-full wp-image-606\" src=\"https:\/\/kylat.meitadev.fi\/simola\/wp-content\/uploads\/sites\/48\/2014\/11\/IMG_2639-e1417333284338.jpg\" alt=\"IMG_2639\" width=\"3456\" height=\"5184\" srcset=\"https:\/\/kylat.meitadev.fi\/simola\/wp-content\/uploads\/sites\/48\/2014\/11\/IMG_2639-e1417333284338.jpg 3456w, https:\/\/kylat.meitadev.fi\/simola\/wp-content\/uploads\/sites\/48\/2014\/11\/IMG_2639-e1417333284338-200x300.jpg 200w, https:\/\/kylat.meitadev.fi\/simola\/wp-content\/uploads\/sites\/48\/2014\/11\/IMG_2639-e1417333284338-682x1024.jpg 682w\" sizes=\"(max-width: 3456px) 100vw, 3456px\" \/><\/a><\/p>\n<p><a href=\"https:\/\/kylat.meitadev.fi\/simola\/wp-content\/uploads\/sites\/48\/2014\/11\/IMG_2606-e1417333220335.jpg\"><img loading=\"lazy\" decoding=\"async\" class=\"alignleft size-large wp-image-605\" src=\"https:\/\/kylat.meitadev.fi\/simola\/wp-content\/uploads\/sites\/48\/2014\/11\/IMG_2606-e1417333220335-682x1024.jpg\" alt=\"IMG_2606\" width=\"500\" height=\"750\" srcset=\"https:\/\/kylat.meitadev.fi\/simola\/wp-content\/uploads\/sites\/48\/2014\/11\/IMG_2606-e1417333220335-682x1024.jpg 682w, https:\/\/kylat.meitadev.fi\/simola\/wp-content\/uploads\/sites\/48\/2014\/11\/IMG_2606-e1417333220335-200x300.jpg 200w\" sizes=\"(max-width: 500px) 100vw, 500px\" \/><\/a><\/p>\n","protected":false},"excerpt":{"rendered":"<p>Lis\u00e4\u00e4 Talvitapahtuma 14.2.2015 kuvia tulossa Jouluiset myyj\u00e4iset 29.11.2014<\/p>\n","protected":false},"author":120,"featured_media":0,"parent":423,"menu_order":9,"comment_status":"closed","ping_status":"closed","template":"full-width-page.php","meta":{"footnotes":""},"_links":{"self":[{"href":"https:\/\/kylat.meitadev.fi\/simola\/wp-json\/wp\/v2\/pages\/604"}],"collection":[{"href":"https:\/\/kylat.meitadev.fi\/simola\/wp-json\/wp\/v2\/pages"}],"about":[{"href":"https:\/\/kylat.meitadev.fi\/simola\/wp-json\/wp\/v2\/types\/page"}],"author":[{"embeddable":true,"href":"https:\/\/kylat.meitadev.fi\/simola\/wp-json\/wp\/v2\/users\/120"}],"replies":[{"embeddable":true,"href":"https:\/\/kylat.meitadev.fi\/simola\/wp-json\/wp\/v2\/comments?post=604"}],"version-history":[{"count":15,"href":"https:\/\/kylat.meitadev.fi\/simola\/wp-json\/wp\/v2\/pages\/604\/revisions"}],"predecessor-version":[{"id":783,"href":"https:\/\/kylat.meitadev.fi\/simola\/wp-json\/wp\/v2\/pages\/604\/revisions\/783"}],"up":[{"embeddable":true,"href":"https:\/\/kylat.meitadev.fi\/simola\/wp-json\/wp\/v2\/pages\/423"}],"wp:attachment":[{"href":"https:\/\/kylat.meitadev.fi\/simola\/wp-json\/wp\/v2\/media?parent=604"}],"curies":[{"name":"wp","href":"https:\/\/api.w.org\/{rel}","templated":true}]}}