{"id":731,"date":"2015-02-05T13:31:40","date_gmt":"2015-02-05T13:01:40","guid":{"rendered":"https:\/\/kylat.meitadev.fi\/simola\/?page_id=731"},"modified":"2020-01-28T19:42:01","modified_gmt":"2020-01-28T19:12:01","slug":"kylatoimikunta-tiedottaa","status":"publish","type":"page","link":"https:\/\/kylat.meitadev.fi\/simola\/kylatoimikunta\/kylatoimikunta-tiedottaa\/","title":{"rendered":"Kyl\u00e4toimikunta tiedottaa"},"content":{"rendered":"<p><b>Tiedottaminen<\/b><\/p>\n<p>Kyl\u00e4toimikunta tiedottaa tapahtumista kyl\u00e4n facebook-sivujen kautta, ilmoitustaulujen mainoksilla, sek\u00e4 kotiin jaettavilla mainoksilla.<\/p>\n<p>Haluatko saada tietoa tapahtumista s\u00e4hk\u00f6postilla? Liity postituslistallemme alla olevalla lomakkeella!<\/p>\n<p>[contact-form-7 id=&#8221;1396&#8243; title=&#8221;Postituslistalle liittyminen&#8221;]<\/p>\n","protected":false},"excerpt":{"rendered":"<p>Tiedottaminen Kyl\u00e4toimikunta tiedottaa tapahtumista kyl\u00e4n facebook-sivujen kautta, ilmoitustaulujen mainoksilla, sek\u00e4 kotiin jaettavilla mainoksilla. Haluatko saada tietoa tapahtumista s\u00e4hk\u00f6postilla? Liity postituslistallemme alla olevalla lomakkeella! [contact-form-7 id=&#8221;1396&#8243; title=&#8221;Postituslistalle liittyminen&#8221;]<\/p>\n","protected":false},"author":120,"featured_media":0,"parent":6,"menu_order":0,"comment_status":"closed","ping_status":"closed","template":"full-width-page.php","meta":{"footnotes":""},"_links":{"self":[{"href":"https:\/\/kylat.meitadev.fi\/simola\/wp-json\/wp\/v2\/pages\/731"}],"collection":[{"href":"https:\/\/kylat.meitadev.fi\/simola\/wp-json\/wp\/v2\/pages"}],"about":[{"href":"https:\/\/kylat.meitadev.fi\/simola\/wp-json\/wp\/v2\/types\/page"}],"author":[{"embeddable":true,"href":"https:\/\/kylat.meitadev.fi\/simola\/wp-json\/wp\/v2\/users\/120"}],"replies":[{"embeddable":true,"href":"https:\/\/kylat.meitadev.fi\/simola\/wp-json\/wp\/v2\/comments?post=731"}],"version-history":[{"count":21,"href":"https:\/\/kylat.meitadev.fi\/simola\/wp-json\/wp\/v2\/pages\/731\/revisions"}],"predecessor-version":[{"id":1398,"href":"https:\/\/kylat.meitadev.fi\/simola\/wp-json\/wp\/v2\/pages\/731\/revisions\/1398"}],"up":[{"embeddable":true,"href":"https:\/\/kylat.meitadev.fi\/simola\/wp-json\/wp\/v2\/pages\/6"}],"wp:attachment":[{"href":"https:\/\/kylat.meitadev.fi\/simola\/wp-json\/wp\/v2\/media?parent=731"}],"curies":[{"name":"wp","href":"https:\/\/api.w.org\/{rel}","templated":true}]}}