{"id":7,"date":"2011-08-16T18:45:47","date_gmt":"2011-08-16T18:45:47","guid":{"rendered":"https:\/\/kylat.meitadev.fi\/suoanttila\/?page_id=7"},"modified":"2020-08-06T13:05:09","modified_gmt":"2020-08-06T11:05:09","slug":"hallitus","status":"publish","type":"page","link":"https:\/\/kylat.meitadev.fi\/suoanttila\/esimerkkisivu\/hallitus\/","title":{"rendered":"Hallitus 2018-2019"},"content":{"rendered":"<p>Sami Rounela, puheenjohtaja<br \/>\np. 0400 886 570<br \/>\nsami[at]palajapainike.fi<\/p>\n<p>Sari Montonen, sihteeri<br \/>\np. 040 762 8195<br \/>\nsarppamontonen[at]gmail.com<\/p>\n<p>Arvi M\u00e4tt\u00f6, j\u00e4sen<\/p>\n<p>Jukka Per\u00e4l\u00e4, j\u00e4sen<\/p>\n<p>Tuomo Toikka, varaj\u00e4sen<br \/>\np. 050 372 2943<br \/>\ntuomo.toikka[at]outlook.com<\/p>\n<p>Ossi Rantanen, varaj\u00e4sen<\/p>\n","protected":false},"excerpt":{"rendered":"<p>Sami Rounela, puheenjohtaja p. 0400 886 570 sami[at]palajapainike.fi Sari Montonen, sihteeri p. 040 762 8195 sarppamontonen[at]gmail.com Arvi M\u00e4tt\u00f6, j\u00e4sen Jukka Per\u00e4l\u00e4, j\u00e4sen Tuomo Toikka, varaj\u00e4sen p. 050 372 2943 tuomo.toikka[at]outlook.com Ossi Rantanen, varaj\u00e4sen<\/p>\n","protected":false},"author":24,"featured_media":0,"parent":2,"menu_order":0,"comment_status":"open","ping_status":"open","template":"","meta":{"footnotes":""},"_links":{"self":[{"href":"https:\/\/kylat.meitadev.fi\/suoanttila\/wp-json\/wp\/v2\/pages\/7"}],"collection":[{"href":"https:\/\/kylat.meitadev.fi\/suoanttila\/wp-json\/wp\/v2\/pages"}],"about":[{"href":"https:\/\/kylat.meitadev.fi\/suoanttila\/wp-json\/wp\/v2\/types\/page"}],"author":[{"embeddable":true,"href":"https:\/\/kylat.meitadev.fi\/suoanttila\/wp-json\/wp\/v2\/users\/24"}],"replies":[{"embeddable":true,"href":"https:\/\/kylat.meitadev.fi\/suoanttila\/wp-json\/wp\/v2\/comments?post=7"}],"version-history":[{"count":13,"href":"https:\/\/kylat.meitadev.fi\/suoanttila\/wp-json\/wp\/v2\/pages\/7\/revisions"}],"predecessor-version":[{"id":362,"href":"https:\/\/kylat.meitadev.fi\/suoanttila\/wp-json\/wp\/v2\/pages\/7\/revisions\/362"}],"up":[{"embeddable":true,"href":"https:\/\/kylat.meitadev.fi\/suoanttila\/wp-json\/wp\/v2\/pages\/2"}],"wp:attachment":[{"href":"https:\/\/kylat.meitadev.fi\/suoanttila\/wp-json\/wp\/v2\/media?parent=7"}],"curies":[{"name":"wp","href":"https:\/\/api.w.org\/{rel}","templated":true}]}}