{"id":48,"date":"2014-11-25T10:03:32","date_gmt":"2014-11-25T08:03:32","guid":{"rendered":"https:\/\/kylat.meitadev.fi\/taipalsaarenkylat\/?page_id=48"},"modified":"2014-11-25T10:03:32","modified_gmt":"2014-11-25T08:03:32","slug":"kylien-yhteystiedot","status":"publish","type":"page","link":"https:\/\/kylat.meitadev.fi\/taipalsaarenkylat\/kylien-yhteystiedot\/","title":{"rendered":"Kylien yhteystiedot"},"content":{"rendered":"<p><strong>Kirkonkyl\u00e4n kyl\u00e4yhdistys<\/strong><br \/>\nAure Niiva<br \/>\nMuukkolantie 105 B<br \/>\n54920 Taipalsaari<\/p>\n<p><strong>Kuivaketveleen kyl\u00e4toimikunta<\/strong><br \/>\nPasi Waris<br \/>\nLinnavuorentie 36<br \/>\n54950 Lappeenranta<\/p>\n<p><strong>Kyl\u00e4niemen kyl\u00e4toimikunta<\/strong><br \/>\nEsa Rikkonen<br \/>\nKyl\u00e4niementie 1140<br \/>\n56350 Kyl\u00e4niemi<\/p>\n<p><strong>Merenlahden kyl\u00e4toimikunta<\/strong><br \/>\nIlpo Mikkonen<br \/>\nKirkkokiventie 155 A<br \/>\n53850 Lappeenranta<\/p>\n<p><strong>Lev\u00e4sen kyl\u00e4toimikunta<\/strong><br \/>\nAsko Saikko<br \/>\nSuolahdentie 461<br \/>\n54930 Lev\u00e4nen<\/p>\n<p><strong>Rehulan kyl\u00e4yhdistys<\/strong><br \/>\nRiikka Silmu<br \/>\nSuur-Saimaantie 925<br \/>\n54920 Taipalsaari<\/p>\n<p><strong>Saimaanharjun- Konstun kyl\u00e4-toimikunta<\/strong><br \/>\nSari Kangasm\u00e4ki<br \/>\nRuutanatie 3<br \/>\n54915 Saimaanharju<\/p>\n<p><strong>Vehkataipaleen kyl\u00e4yhdistys<\/strong><br \/>\nKaija Kahra<br \/>\nNiemisentie 39 D<br \/>\n54960 Vehkataipale<\/p>\n<p><strong>Vitsain kyl\u00e4yhdistys<\/strong><br \/>\nTapani Korhola<br \/>\nJuntulantie 66<br \/>\n54920 Taipalsaari<\/p>\n<p><strong>Solkein kyl\u00e4toimikunta<\/strong><br \/>\nOlli Ahtiainen<br \/>\nLavatie 71<br \/>\n54940 Solkei<\/p>\n<p><strong>Haikkaanlahden kyl\u00e4toimikunta<\/strong><br \/>\nJarmo Koivunen<br \/>\nSavilahdentie 396<br \/>\n54920 Taipalsaari<\/p>\n<p><strong>J\u00e4nk\u00e4salon kyl\u00e4toimikunta<\/strong><br \/>\nPekka Riikonen<br \/>\nPalttinakatu 7<br \/>\n53500 Lappeenranta<\/p>\n","protected":false},"excerpt":{"rendered":"<p>Kirkonkyl\u00e4n kyl\u00e4yhdistys Aure Niiva Muukkolantie 105 B 54920 Taipalsaari Kuivaketveleen kyl\u00e4toimikunta Pasi Waris Linnavuorentie 36 54950 Lappeenranta Kyl\u00e4niemen kyl\u00e4toimikunta Esa Rikkonen Kyl\u00e4niementie 1140 56350 Kyl\u00e4niemi Merenlahden kyl\u00e4toimikunta Ilpo Mikkonen Kirkkokiventie 155 A 53850 Lappeenranta Lev\u00e4sen kyl\u00e4toimikunta Asko Saikko Suolahdentie 461 &hellip; <a href=\"https:\/\/kylat.meitadev.fi\/taipalsaarenkylat\/kylien-yhteystiedot\/\">Lue loppuun <span class=\"meta-nav\">&rarr;<\/span><\/a><\/p>\n","protected":false},"author":1,"featured_media":0,"parent":0,"menu_order":0,"comment_status":"closed","ping_status":"closed","template":"","meta":{"footnotes":""},"_links":{"self":[{"href":"https:\/\/kylat.meitadev.fi\/taipalsaarenkylat\/wp-json\/wp\/v2\/pages\/48"}],"collection":[{"href":"https:\/\/kylat.meitadev.fi\/taipalsaarenkylat\/wp-json\/wp\/v2\/pages"}],"about":[{"href":"https:\/\/kylat.meitadev.fi\/taipalsaarenkylat\/wp-json\/wp\/v2\/types\/page"}],"author":[{"embeddable":true,"href":"https:\/\/kylat.meitadev.fi\/taipalsaarenkylat\/wp-json\/wp\/v2\/users\/1"}],"replies":[{"embeddable":true,"href":"https:\/\/kylat.meitadev.fi\/taipalsaarenkylat\/wp-json\/wp\/v2\/comments?post=48"}],"version-history":[{"count":1,"href":"https:\/\/kylat.meitadev.fi\/taipalsaarenkylat\/wp-json\/wp\/v2\/pages\/48\/revisions"}],"predecessor-version":[{"id":49,"href":"https:\/\/kylat.meitadev.fi\/taipalsaarenkylat\/wp-json\/wp\/v2\/pages\/48\/revisions\/49"}],"wp:attachment":[{"href":"https:\/\/kylat.meitadev.fi\/taipalsaarenkylat\/wp-json\/wp\/v2\/media?parent=48"}],"curies":[{"name":"wp","href":"https:\/\/api.w.org\/{rel}","templated":true}]}}