{"id":26,"date":"2011-11-10T10:00:08","date_gmt":"2011-11-10T10:00:08","guid":{"rendered":"https:\/\/kylat.meitadev.fi\/tapavainola\/?page_id=26"},"modified":"2011-11-10T10:00:08","modified_gmt":"2011-11-10T10:00:08","slug":"etusivu","status":"publish","type":"page","link":"https:\/\/kylat.meitadev.fi\/tapavainola\/","title":{"rendered":"Etusivu"},"content":{"rendered":"<p>KYL\u00c4KUNTA TAAJAMAN TUNTUMASSA<\/p>\n<p>Tapavainolan ja l\u00e4hikyl\u00e4t sijaitsevat valtatie 6 tuntumassa Lappeenrannan l\u00e4nsialueella. Maaseutumaisena s\u00e4ilyneet kyl\u00e4t, Lavola, Montola, Oikkola, Tapavainola ja Yllikk\u00e4l\u00e4, ovat muutosten edess\u00e4 liikennej\u00e4rjestelyjen, kaavoituksen ja uusien asukkaiden my\u00f6t\u00e4. Muutos on mahdollisuus ja samalla haaste my\u00f6s kyl\u00e4yhdistykselle ja kyl\u00e4toimijoille.<\/p>\n<p>Tervetuloa!<\/p>\n<p>Palvelun tarjoaa<br \/>\n<a href=\"http:\/\/www.ekarjala.fi\"><img loading=\"lazy\" decoding=\"async\" class=\"alignnone size-full wp-image-27\" src=\"https:\/\/kylat.meitadev.fi\/tapavainola\/wp-content\/uploads\/sites\/29\/2011\/11\/ekarjala.fi-kehystetty.gif\" alt=\"\" width=\"165\" height=\"80\" \/><\/a><\/p>\n","protected":false},"excerpt":{"rendered":"<p>KYL\u00c4KUNTA TAAJAMAN TUNTUMASSA Tapavainolan ja l\u00e4hikyl\u00e4t sijaitsevat valtatie 6 tuntumassa Lappeenrannan l\u00e4nsialueella. Maaseutumaisena s\u00e4ilyneet kyl\u00e4t, Lavola, Montola, Oikkola, Tapavainola ja Yllikk\u00e4l\u00e4, ovat muutosten edess\u00e4 liikennej\u00e4rjestelyjen, kaavoituksen ja uusien asukkaiden my\u00f6t\u00e4. Muutos on mahdollisuus ja samalla haaste my\u00f6s kyl\u00e4yhdistykselle ja kyl\u00e4toimijoille. &hellip; <a href=\"https:\/\/kylat.meitadev.fi\/tapavainola\/\">Lue loppuun <span class=\"meta-nav\">&rarr;<\/span><\/a><\/p>\n","protected":false},"author":55,"featured_media":0,"parent":0,"menu_order":0,"comment_status":"closed","ping_status":"open","template":"","meta":{"footnotes":""},"_links":{"self":[{"href":"https:\/\/kylat.meitadev.fi\/tapavainola\/wp-json\/wp\/v2\/pages\/26"}],"collection":[{"href":"https:\/\/kylat.meitadev.fi\/tapavainola\/wp-json\/wp\/v2\/pages"}],"about":[{"href":"https:\/\/kylat.meitadev.fi\/tapavainola\/wp-json\/wp\/v2\/types\/page"}],"author":[{"embeddable":true,"href":"https:\/\/kylat.meitadev.fi\/tapavainola\/wp-json\/wp\/v2\/users\/55"}],"replies":[{"embeddable":true,"href":"https:\/\/kylat.meitadev.fi\/tapavainola\/wp-json\/wp\/v2\/comments?post=26"}],"version-history":[{"count":2,"href":"https:\/\/kylat.meitadev.fi\/tapavainola\/wp-json\/wp\/v2\/pages\/26\/revisions"}],"predecessor-version":[{"id":147,"href":"https:\/\/kylat.meitadev.fi\/tapavainola\/wp-json\/wp\/v2\/pages\/26\/revisions\/147"}],"wp:attachment":[{"href":"https:\/\/kylat.meitadev.fi\/tapavainola\/wp-json\/wp\/v2\/media?parent=26"}],"curies":[{"name":"wp","href":"https:\/\/api.w.org\/{rel}","templated":true}]}}