{"id":31,"date":"2011-11-10T10:01:49","date_gmt":"2011-11-10T10:01:49","guid":{"rendered":"https:\/\/kylat.meitadev.fi\/tapavainola\/?page_id=31"},"modified":"2016-03-01T08:19:54","modified_gmt":"2016-03-01T08:19:54","slug":"lavola","status":"publish","type":"page","link":"https:\/\/kylat.meitadev.fi\/tapavainola\/kylat\/lavola\/","title":{"rendered":"Lavola"},"content":{"rendered":"<p>Lavola sijaitsee valtatie 6 ja Korkea-ahontien v\u00e4lisell\u00e4 alueella ravaradan ja lentokent\u00e4n v\u00e4litt\u00f6m\u00e4ss\u00e4 l\u00e4heisyydess\u00e4. Kyl\u00e4n uusi &#8221; sis\u00e4\u00e4ntulotie&#8221; liitt\u00e4\u00e4 kyl\u00e4n yh\u00e4 tiiviimmin kaava-alueeseen, teollisuuden ja yritystoiminnan vaikutuspiiriin. Kyl\u00e4\u00e4n on jo viime vuosina rakennettu useita uusia asuintaloja ja tulevaisuus n\u00e4ytt\u00e4\u00e4 silt\u00e4, ett\u00e4 Lavola perinteisen\u00e4 maalaiskyl\u00e4n\u00e4 on v\u00e4hitellen muuttamassa.<\/p>\n<p>Kyl\u00e4ss\u00e4 on parisenkymment\u00e4 &#8221;savua&#8221; ja asukkaita noin 50. Ik\u00e4jakauma painottuu keski-ik\u00e4isiin ja vanhempiin henkil\u00f6ihin, mutta toki nuorisoa ja alle kouluik\u00e4isi\u00e4kin kyl\u00e4nraitilla n\u00e4kee. P\u00e4\u00e4s\u00e4\u00e4nt\u00f6isesti ty\u00f6ik\u00e4isen kyl\u00e4l\u00e4iset k\u00e4yv\u00e4t tilan ja kodin ulkopuolella ty\u00f6ss\u00e4.<\/p>\n<p>Peltoviljelyn lis\u00e4ksi on karjaa ja hevosia parilla tilalla. \u00a0Yksi tila on erikoistunut perunantuotantoon ja sen jatkojalostukseen.<\/p>\n<p>Yritystoimintaa edustavat Kaivuuliike Saikko ja Wolkoff:n tila, joka myy polttopuita sek\u00e4 maa-aineksia.<\/p>\n<div id=\"attachment_34\" style=\"width: 275px\" class=\"wp-caption alignright\"><a href=\"https:\/\/kylat.meitadev.fi\/tapavainola\/wp-content\/uploads\/sites\/29\/2011\/11\/lavola1.jpg\"><img loading=\"lazy\" decoding=\"async\" aria-describedby=\"caption-attachment-34\" class=\"size-full wp-image-34 \" src=\"https:\/\/kylat.meitadev.fi\/tapavainola\/wp-content\/uploads\/sites\/29\/2011\/11\/lavola1.jpg\" alt=\"\" width=\"265\" height=\"199\" \/><\/a><p id=\"caption-attachment-34\" class=\"wp-caption-text\">Lavolan uusi &#8221;sis\u00e4\u00e4ntulo&#8221; uuden Lavolan tasoristeyksen kautta<\/p><\/div>\n","protected":false},"excerpt":{"rendered":"<p>Lavola sijaitsee valtatie 6 ja Korkea-ahontien v\u00e4lisell\u00e4 alueella ravaradan ja lentokent\u00e4n v\u00e4litt\u00f6m\u00e4ss\u00e4 l\u00e4heisyydess\u00e4. Kyl\u00e4n uusi &#8221; sis\u00e4\u00e4ntulotie&#8221; liitt\u00e4\u00e4 kyl\u00e4n yh\u00e4 tiiviimmin kaava-alueeseen, teollisuuden ja yritystoiminnan vaikutuspiiriin. Kyl\u00e4\u00e4n on jo viime vuosina rakennettu useita uusia asuintaloja ja tulevaisuus n\u00e4ytt\u00e4\u00e4 silt\u00e4, ett\u00e4 &hellip; <a href=\"https:\/\/kylat.meitadev.fi\/tapavainola\/kylat\/lavola\/\">Lue loppuun <span class=\"meta-nav\">&rarr;<\/span><\/a><\/p>\n","protected":false},"author":55,"featured_media":0,"parent":29,"menu_order":0,"comment_status":"closed","ping_status":"open","template":"","meta":{"footnotes":""},"_links":{"self":[{"href":"https:\/\/kylat.meitadev.fi\/tapavainola\/wp-json\/wp\/v2\/pages\/31"}],"collection":[{"href":"https:\/\/kylat.meitadev.fi\/tapavainola\/wp-json\/wp\/v2\/pages"}],"about":[{"href":"https:\/\/kylat.meitadev.fi\/tapavainola\/wp-json\/wp\/v2\/types\/page"}],"author":[{"embeddable":true,"href":"https:\/\/kylat.meitadev.fi\/tapavainola\/wp-json\/wp\/v2\/users\/55"}],"replies":[{"embeddable":true,"href":"https:\/\/kylat.meitadev.fi\/tapavainola\/wp-json\/wp\/v2\/comments?post=31"}],"version-history":[{"count":9,"href":"https:\/\/kylat.meitadev.fi\/tapavainola\/wp-json\/wp\/v2\/pages\/31\/revisions"}],"predecessor-version":[{"id":187,"href":"https:\/\/kylat.meitadev.fi\/tapavainola\/wp-json\/wp\/v2\/pages\/31\/revisions\/187"}],"up":[{"embeddable":true,"href":"https:\/\/kylat.meitadev.fi\/tapavainola\/wp-json\/wp\/v2\/pages\/29"}],"wp:attachment":[{"href":"https:\/\/kylat.meitadev.fi\/tapavainola\/wp-json\/wp\/v2\/media?parent=31"}],"curies":[{"name":"wp","href":"https:\/\/api.w.org\/{rel}","templated":true}]}}