{"id":46,"date":"2011-11-10T10:08:21","date_gmt":"2011-11-10T10:08:21","guid":{"rendered":"https:\/\/kylat.meitadev.fi\/tapavainola\/?page_id=46"},"modified":"2015-08-28T16:45:31","modified_gmt":"2015-08-28T16:45:31","slug":"yllikkala","status":"publish","type":"page","link":"https:\/\/kylat.meitadev.fi\/tapavainola\/kylat\/yllikkala\/","title":{"rendered":"Yllikk\u00e4l\u00e4"},"content":{"rendered":"<p>Yllikk\u00e4l\u00e4nraitti halkoo Yllikk\u00e4l\u00e4n peltoaukeaa. Hyvinhoidettu kyl\u00e4 on perinteist\u00e4 ja vahvaa maaseutua. Kyl\u00e4ll\u00e4 toimii edelleen kaksi maitotilaa, muutoin tuotanto painottuu kasvinviljelyyn.<br \/>\nViljelytoiminnan ohella toimeentuloa saadaan k\u00e4ym\u00e4ll\u00e4 t\u00f6iss\u00e4 taajamassa ja mm. koneurakoinnilla.<\/p>\n<p>Yllikk\u00e4l\u00e4ss\u00e4 kuten sen naapurikyliss\u00e4kin uudet tiej\u00e4rjestelyt helpottivat ja nopeuttivat liikkumista.<br \/>\nMaantieliikenteen turvallisuus parani, kun rautatien ja VT 6:n alukulkutunnelit otettiin k\u00e4ytt\u00f6\u00f6n VT 6 remontin yhtydess\u00e4.<\/p>\n<p>Yllikk\u00e4l\u00e4ss\u00e4 asutaan maaseudulla, l\u00e4hell\u00e4 palveluita ja katsotaan onko asutuksen laajeneminen valtatie 6 etel\u00e4puolelle mahdollista &#8211; tai edes toivottavaa.<\/p>\n","protected":false},"excerpt":{"rendered":"<p>Yllikk\u00e4l\u00e4nraitti halkoo Yllikk\u00e4l\u00e4n peltoaukeaa. Hyvinhoidettu kyl\u00e4 on perinteist\u00e4 ja vahvaa maaseutua. Kyl\u00e4ll\u00e4 toimii edelleen kaksi maitotilaa, muutoin tuotanto painottuu kasvinviljelyyn. Viljelytoiminnan ohella toimeentuloa saadaan k\u00e4ym\u00e4ll\u00e4 t\u00f6iss\u00e4 taajamassa ja mm. koneurakoinnilla. Yllikk\u00e4l\u00e4ss\u00e4 kuten sen naapurikyliss\u00e4kin uudet tiej\u00e4rjestelyt helpottivat ja nopeuttivat liikkumista. &hellip; <a href=\"https:\/\/kylat.meitadev.fi\/tapavainola\/kylat\/yllikkala\/\">Lue loppuun <span class=\"meta-nav\">&rarr;<\/span><\/a><\/p>\n","protected":false},"author":55,"featured_media":0,"parent":29,"menu_order":0,"comment_status":"closed","ping_status":"open","template":"","meta":{"footnotes":""},"_links":{"self":[{"href":"https:\/\/kylat.meitadev.fi\/tapavainola\/wp-json\/wp\/v2\/pages\/46"}],"collection":[{"href":"https:\/\/kylat.meitadev.fi\/tapavainola\/wp-json\/wp\/v2\/pages"}],"about":[{"href":"https:\/\/kylat.meitadev.fi\/tapavainola\/wp-json\/wp\/v2\/types\/page"}],"author":[{"embeddable":true,"href":"https:\/\/kylat.meitadev.fi\/tapavainola\/wp-json\/wp\/v2\/users\/55"}],"replies":[{"embeddable":true,"href":"https:\/\/kylat.meitadev.fi\/tapavainola\/wp-json\/wp\/v2\/comments?post=46"}],"version-history":[{"count":5,"href":"https:\/\/kylat.meitadev.fi\/tapavainola\/wp-json\/wp\/v2\/pages\/46\/revisions"}],"predecessor-version":[{"id":179,"href":"https:\/\/kylat.meitadev.fi\/tapavainola\/wp-json\/wp\/v2\/pages\/46\/revisions\/179"}],"up":[{"embeddable":true,"href":"https:\/\/kylat.meitadev.fi\/tapavainola\/wp-json\/wp\/v2\/pages\/29"}],"wp:attachment":[{"href":"https:\/\/kylat.meitadev.fi\/tapavainola\/wp-json\/wp\/v2\/media?parent=46"}],"curies":[{"name":"wp","href":"https:\/\/api.w.org\/{rel}","templated":true}]}}