{"id":62,"date":"2011-11-10T10:13:25","date_gmt":"2011-11-10T10:13:25","guid":{"rendered":"https:\/\/kylat.meitadev.fi\/tapavainola\/?page_id=62"},"modified":"2011-11-10T10:13:25","modified_gmt":"2011-11-10T10:13:25","slug":"kalastuskunta","status":"publish","type":"page","link":"https:\/\/kylat.meitadev.fi\/tapavainola\/yhdistykset\/kalastuskunta\/","title":{"rendered":"Kalastuskunta"},"content":{"rendered":"<p>Lavolan kalastuskunnalla on vesialueita Heposalon, Sikosalon ja muutamien pienempien saarten ymp\u00e4rill\u00e4 Pien-Saimaan vesist\u00f6alueella.<\/p>\n<p>Kalastuskunnan toiminta on normaalia kalastukseen, kalaston hoitoon ja pyyntiin liityv\u00e4\u00e4 toimintaa.<\/p>\n","protected":false},"excerpt":{"rendered":"<p>Lavolan kalastuskunnalla on vesialueita Heposalon, Sikosalon ja muutamien pienempien saarten ymp\u00e4rill\u00e4 Pien-Saimaan vesist\u00f6alueella. Kalastuskunnan toiminta on normaalia kalastukseen, kalaston hoitoon ja pyyntiin liityv\u00e4\u00e4 toimintaa.<\/p>\n","protected":false},"author":55,"featured_media":0,"parent":48,"menu_order":0,"comment_status":"closed","ping_status":"open","template":"","meta":{"footnotes":""},"_links":{"self":[{"href":"https:\/\/kylat.meitadev.fi\/tapavainola\/wp-json\/wp\/v2\/pages\/62"}],"collection":[{"href":"https:\/\/kylat.meitadev.fi\/tapavainola\/wp-json\/wp\/v2\/pages"}],"about":[{"href":"https:\/\/kylat.meitadev.fi\/tapavainola\/wp-json\/wp\/v2\/types\/page"}],"author":[{"embeddable":true,"href":"https:\/\/kylat.meitadev.fi\/tapavainola\/wp-json\/wp\/v2\/users\/55"}],"replies":[{"embeddable":true,"href":"https:\/\/kylat.meitadev.fi\/tapavainola\/wp-json\/wp\/v2\/comments?post=62"}],"version-history":[{"count":1,"href":"https:\/\/kylat.meitadev.fi\/tapavainola\/wp-json\/wp\/v2\/pages\/62\/revisions"}],"predecessor-version":[{"id":63,"href":"https:\/\/kylat.meitadev.fi\/tapavainola\/wp-json\/wp\/v2\/pages\/62\/revisions\/63"}],"up":[{"embeddable":true,"href":"https:\/\/kylat.meitadev.fi\/tapavainola\/wp-json\/wp\/v2\/pages\/48"}],"wp:attachment":[{"href":"https:\/\/kylat.meitadev.fi\/tapavainola\/wp-json\/wp\/v2\/media?parent=62"}],"curies":[{"name":"wp","href":"https:\/\/api.w.org\/{rel}","templated":true}]}}