{"id":64,"date":"2011-11-10T10:13:46","date_gmt":"2011-11-10T10:13:46","guid":{"rendered":"https:\/\/kylat.meitadev.fi\/tapavainola\/?page_id=64"},"modified":"2013-02-21T12:44:34","modified_gmt":"2013-02-21T12:44:34","slug":"tiehoitokunnat","status":"publish","type":"page","link":"https:\/\/kylat.meitadev.fi\/tapavainola\/yhdistykset\/tiehoitokunnat\/","title":{"rendered":"Tiehoitokunnat"},"content":{"rendered":"<p>Tapavainolassa ja l\u00e4hikyliss\u00e4 toimi usempi pienehk\u00f6 tiehoitokunta, mm. Lavolan, Montolan ja Haapalantien tiehoitokunnat. Vuoden 2013 alusta tiekunnat on yhdistetty yhdeksi isommaksi kokonaisuudeksi, jolloin hoito\u00a0ja hallinnointi tehostuu ja helpottuu.<\/p>\n","protected":false},"excerpt":{"rendered":"<p>Tapavainolassa ja l\u00e4hikyliss\u00e4 toimi usempi pienehk\u00f6 tiehoitokunta, mm. Lavolan, Montolan ja Haapalantien tiehoitokunnat. Vuoden 2013 alusta tiekunnat on yhdistetty yhdeksi isommaksi kokonaisuudeksi, jolloin hoito\u00a0ja hallinnointi tehostuu ja helpottuu.<\/p>\n","protected":false},"author":55,"featured_media":0,"parent":48,"menu_order":0,"comment_status":"closed","ping_status":"open","template":"","meta":{"footnotes":""},"_links":{"self":[{"href":"https:\/\/kylat.meitadev.fi\/tapavainola\/wp-json\/wp\/v2\/pages\/64"}],"collection":[{"href":"https:\/\/kylat.meitadev.fi\/tapavainola\/wp-json\/wp\/v2\/pages"}],"about":[{"href":"https:\/\/kylat.meitadev.fi\/tapavainola\/wp-json\/wp\/v2\/types\/page"}],"author":[{"embeddable":true,"href":"https:\/\/kylat.meitadev.fi\/tapavainola\/wp-json\/wp\/v2\/users\/55"}],"replies":[{"embeddable":true,"href":"https:\/\/kylat.meitadev.fi\/tapavainola\/wp-json\/wp\/v2\/comments?post=64"}],"version-history":[{"count":3,"href":"https:\/\/kylat.meitadev.fi\/tapavainola\/wp-json\/wp\/v2\/pages\/64\/revisions"}],"predecessor-version":[{"id":135,"href":"https:\/\/kylat.meitadev.fi\/tapavainola\/wp-json\/wp\/v2\/pages\/64\/revisions\/135"}],"up":[{"embeddable":true,"href":"https:\/\/kylat.meitadev.fi\/tapavainola\/wp-json\/wp\/v2\/pages\/48"}],"wp:attachment":[{"href":"https:\/\/kylat.meitadev.fi\/tapavainola\/wp-json\/wp\/v2\/media?parent=64"}],"curies":[{"name":"wp","href":"https:\/\/api.w.org\/{rel}","templated":true}]}}