{"id":66,"date":"2011-11-10T10:14:57","date_gmt":"2011-11-10T10:14:57","guid":{"rendered":"https:\/\/kylat.meitadev.fi\/tapavainola\/?page_id=66"},"modified":"2018-05-18T07:41:44","modified_gmt":"2018-05-18T07:41:44","slug":"kylatalo","status":"publish","type":"page","link":"https:\/\/kylat.meitadev.fi\/tapavainola\/kylatalo\/","title":{"rendered":"Kyl\u00e4talo"},"content":{"rendered":"<p>Tapavainolan seurojentaloa hallinnoin nykyisin Tapavainolan ja l\u00e4hikylien kyl\u00e4yhdistys, jolle talo-osuuskunta lahjoitti tontin ja rakennuksen vuonna 2006.<br \/>\nL\u00e4hes 100 vuotta vanha ja perinteik\u00e4s seurojentalo Myllyntie 44:ss\u00e4 on kes\u00e4kuun lopussa vuonna 2008 otettu uusittuna ja peruskorjattuna k\u00e4ytt\u00f6\u00f6n. Remonttihanke toteutettiin POMO-rahoituksella 1.1.2007-30.6.2008 v\u00e4lisen\u00e4 aikana. Remontti toteutettiin vanhaa kunnioittaen. Siten onnistuttiin s\u00e4ilytt\u00e4m\u00e4\u00e4n talon tunnelma, joka vieh\u00e4tt\u00e4\u00e4 k\u00e4vij\u00f6it\u00e4.<\/p>\n<p>Jatkohankeelle &#8211; Kotipes\u00e4 paremmaksi &#8211; saatiin Leader-rahoitusta. Hankkeen aikana tehtiin sis\u00e4tiloissa parennuksia mm. salin lattian lakkausta, n\u00e4ytt\u00f6m\u00f6n kunnostusta ja lis\u00e4valaistusta. My\u00f6s l\u00e4mmitysj\u00e4rjestelm\u00e4\u00e4 uusitttiin.<\/p>\n<p>Seurojentalo tarjoaa ihanteelliset puitteet perhejuhlien j\u00e4rjest\u00e4miseen, sopii kokous- ja koulutustilaksi ja harrastusryhmien kotipes\u00e4ksi.<\/p>\n<p>Seurojentalon pihapiiriss\u00e4 sijaitsee my\u00f6s Er\u00e4miesten kota, jossa voi pit\u00e4\u00e4 makkarailtoja tai kokoontua ulkoilutapahtumaan. Erikseen vuokrattavissa my\u00f6s suurehko teltta.<br \/>\n<a href=\"https:\/\/kylat.meitadev.fi\/tapavainola\/wp-content\/uploads\/sites\/29\/2011\/11\/Tapavainolan-mainos-2011.pdf\">Seurojentalon info<\/a><\/p>\n<p>Talon varauksia ottaa vastaan Arja Lankinen 050 545 5548<\/p>\n","protected":false},"excerpt":{"rendered":"<p>Tapavainolan seurojentaloa hallinnoin nykyisin Tapavainolan ja l\u00e4hikylien kyl\u00e4yhdistys, jolle talo-osuuskunta lahjoitti tontin ja rakennuksen vuonna 2006. L\u00e4hes 100 vuotta vanha ja perinteik\u00e4s seurojentalo Myllyntie 44:ss\u00e4 on kes\u00e4kuun lopussa vuonna 2008 otettu uusittuna ja peruskorjattuna k\u00e4ytt\u00f6\u00f6n. Remonttihanke toteutettiin POMO-rahoituksella 1.1.2007-30.6.2008 v\u00e4lisen\u00e4 &hellip; <a href=\"https:\/\/kylat.meitadev.fi\/tapavainola\/kylatalo\/\">Lue loppuun <span class=\"meta-nav\">&rarr;<\/span><\/a><\/p>\n","protected":false},"author":55,"featured_media":0,"parent":0,"menu_order":0,"comment_status":"closed","ping_status":"open","template":"","meta":{"footnotes":""},"_links":{"self":[{"href":"https:\/\/kylat.meitadev.fi\/tapavainola\/wp-json\/wp\/v2\/pages\/66"}],"collection":[{"href":"https:\/\/kylat.meitadev.fi\/tapavainola\/wp-json\/wp\/v2\/pages"}],"about":[{"href":"https:\/\/kylat.meitadev.fi\/tapavainola\/wp-json\/wp\/v2\/types\/page"}],"author":[{"embeddable":true,"href":"https:\/\/kylat.meitadev.fi\/tapavainola\/wp-json\/wp\/v2\/users\/55"}],"replies":[{"embeddable":true,"href":"https:\/\/kylat.meitadev.fi\/tapavainola\/wp-json\/wp\/v2\/comments?post=66"}],"version-history":[{"count":10,"href":"https:\/\/kylat.meitadev.fi\/tapavainola\/wp-json\/wp\/v2\/pages\/66\/revisions"}],"predecessor-version":[{"id":265,"href":"https:\/\/kylat.meitadev.fi\/tapavainola\/wp-json\/wp\/v2\/pages\/66\/revisions\/265"}],"wp:attachment":[{"href":"https:\/\/kylat.meitadev.fi\/tapavainola\/wp-json\/wp\/v2\/media?parent=66"}],"curies":[{"name":"wp","href":"https:\/\/api.w.org\/{rel}","templated":true}]}}