{"id":281,"date":"2019-09-06T13:05:31","date_gmt":"2019-09-06T13:05:31","guid":{"rendered":"https:\/\/kylat.meitadev.fi\/tarkkola\/?page_id=281"},"modified":"2021-12-01T15:16:41","modified_gmt":"2021-12-01T15:16:41","slug":"tarkkolan-kylatalo","status":"publish","type":"page","link":"https:\/\/kylat.meitadev.fi\/tarkkola\/tarkkolan-kylatalo\/","title":{"rendered":"Tarkkolan kyl\u00e4talo"},"content":{"rendered":"\n<p>Kyl\u00e4yhdistys otti ison askeleen huhtikuussa 2019, kun ostimme Ruokolahden kunnalta vuonna 1913 rakennetun Tarkkolan vanhan kyl\u00e4koulun yhdistyksen omistukseen kyl\u00e4taloksi. Kyl\u00e4talon kiinteist\u00f6n ja piha-alueen laaja kunnostushanke k\u00e4ynnistyy syksyn aikana. Hankkeelle on haettu Manner-Suomen maaseudun kehitt\u00e4misrahaston investointitukea. Hankkeessa tarvitaan mittavaa talkooty\u00f6panosta &#8211; olet tervetullut mukaan reippaaseen ja innostuneeseen joukkoomme! Hankkeen toimenpiteist\u00e4 ja talkooty\u00f6st\u00e4 tiedotetaan n\u00e4ill\u00e4 nettisivuillamme ja paikallislehden seurapalstalla.<\/p>\n\n\n\n<p><strong>Tarkkolan kyl\u00e4talo 2020-luvulle -hanke 1.9.2019-31.12.2021<\/strong><\/p>\n\n\n\n<h4 class=\"wp-block-heading\">Vuonna 1913 valmistuneen Tarkkolan entisen kyl\u00e4koulun toiminta kouluna on lakannut vuonna 1999. Siit\u00e4 l\u00e4htien kiinteist\u00f6 on toiminut kunnan yll\u00e4pit\u00e4m\u00e4n\u00e4 kyl\u00e4talona, kunnes Tarkkolan Seudun Kyl\u00e4t ry osti sen 15.4.2019 Ruokolahden kunnalta jatkaakseen sen toimintaa kyl\u00e4talona.<\/h4>\n\n\n\n<h4 class=\"wp-block-heading\">Hankkeessa uudistetaan p\u00e4\u00e4rakennuksen l\u00e4mmitysj\u00e4rjestelm\u00e4 purkamalla \u00f6ljyl\u00e4mmityksen ja vesipatteriverkoston rakenteet ja varustamalla p\u00e4\u00e4rakennus ilmal\u00e4mp\u00f6pumpuilla ja niiden toimintaa t\u00e4ydent\u00e4vill\u00e4 s\u00e4hk\u00f6pattereilla. L\u00e4mmitysj\u00e4rjestelm\u00e4n uudistaminen edellytt\u00e4\u00e4 kiinteist\u00f6n rakenteiden muuttamista l\u00e4mm\u00f6n kierron kannalta taloudelliseksi ja samalla uusitaan kiinteist\u00f6n ulko-ovet, kunnostetaan ulkoverhous tarvittavilta osin ja kunnostetaan sis\u00e4puolen sein\u00e4pinnat, lattiat ja saniteettitilat. Paikoitusalue ja pihasauna kunnostetaan ja rakennetaan saunan yhteyteen patio ja grillipaikka sek\u00e4 j\u00e4tekatos ja puuvarasto. Lis\u00e4ksi rakennetaan kulkuyhteys kiinteist\u00f6\u00f6n kuuluvalta urheilukent\u00e4lt\u00e4\/j\u00e4\u00e4kaukalolta kyl\u00e4talon pihalle.<\/h4>\n\n\n\n<h4 class=\"wp-block-heading\">Hanke liittyy Manner-Suomen maaseudun kehitt\u00e4misohjelmaan ja sen toteuttamiseen haetaan EU:n maaseuturahaston osarahoitusta.<\/h4>\n\n\n\n<h4 class=\"wp-block-heading\">Hankkeen tavoitteet<\/h4>\n\n\n\n<ul><li>\u00a0Viihtyis\u00e4, toimiva ja edullisesti yll\u00e4pidett\u00e4v\u00e4 Tarkkolan kyl\u00e4talo, jossa on monenlaisia toimintamahdollisuuksia.<\/li><li>Tarkkolan kyl\u00e4talolla tapahtuu paljon ja usein. Kyl\u00e4talo vet\u00e4\u00e4 puoleensa kylien vakinaisia asukkaita ett\u00e4 kes\u00e4asukkaita sek\u00e4 yhdistyksi\u00e4 ja yhteis\u00f6j\u00e4 j\u00e4rjest\u00e4m\u00e4\u00e4n tapahtumia ja s\u00e4\u00e4nn\u00f6llist\u00e4kin toimintaa.<\/li><li>Kunnostettu kyl\u00e4talo ja sen pihapiiri ovat ilo silm\u00e4lle maalaismaisemassa.<\/li><\/ul>\n\n\n\n<h3 class=\"wp-block-heading\"><strong>Kyl\u00e4talohanke etenee! Katso kuvasarjat ja innostu!<\/strong><\/h3>\n\n\n\n<div class=\"wp-block-file\"><a href=\"https:\/\/kylat.meitadev.fi\/tarkkola\/wp-content\/uploads\/sites\/33\/2020\/12\/Tarkkolan-kylatalon-kunnostus-2020-luvulle-diasarja-1.pdf\">Tarkkolan-kylatalon-kunnostus-2020-luvulle-diasarja<\/a><a href=\"https:\/\/kylat.meitadev.fi\/tarkkola\/wp-content\/uploads\/sites\/33\/2020\/12\/Tarkkolan-kylatalon-kunnostus-2020-luvulle-diasarja-1.pdf\" class=\"wp-block-file__button\" download>Lataa<\/a><\/div>\n\n\n\n<div class=\"wp-block-file\"><a href=\"https:\/\/kylat.meitadev.fi\/tarkkola\/wp-content\/uploads\/sites\/33\/2020\/12\/Tarkkolan-kylatalon-kunnostus-2020-luvulle-diasarja-alkuvuosi-2020-1.pdf\">Tarkkolan-kylatalon-kunnostus-2020-luvulle-diasarja-alkuvuosi-2020-1<\/a><a href=\"https:\/\/kylat.meitadev.fi\/tarkkola\/wp-content\/uploads\/sites\/33\/2020\/12\/Tarkkolan-kylatalon-kunnostus-2020-luvulle-diasarja-alkuvuosi-2020-1.pdf\" class=\"wp-block-file__button\" download>Lataa<\/a><\/div>\n\n\n\n<div class=\"wp-block-file\"><a href=\"https:\/\/kylat.meitadev.fi\/tarkkola\/wp-content\/uploads\/sites\/33\/2020\/12\/Tarkkolan-kylatalon-kunnostus-2020-luvulle-diasarja-kesa-lokakuu-2020-1.pdf\">Tarkkolan-kylatalon-kunnostus-2020-luvulle-diasarja-kesa-lokakuu-2020-1<\/a><a href=\"https:\/\/kylat.meitadev.fi\/tarkkola\/wp-content\/uploads\/sites\/33\/2020\/12\/Tarkkolan-kylatalon-kunnostus-2020-luvulle-diasarja-kesa-lokakuu-2020-1.pdf\" class=\"wp-block-file__button\" download>Lataa<\/a><\/div>\n\n\n\n<p>Tarkkolantie 268, 56610 Rautj\u00e4rvi<\/p>\n\n\n\n<p>Tilat:<\/p>\n\n\n\n<ul><li>1.kerroksessa keitti\u00f6 ja ruokailutila noin 20 hengelle,<\/li><li>1.kerroksessa luokkatila noin 56 m2<\/li><li>1. kerroksessa kuntosalitila noin&nbsp; 40 m2<\/li><li>2. kerroksessa luokkatila\/puuty\u00f6luokka noin 30 m2<\/li><li>pihasauna<\/li><li>Tiedustelut: tarkkolanseudunkylatry@gmail.com; Annaleena Rita p. 0443256105<\/li><li>Tilojen varaukset: Jorma Koskinen, p. 0400 153 182<\/li><\/ul>\n\n\n\n<h3 class=\"wp-block-heading\">Kyl\u00e4talotoimikunta<\/h3>\n\n\n\n<p>Kyl\u00e4talotoimikunnassa toimivat kyl\u00e4yhdistyksen, Tarkkolan marttojen, Ruokolahden Rajun Tarkkolan kyl\u00e4osaston ja mets\u00e4stysseura Kaiturin Er\u00e4n edustajat. Toimikunta ohjaa kyl\u00e4talon yll\u00e4pitoon ja kunnostukseen liittyv\u00e4\u00e4 talkooty\u00f6t\u00e4.<\/p>\n\n\n\n<p>J\u00e4senet:<\/p>\n\n\n\n<p>Martti Asikainen&nbsp; Tarkkolan seudun kyl\u00e4t ry<\/p>\n\n\n\n<p>Heli Koskinen&nbsp; &nbsp; &nbsp; &nbsp; Tarkkolan martat ry<\/p>\n\n\n\n<p>Jukka Vento&nbsp; &nbsp; &nbsp; &nbsp; &nbsp; &nbsp; Ruokolahden Rajun Tarkkolan kyl\u00e4osasto<\/p>\n\n\n\n<p>Ari Kostiainen&nbsp; &nbsp; &nbsp; &nbsp; Mets\u00e4stysseura Kaiturin Er\u00e4<\/p>\n\n\n\n<p>Tuija Repo&nbsp; &nbsp; &nbsp; &nbsp; &nbsp; &nbsp; &nbsp; &nbsp;Tarkkolan seudun kyl\u00e4t ry<\/p>\n\n\n\n<p>Mikko Repo&nbsp; &nbsp; &nbsp; &nbsp; &nbsp; &nbsp; &nbsp;Tarkkolan seudun kyl\u00e4t ry<\/p>\n\n\n\n<p>Esko Hirvikoski&nbsp; &nbsp; &nbsp; &nbsp;Tarkkolan seudun kyl\u00e4t ry<\/p>\n\n\n\n<p>Annaleena Rita&nbsp; &nbsp; &nbsp; &nbsp; Tarkkolan seudun kyl\u00e4t ry<\/p>\n","protected":false},"excerpt":{"rendered":"<p>Kyl\u00e4yhdistys otti ison askeleen huhtikuussa 2019, kun ostimme Ruokolahden kunnalta vuonna 1913 rakennetun Tarkkolan vanhan kyl\u00e4koulun yhdistyksen omistukseen kyl\u00e4taloksi. Kyl\u00e4talon kiinteist\u00f6n ja piha-alueen laaja kunnostushanke k\u00e4ynnistyy syksyn aikana. Hankkeelle on haettu Manner-Suomen maaseudun kehitt\u00e4misrahaston investointitukea. Hankkeessa tarvitaan mittavaa talkooty\u00f6panosta &#8211; &hellip; <a href=\"https:\/\/kylat.meitadev.fi\/tarkkola\/tarkkolan-kylatalo\/\">Lue loppuun <span class=\"meta-nav\">&rarr;<\/span><\/a><\/p>\n","protected":false},"author":177,"featured_media":277,"parent":0,"menu_order":2,"comment_status":"closed","ping_status":"closed","template":"onecolumn-page.php","meta":{"footnotes":""},"_links":{"self":[{"href":"https:\/\/kylat.meitadev.fi\/tarkkola\/wp-json\/wp\/v2\/pages\/281"}],"collection":[{"href":"https:\/\/kylat.meitadev.fi\/tarkkola\/wp-json\/wp\/v2\/pages"}],"about":[{"href":"https:\/\/kylat.meitadev.fi\/tarkkola\/wp-json\/wp\/v2\/types\/page"}],"author":[{"embeddable":true,"href":"https:\/\/kylat.meitadev.fi\/tarkkola\/wp-json\/wp\/v2\/users\/177"}],"replies":[{"embeddable":true,"href":"https:\/\/kylat.meitadev.fi\/tarkkola\/wp-json\/wp\/v2\/comments?post=281"}],"version-history":[{"count":13,"href":"https:\/\/kylat.meitadev.fi\/tarkkola\/wp-json\/wp\/v2\/pages\/281\/revisions"}],"predecessor-version":[{"id":520,"href":"https:\/\/kylat.meitadev.fi\/tarkkola\/wp-json\/wp\/v2\/pages\/281\/revisions\/520"}],"wp:featuredmedia":[{"embeddable":true,"href":"https:\/\/kylat.meitadev.fi\/tarkkola\/wp-json\/wp\/v2\/media\/277"}],"wp:attachment":[{"href":"https:\/\/kylat.meitadev.fi\/tarkkola\/wp-json\/wp\/v2\/media?parent=281"}],"curies":[{"name":"wp","href":"https:\/\/api.w.org\/{rel}","templated":true}]}}