{"id":284,"date":"2019-09-06T13:06:15","date_gmt":"2019-09-06T13:06:15","guid":{"rendered":"https:\/\/kylat.meitadev.fi\/tarkkola\/?page_id=284"},"modified":"2020-03-24T16:53:43","modified_gmt":"2020-03-24T16:53:43","slug":"hikipaan-vintti","status":"publish","type":"page","link":"https:\/\/kylat.meitadev.fi\/tarkkola\/hikipaan-vintti\/","title":{"rendered":"Hikip\u00e4\u00e4n vintti"},"content":{"rendered":"<p><span style=\"float: none;background-color: transparent;color: #444444;font-family: Georgia,'Bitstream Charter',serif;font-size: 16px;font-style: normal;font-variant: normal;font-weight: 400;letter-spacing: normal;line-height: 24px;text-align: left;text-decoration: none;text-indent: 0px\">Osoite: Vaahteruksentie 299, 56610 Rautj\u00e4rvi<\/span><\/p>\n<p>Hikip\u00e4\u00e4n vintti on maalaistalon pihapiiriss\u00e4 oleva vanha navettarakennus, jonka vintille on rakennettu kes\u00e4teatterin esiintymis- ja takatilat sek\u00e4 katsomotilat 180 henkil\u00f6lle.<\/p>\n<p>Erillisess\u00e4 ulkorakennuksessa on kahviotila ja pystybaari. Lis\u00e4ksi pihapiiriss\u00e4 on pihasauna, kaivo ja ulkohuussit.<\/p>\n<p>Tarkkolan Seudun Kyl\u00e4t ry ja Tarkkolan martat ry ovat tehneet Hikip\u00e4\u00e4n vintist\u00e4 yhteisen vuokrasopimuksen kiinteist\u00f6n omistajan kanssa. Vuokrasopimus on voimassa vuoden 2020 loppuun asti.<\/p>\n<p>&nbsp;<\/p>\n","protected":false},"excerpt":{"rendered":"<p>Osoite: Vaahteruksentie 299, 56610 Rautj\u00e4rvi Hikip\u00e4\u00e4n vintti on maalaistalon pihapiiriss\u00e4 oleva vanha navettarakennus, jonka vintille on rakennettu kes\u00e4teatterin esiintymis- ja takatilat sek\u00e4 katsomotilat 180 henkil\u00f6lle. Erillisess\u00e4 ulkorakennuksessa on kahviotila ja pystybaari. Lis\u00e4ksi pihapiiriss\u00e4 on pihasauna, kaivo ja ulkohuussit. Tarkkolan Seudun &hellip; <a href=\"https:\/\/kylat.meitadev.fi\/tarkkola\/hikipaan-vintti\/\">Lue loppuun <span class=\"meta-nav\">&rarr;<\/span><\/a><\/p>\n","protected":false},"author":177,"featured_media":0,"parent":0,"menu_order":4,"comment_status":"closed","ping_status":"closed","template":"onecolumn-page.php","meta":{"footnotes":""},"_links":{"self":[{"href":"https:\/\/kylat.meitadev.fi\/tarkkola\/wp-json\/wp\/v2\/pages\/284"}],"collection":[{"href":"https:\/\/kylat.meitadev.fi\/tarkkola\/wp-json\/wp\/v2\/pages"}],"about":[{"href":"https:\/\/kylat.meitadev.fi\/tarkkola\/wp-json\/wp\/v2\/types\/page"}],"author":[{"embeddable":true,"href":"https:\/\/kylat.meitadev.fi\/tarkkola\/wp-json\/wp\/v2\/users\/177"}],"replies":[{"embeddable":true,"href":"https:\/\/kylat.meitadev.fi\/tarkkola\/wp-json\/wp\/v2\/comments?post=284"}],"version-history":[{"count":6,"href":"https:\/\/kylat.meitadev.fi\/tarkkola\/wp-json\/wp\/v2\/pages\/284\/revisions"}],"predecessor-version":[{"id":456,"href":"https:\/\/kylat.meitadev.fi\/tarkkola\/wp-json\/wp\/v2\/pages\/284\/revisions\/456"}],"wp:attachment":[{"href":"https:\/\/kylat.meitadev.fi\/tarkkola\/wp-json\/wp\/v2\/media?parent=284"}],"curies":[{"name":"wp","href":"https:\/\/api.w.org\/{rel}","templated":true}]}}