{"id":286,"date":"2019-09-06T13:07:01","date_gmt":"2019-09-06T13:07:01","guid":{"rendered":"https:\/\/kylat.meitadev.fi\/tarkkola\/?page_id=286"},"modified":"2019-09-07T08:13:58","modified_gmt":"2019-09-07T08:13:58","slug":"tarkkolan-harrastajateatteri","status":"publish","type":"page","link":"https:\/\/kylat.meitadev.fi\/tarkkola\/tarkkolan-harrastajateatteri\/","title":{"rendered":"Tarkkolan harrastajateatteri"},"content":{"rendered":"<p>Tarkkolan nuorisoseura j\u00e4rjesti vuodesta 1984 l\u00e4htien kes\u00e4juhlan ja my\u00f6hemmin kes\u00e4teatteriesityksi\u00e4 Hikip\u00e4\u00e4n vintill\u00e4. Nuorisoseuran lopetettua toimintansa vuonna 2017 on harrastajateatteritoimintaa jatkettu Tarkkolan Seudun Kyl\u00e4t ry:n harrastajateatterina, esityspaikkana edelleen Hikip\u00e4\u00e4n vintti.<\/p>\n<p>Harrastajateatteri on valmistanut viime vuosina kes\u00e4teatterin\u00e4ytelm\u00e4n joka toinen vuosi. N\u00e4ytelm\u00e4\u00e4 on esitetty 9 n\u00e4yt\u00f6ksess\u00e4 hein\u00e4-elokuun vaihteessa.<\/p>\n<p>2017: Aina oon velje\u00e4 toivonut \/ohjaus Pekka Maaranen<\/p>\n<p>2019: Rollaattorikapina \/ ohjaus Pirjo Tiippana<\/p>\n","protected":false},"excerpt":{"rendered":"<p>Tarkkolan nuorisoseura j\u00e4rjesti vuodesta 1984 l\u00e4htien kes\u00e4juhlan ja my\u00f6hemmin kes\u00e4teatteriesityksi\u00e4 Hikip\u00e4\u00e4n vintill\u00e4. Nuorisoseuran lopetettua toimintansa vuonna 2017 on harrastajateatteritoimintaa jatkettu Tarkkolan Seudun Kyl\u00e4t ry:n harrastajateatterina, esityspaikkana edelleen Hikip\u00e4\u00e4n vintti. Harrastajateatteri on valmistanut viime vuosina kes\u00e4teatterin\u00e4ytelm\u00e4n joka toinen vuosi. N\u00e4ytelm\u00e4\u00e4 on &hellip; <a href=\"https:\/\/kylat.meitadev.fi\/tarkkola\/tarkkolan-harrastajateatteri\/\">Lue loppuun <span class=\"meta-nav\">&rarr;<\/span><\/a><\/p>\n","protected":false},"author":177,"featured_media":325,"parent":0,"menu_order":3,"comment_status":"closed","ping_status":"closed","template":"onecolumn-page.php","meta":{"footnotes":""},"_links":{"self":[{"href":"https:\/\/kylat.meitadev.fi\/tarkkola\/wp-json\/wp\/v2\/pages\/286"}],"collection":[{"href":"https:\/\/kylat.meitadev.fi\/tarkkola\/wp-json\/wp\/v2\/pages"}],"about":[{"href":"https:\/\/kylat.meitadev.fi\/tarkkola\/wp-json\/wp\/v2\/types\/page"}],"author":[{"embeddable":true,"href":"https:\/\/kylat.meitadev.fi\/tarkkola\/wp-json\/wp\/v2\/users\/177"}],"replies":[{"embeddable":true,"href":"https:\/\/kylat.meitadev.fi\/tarkkola\/wp-json\/wp\/v2\/comments?post=286"}],"version-history":[{"count":3,"href":"https:\/\/kylat.meitadev.fi\/tarkkola\/wp-json\/wp\/v2\/pages\/286\/revisions"}],"predecessor-version":[{"id":314,"href":"https:\/\/kylat.meitadev.fi\/tarkkola\/wp-json\/wp\/v2\/pages\/286\/revisions\/314"}],"wp:featuredmedia":[{"embeddable":true,"href":"https:\/\/kylat.meitadev.fi\/tarkkola\/wp-json\/wp\/v2\/media\/325"}],"wp:attachment":[{"href":"https:\/\/kylat.meitadev.fi\/tarkkola\/wp-json\/wp\/v2\/media?parent=286"}],"curies":[{"name":"wp","href":"https:\/\/api.w.org\/{rel}","templated":true}]}}