{"id":291,"date":"2019-09-06T13:25:01","date_gmt":"2019-09-06T13:25:01","guid":{"rendered":"https:\/\/kylat.meitadev.fi\/tarkkola\/?page_id=291"},"modified":"2019-09-29T15:21:48","modified_gmt":"2019-09-29T15:21:48","slug":"peippola","status":"publish","type":"page","link":"https:\/\/kylat.meitadev.fi\/tarkkola\/peippola\/","title":{"rendered":"Peippola"},"content":{"rendered":"<p>Osoite: Rantapeipontie, 56410 Kaiturinp\u00e4\u00e4<\/p>\n<p>Peippola on Tarkkolan Seudun Kyl\u00e4t ry:n k\u00e4ytt\u00f6\u00f6n testamenttilahjoituksena osoitettu kes\u00e4m\u00f6kki Vaahteruksen rannalla. P\u00e4\u00e4rakennuksessa on sauna ja oleskelutila. Pihapiiriss\u00e4 on ulkohuussi ja puuvarasto sek\u00e4 grillikota.\u00a0 Hiekkapohjainen matala uimaranta ja laituri. K\u00e4ytett\u00e4viss\u00e4 on soutuvene.<\/p>\n<p><a href=\"https:\/\/kylat.meitadev.fi\/tarkkola\/wp-content\/uploads\/sites\/33\/2019\/09\/DSC_0076.jpg\"><img loading=\"lazy\" decoding=\"async\" class=\"alignnone size-medium wp-image-427\" src=\"https:\/\/kylat.meitadev.fi\/tarkkola\/wp-content\/uploads\/sites\/33\/2019\/09\/DSC_0076-300x200.jpg\" alt=\"\" width=\"300\" height=\"200\" srcset=\"https:\/\/kylat.meitadev.fi\/tarkkola\/wp-content\/uploads\/sites\/33\/2019\/09\/DSC_0076-300x200.jpg 300w, https:\/\/kylat.meitadev.fi\/tarkkola\/wp-content\/uploads\/sites\/33\/2019\/09\/DSC_0076-768x512.jpg 768w, https:\/\/kylat.meitadev.fi\/tarkkola\/wp-content\/uploads\/sites\/33\/2019\/09\/DSC_0076-1024x683.jpg 1024w, https:\/\/kylat.meitadev.fi\/tarkkola\/wp-content\/uploads\/sites\/33\/2019\/09\/DSC_0076.jpg 2048w\" sizes=\"(max-width: 300px) 100vw, 300px\" \/><\/a><\/p>\n<p>Kyl\u00e4n asukkaat voivat varata p\u00e4\u00e4rakennuksen omaan k\u00e4ytt\u00f6\u00f6ns\u00e4 maksutta. Ulkopuolisille vuokraamisesta p\u00e4\u00e4tt\u00e4\u00e4 hallitus. Grillikotaa, rantaa ja soutuvenett\u00e4 voi k\u00e4ytt\u00e4\u00e4 vapaasti ilman varausta.<\/p>\n<p>Varaukset: Ari Leino p.<\/p>\n","protected":false},"excerpt":{"rendered":"<p>Osoite: Rantapeipontie, 56410 Kaiturinp\u00e4\u00e4 Peippola on Tarkkolan Seudun Kyl\u00e4t ry:n k\u00e4ytt\u00f6\u00f6n testamenttilahjoituksena osoitettu kes\u00e4m\u00f6kki Vaahteruksen rannalla. P\u00e4\u00e4rakennuksessa on sauna ja oleskelutila. Pihapiiriss\u00e4 on ulkohuussi ja puuvarasto sek\u00e4 grillikota.\u00a0 Hiekkapohjainen matala uimaranta ja laituri. K\u00e4ytett\u00e4viss\u00e4 on soutuvene. Kyl\u00e4n asukkaat voivat varata &hellip; <a href=\"https:\/\/kylat.meitadev.fi\/tarkkola\/peippola\/\">Lue loppuun <span class=\"meta-nav\">&rarr;<\/span><\/a><\/p>\n","protected":false},"author":177,"featured_media":425,"parent":0,"menu_order":5,"comment_status":"closed","ping_status":"closed","template":"onecolumn-page.php","meta":{"footnotes":""},"_links":{"self":[{"href":"https:\/\/kylat.meitadev.fi\/tarkkola\/wp-json\/wp\/v2\/pages\/291"}],"collection":[{"href":"https:\/\/kylat.meitadev.fi\/tarkkola\/wp-json\/wp\/v2\/pages"}],"about":[{"href":"https:\/\/kylat.meitadev.fi\/tarkkola\/wp-json\/wp\/v2\/types\/page"}],"author":[{"embeddable":true,"href":"https:\/\/kylat.meitadev.fi\/tarkkola\/wp-json\/wp\/v2\/users\/177"}],"replies":[{"embeddable":true,"href":"https:\/\/kylat.meitadev.fi\/tarkkola\/wp-json\/wp\/v2\/comments?post=291"}],"version-history":[{"count":6,"href":"https:\/\/kylat.meitadev.fi\/tarkkola\/wp-json\/wp\/v2\/pages\/291\/revisions"}],"predecessor-version":[{"id":436,"href":"https:\/\/kylat.meitadev.fi\/tarkkola\/wp-json\/wp\/v2\/pages\/291\/revisions\/436"}],"wp:featuredmedia":[{"embeddable":true,"href":"https:\/\/kylat.meitadev.fi\/tarkkola\/wp-json\/wp\/v2\/media\/425"}],"wp:attachment":[{"href":"https:\/\/kylat.meitadev.fi\/tarkkola\/wp-json\/wp\/v2\/media?parent=291"}],"curies":[{"name":"wp","href":"https:\/\/api.w.org\/{rel}","templated":true}]}}