{"id":358,"date":"2019-09-10T07:56:01","date_gmt":"2019-09-10T07:56:01","guid":{"rendered":"https:\/\/kylat.meitadev.fi\/tarkkola\/?page_id=358"},"modified":"2021-12-01T14:49:18","modified_gmt":"2021-12-01T14:49:18","slug":"kylayhdistyksen-hallinto","status":"publish","type":"page","link":"https:\/\/kylat.meitadev.fi\/tarkkola\/kylayhdistyksen-hallinto\/","title":{"rendered":"Kyl\u00e4yhdistyksen hallinto"},"content":{"rendered":"\n<p>Kyl\u00e4yhdistyksen toiminta-alueeseen kuuluu 21 pient\u00e4 kyl\u00e4\u00e4 Ruokolahden kunnan it\u00e4osassa. Alue rajautuu id\u00e4ss\u00e4 Rautj\u00e4rven kunnan asemanseutuun, l\u00e4nness\u00e4 K\u00e4ringin alueen kyliin ja pohjoisessa Pohjalankilaan. Kyl\u00e4yhdistyksen alueella asuu noin 350 vakituista asukasta. Lis\u00e4ksi alueella on runsaasti vapaa-ajanasukkaita.<\/p>\n\n\n\n<p>Kyl\u00e4yhdistyksen tarkoituksena on yll\u00e4pit\u00e4\u00e4 ja edist\u00e4\u00e4 niin kylien vakinaisten asukkaiden ja vapaa-ajan asukkaiden kuin kylilt\u00e4 jo pois muuttaneiden entisten asukkaidenkin toimintamahdollisuuksia ja viihtymist\u00e4 omassa kyl\u00e4ss\u00e4. J\u00e4rjest\u00e4mme vuosittain erilaisia tapahtumia ja toimintaa. Lippulaivamme tapahtumatuotannossa on Tarkkolan harrastajateatteri, joka esitt\u00e4\u00e4 joka toinen vuosi hauskan kes\u00e4teatterin\u00e4ytelm\u00e4n Hikip\u00e4\u00e4n vintill\u00e4.<\/p>\n\n\n<p>Hallitus 2021:<\/p>\n<ul>\n<li>Martti Asikainen pj.\u00a0 p. 0405151467, mara.asikainen@luukku.com<\/li>\n<li>Leila N\u00e4veri siht., leilanaveri@gmail.com<\/li>\n<li>Jorma Koskinen<\/li>\n<li>Esko Hirvikoski<\/li>\n<li>Jukka Vento<\/li>\n<li>Tuija Repo<\/li>\n<li>Annaleena Rita vpj.<\/li>\n<li>Aarre Hanski<\/li>\n<li>Leevi Haapasalo<\/li>\n<li>Jukka Autere<\/li>\n<\/ul>\n<p>Puheenjohtaja valitaan vuosittain syyskokouksessa. Hallituksen j\u00e4senet ovat erovuorossa 2 vuoden j\u00e4lkeen ja valitaan syyskokouksessa.<\/p>\n<p>email: tarkkolanseudunkylatry@gmail.com<\/p>","protected":false},"excerpt":{"rendered":"<p>Kyl\u00e4yhdistyksen toiminta-alueeseen kuuluu 21 pient\u00e4 kyl\u00e4\u00e4 Ruokolahden kunnan it\u00e4osassa. Alue rajautuu id\u00e4ss\u00e4 Rautj\u00e4rven kunnan asemanseutuun, l\u00e4nness\u00e4 K\u00e4ringin alueen kyliin ja pohjoisessa Pohjalankilaan. Kyl\u00e4yhdistyksen alueella asuu noin 350 vakituista asukasta. Lis\u00e4ksi alueella on runsaasti vapaa-ajanasukkaita. Kyl\u00e4yhdistyksen tarkoituksena on yll\u00e4pit\u00e4\u00e4 ja edist\u00e4\u00e4 &hellip; <a href=\"https:\/\/kylat.meitadev.fi\/tarkkola\/kylayhdistyksen-hallinto\/\">Lue loppuun <span class=\"meta-nav\">&rarr;<\/span><\/a><\/p>\n","protected":false},"author":177,"featured_media":417,"parent":0,"menu_order":2,"comment_status":"closed","ping_status":"closed","template":"onecolumn-page.php","meta":{"footnotes":""},"_links":{"self":[{"href":"https:\/\/kylat.meitadev.fi\/tarkkola\/wp-json\/wp\/v2\/pages\/358"}],"collection":[{"href":"https:\/\/kylat.meitadev.fi\/tarkkola\/wp-json\/wp\/v2\/pages"}],"about":[{"href":"https:\/\/kylat.meitadev.fi\/tarkkola\/wp-json\/wp\/v2\/types\/page"}],"author":[{"embeddable":true,"href":"https:\/\/kylat.meitadev.fi\/tarkkola\/wp-json\/wp\/v2\/users\/177"}],"replies":[{"embeddable":true,"href":"https:\/\/kylat.meitadev.fi\/tarkkola\/wp-json\/wp\/v2\/comments?post=358"}],"version-history":[{"count":9,"href":"https:\/\/kylat.meitadev.fi\/tarkkola\/wp-json\/wp\/v2\/pages\/358\/revisions"}],"predecessor-version":[{"id":506,"href":"https:\/\/kylat.meitadev.fi\/tarkkola\/wp-json\/wp\/v2\/pages\/358\/revisions\/506"}],"wp:featuredmedia":[{"embeddable":true,"href":"https:\/\/kylat.meitadev.fi\/tarkkola\/wp-json\/wp\/v2\/media\/417"}],"wp:attachment":[{"href":"https:\/\/kylat.meitadev.fi\/tarkkola\/wp-json\/wp\/v2\/media?parent=358"}],"curies":[{"name":"wp","href":"https:\/\/api.w.org\/{rel}","templated":true}]}}