{"id":362,"date":"2019-09-10T07:59:59","date_gmt":"2019-09-10T07:59:59","guid":{"rendered":"https:\/\/kylat.meitadev.fi\/tarkkola\/?page_id=362"},"modified":"2020-03-11T11:56:34","modified_gmt":"2020-03-11T11:56:34","slug":"362-2","status":"publish","type":"page","link":"https:\/\/kylat.meitadev.fi\/tarkkola\/362-2\/","title":{"rendered":"Tarkkolan Martat"},"content":{"rendered":"<p>Tarkkolan Martat, Ruokolahden vanhin marttayhdistys, on perustettu vuonna 1917. Puheenjohtaja Heli Koskinen.\u00a0Seuraa ilmoitteluamme Uutisvuoksen seurapalstalla.<\/p>\n<h2>Tarkkolan Martat ry toimintakalenteri 2020:<\/h2>\n<p>Suuri marttailta kirkonkyl\u00e4n koululla 13.2 klo 18<\/p>\n<p>Tarkkolassa tapahtuu kyl\u00e4talolla 14.3 klo 12-15<\/p>\n<p>Afrikka teemalla ruokakurssi 23.3 : Anne Uppman<\/p>\n<p>Retki Kemppil\u00e4n myllylle Helatorstaina 21.5<\/p>\n<p>Luontopolku l\u00e4hiluonnossa kes\u00e4kuun alussa<\/p>\n<p>H\u00f6lkk\u00e4 tai k\u00e4velytapahtuma, esim. L\u00e4\u00e4v\u00e4korven retki<\/p>\n<p>Martanp\u00e4iv\u00e4n retki 26.7 Imatran kes\u00e4teatteriin : Pokka pit\u00e4\u00e4<br \/>\nLippuja varattu 25 kpl<\/p>\n<p>Niina Leinon hunajan valmistamiseen tutustuminen hein\u00e4kuu<\/p>\n<p>Puutarha-ja k\u00e4ss\u00e4kahvilap\u00e4iv\u00e4 elokuussa kyl\u00e4talolla<\/p>\n<p>Kuminauhajumppaa ja keilaus syksyll\u00e4<\/p>\n<p>Ruokailu kyl\u00e4talolla lokakuussa 3.10<\/p>\n<p>Ilmastoruokaa kurssi marraskuussa<\/p>\n<p>Pikkujouluretki<\/p>\n<p>Osallistutaan kyl\u00e4talon talkoisiin<\/p>\n<p>Marttaillat eri teemoilla<\/p>\n<p>Puh.joh. Heli Koskinen p. 0503219634, sihteeri Pirkko Parkkonen p.0405246583, rahastonh. P\u00e4ivi Kostiainen p.0504900985<\/p>\n<p>Puheenjohtaja : Heli Koskinen p. 0503219634<\/p>\n<p>Sihteeri: Pirkko Parkkonen p. 0405246583<\/p>\n<p>Rahastonhoitaja: P\u00e4ivi Kostiainen p. 0504900985<\/p>\n<p>TOIMINTAKALENTERI PDF-TIEDOSTONA\u00a0\u00a0<a href=\"https:\/\/kylat.meitadev.fi\/tarkkola\/wp-content\/uploads\/sites\/33\/2020\/03\/toimintakalenteri.pdf\">toimintakalenteri<\/a><\/p>\n","protected":false},"excerpt":{"rendered":"<p>Tarkkolan Martat, Ruokolahden vanhin marttayhdistys, on perustettu vuonna 1917. Puheenjohtaja Heli Koskinen.\u00a0Seuraa ilmoitteluamme Uutisvuoksen seurapalstalla. Tarkkolan Martat ry toimintakalenteri 2020: Suuri marttailta kirkonkyl\u00e4n koululla 13.2 klo 18 Tarkkolassa tapahtuu kyl\u00e4talolla 14.3 klo 12-15 Afrikka teemalla ruokakurssi 23.3 : Anne Uppman &hellip; <a href=\"https:\/\/kylat.meitadev.fi\/tarkkola\/362-2\/\">Lue loppuun <span class=\"meta-nav\">&rarr;<\/span><\/a><\/p>\n","protected":false},"author":177,"featured_media":193,"parent":0,"menu_order":9,"comment_status":"closed","ping_status":"closed","template":"onecolumn-page.php","meta":{"footnotes":""},"_links":{"self":[{"href":"https:\/\/kylat.meitadev.fi\/tarkkola\/wp-json\/wp\/v2\/pages\/362"}],"collection":[{"href":"https:\/\/kylat.meitadev.fi\/tarkkola\/wp-json\/wp\/v2\/pages"}],"about":[{"href":"https:\/\/kylat.meitadev.fi\/tarkkola\/wp-json\/wp\/v2\/types\/page"}],"author":[{"embeddable":true,"href":"https:\/\/kylat.meitadev.fi\/tarkkola\/wp-json\/wp\/v2\/users\/177"}],"replies":[{"embeddable":true,"href":"https:\/\/kylat.meitadev.fi\/tarkkola\/wp-json\/wp\/v2\/comments?post=362"}],"version-history":[{"count":10,"href":"https:\/\/kylat.meitadev.fi\/tarkkola\/wp-json\/wp\/v2\/pages\/362\/revisions"}],"predecessor-version":[{"id":452,"href":"https:\/\/kylat.meitadev.fi\/tarkkola\/wp-json\/wp\/v2\/pages\/362\/revisions\/452"}],"wp:featuredmedia":[{"embeddable":true,"href":"https:\/\/kylat.meitadev.fi\/tarkkola\/wp-json\/wp\/v2\/media\/193"}],"wp:attachment":[{"href":"https:\/\/kylat.meitadev.fi\/tarkkola\/wp-json\/wp\/v2\/media?parent=362"}],"curies":[{"name":"wp","href":"https:\/\/api.w.org\/{rel}","templated":true}]}}