{"id":368,"date":"2019-09-10T08:08:19","date_gmt":"2019-09-10T08:08:19","guid":{"rendered":"https:\/\/kylat.meitadev.fi\/tarkkola\/?page_id=368"},"modified":"2021-11-15T13:48:23","modified_gmt":"2021-11-15T13:48:23","slug":"talkoot-ja-tapahtumat","status":"publish","type":"page","link":"https:\/\/kylat.meitadev.fi\/tarkkola\/talkoot-ja-tapahtumat\/","title":{"rendered":"Talkoot ja tapahtumat"},"content":{"rendered":"\n<p class=\"has-medium-font-size\"><strong>Tarkkolan kyl\u00e4talon joulupaja lauantaina 20.11.2021 klo 12-17<\/strong><\/p>\n\n\n\n<p>Tervetuloa lapset, perheet, ukit, mummit, kummit, t\u00e4dit, sed\u00e4t, kaikki kivat n\u00e4pr\u00e4ilyst\u00e4 pit\u00e4v\u00e4t ihmiset! <\/p>\n\n\n\n<p>Rakennetaan yhdess\u00e4 kyl\u00e4talolle joulumaa, teemoina luminen maalaiskyl\u00e4, luonto ja itse tekeminen. Maisemoidaan maalaiskyl\u00e4\u00e4 sammalilla, j\u00e4k\u00e4lill\u00e4, varvuilla ja muilla pienill\u00e4 kasveilla. Muovailumassoista tehd\u00e4\u00e4n el\u00e4imi\u00e4 ja koristeita joulumaahan ja ev\u00e4spusseista valot\u00e4hti\u00e4 ja silkkipaperista lumihiutaleita ikkunoihin. Kaikki muutkin askarteluideat ovat tervetulleita. Halutessasi voit tuoda mukaan askartelutarvikkeita, luonnonmateriaaleja ja ty\u00f6v\u00e4lineit\u00e4. <\/p>\n\n\n\n<p>Tarjolla on mehua ja pipareita ja kahvia. Voit my\u00f6s tuoda jotakin hyv\u00e4\u00e4 yhteiseen v\u00e4lipalap\u00f6yt\u00e4\u00e4n.<\/p>\n\n\n\n<p>Lis\u00e4tietoja Annaleenalta ritaannaleena@gmail.com ja whatsup 0443256105.<\/p>\n\n\n\n<p><\/p>\n\n\n\n<p><\/p>\n\n\n\n<p><\/p>\n\n\n\n<p><\/p>\n\n\n\n<p><\/p>\n\n\n\n<p class=\"has-normal-font-size\"><strong>Tarkkolan Seudun Kyl\u00e4t ry:n<\/strong><\/p>\n\n\n\n<p class=\"has-normal-font-size\">My\u00f6h\u00e4istetty kev\u00e4t kokous pidet\u00e4\u00e4n Peippolassa  5.8 klo 18.00   Tervetuloa<\/p>\n\n\n\n<p>Lauantaina 15.8 klo 13 &#8211; 16  puutarha kahvila Tarkkolan kyl\u00e4talon puutarhassa, mahdollinen tuotto menee kyl\u00e4talon yll\u00e4pitoon. Tervetuloa maistelemaan monenlaisia herkkuja.<\/p>\n\n\n<h3><span style=\"color: #000000\"><span style=\"font-size: 16.8px\"><b>Peippolan<\/b><\/span><\/span><strong>&nbsp;siivoustalkoot<\/strong><\/h3>\n<p>Keskiviikkona 3.6.2020 klo 17. Mukaan pihan ja sis\u00e4tilojen siivousv\u00e4lineit\u00e4. Tarjolla virvokkeita, makkaraa ja sauna! Tervetuloa aloittamaan uimakausi!<\/p>\n<h3>&nbsp;<\/h3>\n<h3><strong>Tarkkolan Talvitapahtuma siirret\u00e4\u00e4n my\u00f6hemp\u00e4\u00e4n ajankohtaan<\/strong><\/h3>\n<p>14.3.2020 pidett\u00e4v\u00e4ksi ilmoitettu Tarkkolan Talvitapahtuma siirret\u00e4\u00e4n my\u00f6hemp\u00e4\u00e4n ajankohtaan Ruokolahden kunnan suositukseen perustuen koronaviruksen levi\u00e4misen ehk\u00e4isemiseksi.<\/p>\n<p>Tarkkolan seudun kyl\u00e4t ry hallitus<\/p>\n<h3><strong>Tarkkolassa tapahtuu &#8211; talvitapahtuma kyl\u00e4talolla lauantaina 14.3.2020 klo 12-15<\/strong><\/h3>\n<p>Myynti\/esittelypaikka 5 euroa. Varaukset p. 044 325 6105\/ Annaleena<\/p>\n<p><a href=\"https:\/\/kylat.meitadev.fi\/tarkkola\/wp-content\/uploads\/sites\/33\/2020\/03\/Talvitapahtuman-ilmoitus-2020.gif\"><img loading=\"lazy\" decoding=\"async\" class=\"alignnone size-medium wp-image-442\" src=\"https:\/\/kylat.meitadev.fi\/tarkkola\/wp-content\/uploads\/sites\/33\/2020\/03\/Talvitapahtuman-ilmoitus-2020-225x300.gif\" alt=\"\" width=\"225\" height=\"300\"><\/a><\/p>\n<p>Kaiturin er\u00e4n hirvipeijaiset ja samalla seura viett\u00e4\u00e4 40-vuotisjuhlaa Tarkkolan kyl\u00e4talolla 30.11 klo 13.00-15.00. Seura kutsuu alueen asukkat, maanvuokraajat ja j\u00e4senet mukaan tapahtumaan.<\/p>\n<p>Tarkkolan seudun kyl\u00e4t ry syyskokous pidet\u00e4\u00e4n maanantaina 25.11.2019 klo 18 kyl\u00e4talolla. Kahvitarjoilu klo 17.30 alkaen. Asialistalla normaalien syyskokousasioiden lis\u00e4ksi Tarkkolan kyl\u00e4talo 2020-luvulle -hankkeen info . Tervetuloa!<\/p>\n<p>Kyl\u00e4yhdistys on varannut myyntipaikan Ruokolahden joulumarkkinoille 22.11.2019. Viemme oman 3m * 3m telttakatoksen ja muutaman p\u00f6yd\u00e4n, joiden \u00e4\u00e4reen kyl\u00e4l\u00e4iset voivat tulla myym\u00e4\u00e4n tai esittelem\u00e4\u00e4n omia tuotteitaan. Ilmoita Annaleenalle mit\u00e4 tuotteita sinulla on myynniss\u00e4. Menn\u00e4\u00e4n yhdess\u00e4 nostattamaan joulumielt\u00e4!<\/p>\n<p>Kyl\u00e4talon pihatalkoot lauantaina 12.10.2019 klo 10 alkaen. Siistit\u00e4\u00e4n pihaa ja poltetaan risuja. Sahoja ym mukaan.<\/p>\n<p>Tarkkolan kes\u00e4teatterin talkoolaisten lounasretki Louhelaan Parikkalan Melkoniemeen lauantaina 5.10.2019. L\u00e4ht\u00f6 kyl\u00e4talolta linja-autolla klo 12.30. Ilmoittautuminen <span style=\"float: none;background-color: transparent;color: #444444;font-family: Georgia,'Bitstream Charter',serif;font-size: 16px;font-style: normal;font-variant: normal;font-weight: 400;letter-spacing: normal;line-height: 24px;text-align: left;text-decoration: none;text-indent: 0px\">29.9. menness\u00e4 <\/span>Helille p. 0503219634.<\/p>\n<p>Ilmal\u00e4mp\u00f6pumppujen asennusty\u00f6 alakertaan alkaa ma 23.9. klo 8 ja jatkuu ainakin ti 24.9. Pari henkil\u00f6\u00e4 tarvitaan asentamaan ulkoyksikk\u00f6jen alle tulevat betonilaatat ja asennusty\u00f6n j\u00e4lkeen huoneissa tarvitaan henkil\u00f6it\u00e4 k\u00e4yttelem\u00e4\u00e4n harjaa ja rikkalapiota. Yhteydenotot Maraan.<\/p>\n<p>Arska, Jope, Pave, Hiski ja Mara tekiv\u00e4t perjantaina 20.9. alustat ilmal\u00e4mp\u00f6pumppujen ulkoyksik\u00f6ille!<\/p>\n<p><a href=\"https:\/\/kylat.meitadev.fi\/tarkkola\/wp-content\/uploads\/sites\/33\/2019\/09\/20190922134039_IMG_0632.jpg\"><img loading=\"lazy\" decoding=\"async\" class=\"alignnone size-medium wp-image-401\" src=\"https:\/\/kylat.meitadev.fi\/tarkkola\/wp-content\/uploads\/sites\/33\/2019\/09\/20190922134039_IMG_0632-300x146.jpg\" alt=\"\" width=\"300\" height=\"146\" srcset=\"https:\/\/kylat.meitadev.fi\/tarkkola\/wp-content\/uploads\/sites\/33\/2019\/09\/20190922134039_IMG_0632-300x146.jpg 300w, https:\/\/kylat.meitadev.fi\/tarkkola\/wp-content\/uploads\/sites\/33\/2019\/09\/20190922134039_IMG_0632-768x374.jpg 768w, https:\/\/kylat.meitadev.fi\/tarkkola\/wp-content\/uploads\/sites\/33\/2019\/09\/20190922134039_IMG_0632-1024x498.jpg 1024w\" sizes=\"(max-width: 300px) 100vw, 300px\" \/><\/a><\/p>\n<p>Luokkahuoneiden, keitti\u00f6n ja tuulikaapin komeroiden siivous tehd\u00e4\u00e4n syyskuussa tai lokakuun alussa. P\u00e4iv\u00e4 ilmoitetaan my\u00f6hemmin. Yhteydenotot Koskisen Heliin.<\/p>\n<p>Yl\u00e4kerran asunto siivotaan syys-lokakuussa. P\u00e4iv\u00e4 ilmoitetaan my\u00f6hemmin. Yhteydenotot Koskisen Heliin.<\/p>\n<p>Urheilukent\u00e4n vanha huoltorakennus on tullut tiens\u00e4 p\u00e4\u00e4h\u00e4n. S\u00e4hk\u00f6mies irrotti kopin s\u00e4hk\u00f6verkosta, joten se on nyt turvallista purkaa. Odotellaan innokasta talkooporukkaa homman hoitamiseen! Yhteydenotot Maraan.<\/p>\n<p><a href=\"https:\/\/kylat.meitadev.fi\/tarkkola\/wp-content\/uploads\/sites\/33\/2019\/09\/20190922132615_IMG_0603.jpg\"><img loading=\"lazy\" decoding=\"async\" class=\"alignnone size-medium wp-image-412\" src=\"https:\/\/kylat.meitadev.fi\/tarkkola\/wp-content\/uploads\/sites\/33\/2019\/09\/20190922132615_IMG_0603-300x151.jpg\" alt=\"\" width=\"300\" height=\"151\" srcset=\"https:\/\/kylat.meitadev.fi\/tarkkola\/wp-content\/uploads\/sites\/33\/2019\/09\/20190922132615_IMG_0603-300x151.jpg 300w, https:\/\/kylat.meitadev.fi\/tarkkola\/wp-content\/uploads\/sites\/33\/2019\/09\/20190922132615_IMG_0603.jpg 450w\" sizes=\"(max-width: 300px) 100vw, 300px\" \/><\/a><\/p>","protected":false},"excerpt":{"rendered":"<p>Tarkkolan kyl\u00e4talon joulupaja lauantaina 20.11.2021 klo 12-17 Tervetuloa lapset, perheet, ukit, mummit, kummit, t\u00e4dit, sed\u00e4t, kaikki kivat n\u00e4pr\u00e4ilyst\u00e4 pit\u00e4v\u00e4t ihmiset! Rakennetaan yhdess\u00e4 kyl\u00e4talolle joulumaa, teemoina luminen maalaiskyl\u00e4, luonto ja itse tekeminen. Maisemoidaan maalaiskyl\u00e4\u00e4 sammalilla, j\u00e4k\u00e4lill\u00e4, varvuilla ja muilla pienill\u00e4 kasveilla. &hellip; <a href=\"https:\/\/kylat.meitadev.fi\/tarkkola\/talkoot-ja-tapahtumat\/\">Lue loppuun <span class=\"meta-nav\">&rarr;<\/span><\/a><\/p>\n","protected":false},"author":177,"featured_media":430,"parent":0,"menu_order":0,"comment_status":"closed","ping_status":"closed","template":"onecolumn-page.php","meta":{"footnotes":""},"_links":{"self":[{"href":"https:\/\/kylat.meitadev.fi\/tarkkola\/wp-json\/wp\/v2\/pages\/368"}],"collection":[{"href":"https:\/\/kylat.meitadev.fi\/tarkkola\/wp-json\/wp\/v2\/pages"}],"about":[{"href":"https:\/\/kylat.meitadev.fi\/tarkkola\/wp-json\/wp\/v2\/types\/page"}],"author":[{"embeddable":true,"href":"https:\/\/kylat.meitadev.fi\/tarkkola\/wp-json\/wp\/v2\/users\/177"}],"replies":[{"embeddable":true,"href":"https:\/\/kylat.meitadev.fi\/tarkkola\/wp-json\/wp\/v2\/comments?post=368"}],"version-history":[{"count":20,"href":"https:\/\/kylat.meitadev.fi\/tarkkola\/wp-json\/wp\/v2\/pages\/368\/revisions"}],"predecessor-version":[{"id":485,"href":"https:\/\/kylat.meitadev.fi\/tarkkola\/wp-json\/wp\/v2\/pages\/368\/revisions\/485"}],"wp:featuredmedia":[{"embeddable":true,"href":"https:\/\/kylat.meitadev.fi\/tarkkola\/wp-json\/wp\/v2\/media\/430"}],"wp:attachment":[{"href":"https:\/\/kylat.meitadev.fi\/tarkkola\/wp-json\/wp\/v2\/media?parent=368"}],"curies":[{"name":"wp","href":"https:\/\/api.w.org\/{rel}","templated":true}]}}