{"id":1045,"date":"2014-09-08T10:25:24","date_gmt":"2014-09-08T10:25:24","guid":{"rendered":"https:\/\/kylat.meitadev.fi\/tpkkylayhdistys\/?page_id=1045"},"modified":"2019-11-21T09:19:28","modified_gmt":"2019-11-21T09:19:28","slug":"kylaavustaja","status":"publish","type":"page","link":"https:\/\/kylat.meitadev.fi\/tpkkylayhdistys\/kylaavustaja\/","title":{"rendered":"Kyl\u00e4avustaja"},"content":{"rendered":"<p style=\"text-align: left\" align=\"center\">KIRKONKYL\u00c4N KYL\u00c4YHDISTYS palkkaa<\/p>\n<p>KYL\u00c4AVUSTAJAN, joka\u00a0ty\u00f6skentelee Kirkonkyl\u00e4n kyl\u00e4yhdistyksen\u00a0toiminta-alueella (Kirkonkyl\u00e4, Taipale, Muukkola,\u00a0Telkk\u00e4l\u00e4, Lehtola, Heikkola, Jauhiala) ja lis\u00e4ksi\u00a0Saimaanharjulla ja Konstussa.<\/p>\n<p>H\u00e4nt\u00e4 voivat tilata vakituiset sek\u00e4 kes\u00e4asukkaat\u00a0avuksi arjen askareisiin.<\/p>\n<p>Tuntiveloitushinta 10 \u20ac (minimilaskutus 2 h). Lis\u00e4ksi\u00a0kilometrikorvaus.\u00a0Palvelu on kotitalousv\u00e4hennyskelpoista.<\/p>\n<p>T\u00e4ll\u00e4 hetkell\u00e4 uutta kyl\u00e4avustajaa ei ole viel\u00e4 valittu. Kun valinta varmistuu, tieto tulee my\u00f6s t\u00e4lle sivulle.<\/p>\n<p>Valinnan j\u00e4lkeen tiedustelut arkisin kello 8 \u2013 16 v\u00e4lill\u00e4 044-9724728.<\/p>\n<p><a href=\"https:\/\/kylat.meitadev.fi\/tpkkylayhdistys\/kylaavustaja\/helpdesk_ilmoitus2017\/\" rel=\"attachment wp-att-1619\">HelpDesk_ilmoitus2017<\/a><\/p>\n","protected":false},"excerpt":{"rendered":"<p>KIRKONKYL\u00c4N KYL\u00c4YHDISTYS palkkaa KYL\u00c4AVUSTAJAN, joka\u00a0ty\u00f6skentelee Kirkonkyl\u00e4n kyl\u00e4yhdistyksen\u00a0toiminta-alueella (Kirkonkyl\u00e4, Taipale, Muukkola,\u00a0Telkk\u00e4l\u00e4, Lehtola, Heikkola, Jauhiala) ja lis\u00e4ksi\u00a0Saimaanharjulla ja Konstussa. H\u00e4nt\u00e4 voivat tilata vakituiset sek\u00e4 kes\u00e4asukkaat\u00a0avuksi arjen askareisiin. Tuntiveloitushinta 10 \u20ac (minimilaskutus 2 h). Lis\u00e4ksi\u00a0kilometrikorvaus.\u00a0Palvelu on kotitalousv\u00e4hennyskelpoista. T\u00e4ll\u00e4 hetkell\u00e4 uutta kyl\u00e4avustajaa ei ole &hellip; <a href=\"https:\/\/kylat.meitadev.fi\/tpkkylayhdistys\/kylaavustaja\/\">Lue loppuun <span class=\"meta-nav\">&rarr;<\/span><\/a><\/p>\n","protected":false},"author":100,"featured_media":0,"parent":0,"menu_order":0,"comment_status":"open","ping_status":"closed","template":"","meta":{"footnotes":""},"_links":{"self":[{"href":"https:\/\/kylat.meitadev.fi\/tpkkylayhdistys\/wp-json\/wp\/v2\/pages\/1045"}],"collection":[{"href":"https:\/\/kylat.meitadev.fi\/tpkkylayhdistys\/wp-json\/wp\/v2\/pages"}],"about":[{"href":"https:\/\/kylat.meitadev.fi\/tpkkylayhdistys\/wp-json\/wp\/v2\/types\/page"}],"author":[{"embeddable":true,"href":"https:\/\/kylat.meitadev.fi\/tpkkylayhdistys\/wp-json\/wp\/v2\/users\/100"}],"replies":[{"embeddable":true,"href":"https:\/\/kylat.meitadev.fi\/tpkkylayhdistys\/wp-json\/wp\/v2\/comments?post=1045"}],"version-history":[{"count":13,"href":"https:\/\/kylat.meitadev.fi\/tpkkylayhdistys\/wp-json\/wp\/v2\/pages\/1045\/revisions"}],"predecessor-version":[{"id":1838,"href":"https:\/\/kylat.meitadev.fi\/tpkkylayhdistys\/wp-json\/wp\/v2\/pages\/1045\/revisions\/1838"}],"wp:attachment":[{"href":"https:\/\/kylat.meitadev.fi\/tpkkylayhdistys\/wp-json\/wp\/v2\/media?parent=1045"}],"curies":[{"name":"wp","href":"https:\/\/api.w.org\/{rel}","templated":true}]}}