{"id":1078,"date":"2014-10-15T10:25:16","date_gmt":"2014-10-15T10:25:16","guid":{"rendered":"https:\/\/kylat.meitadev.fi\/tpkkylayhdistys\/?page_id=1078"},"modified":"2020-07-03T11:48:35","modified_gmt":"2020-07-03T11:48:35","slug":"kylakavely","status":"publish","type":"page","link":"https:\/\/kylat.meitadev.fi\/tpkkylayhdistys\/tapahtumat-3\/kylakavely\/","title":{"rendered":"Kyl\u00e4k\u00e4vely"},"content":{"rendered":"<p>J\u00e4rjest\u00e4mme kyl\u00e4k\u00e4velyit\u00e4, joilla tutustumme l\u00e4hist\u00f6n kauniisiin luontokohteisiin tai vaikkapa alueen yritt\u00e4jiin.<\/p>\n<p>15.7.2020 kyl\u00e4k\u00e4vely kohdistuu Konstun ranta-alueeseen. Kokoonnutaan klo 18.00 Konstun uimarannalla.<\/p>\n<p><img loading=\"lazy\" decoding=\"async\" class=\"size-medium wp-image-1890 aligncenter\" src=\"https:\/\/kylat.meitadev.fi\/tpkkylayhdistys\/wp-content\/uploads\/sites\/40\/2014\/12\/32CAAEE4-D278-4327-89B7-D7154C9FF58E-300x169.jpeg\" alt=\"\" width=\"300\" height=\"169\" \/><\/p>\n<p>12.7.2018 kyl\u00e4k\u00e4vely oli Kurenniemess\u00e4<strong>\u00a0<\/strong><\/p>\n<p>16.7.2014 tutustuimme Pappilanniemeen ja Konstun rantaan, katso kuvia<a href=\"http:\/\/kuvapankki.ekarjala.fi\/main.php?g2_itemId=22156\" target=\"_blank\" rel=\"noopener noreferrer\">\u00a0kuvapankista<\/a><\/p>\n<p><a href=\"http:\/\/kuvapankki.ekarjala.fi\/main.php?g2_itemId=22156\"><img loading=\"lazy\" decoding=\"async\" class=\"alignleft size-thumbnail wp-image-980\" src=\"https:\/\/kylat.meitadev.fi\/tpkkylayhdistys\/wp-content\/uploads\/sites\/40\/2014\/07\/003-150x150.jpg\" alt=\"003\" width=\"150\" height=\"150\" \/><\/a> <a href=\"http:\/\/kuvapankki.ekarjala.fi\/main.php?g2_itemId=22156\"><img loading=\"lazy\" decoding=\"async\" class=\"alignleft size-thumbnail wp-image-976\" src=\"https:\/\/kylat.meitadev.fi\/tpkkylayhdistys\/wp-content\/uploads\/sites\/40\/2014\/07\/0011-150x150.jpg\" alt=\"001\" width=\"150\" height=\"150\" \/><\/a><\/p>\n<p>5.6.2014 tutustuimme Kirkonkyl\u00e4n yritt\u00e4jiin, katso <a href=\"http:\/\/kuvapankki.ekarjala.fi\/main.php?g2_itemId=22116\" target=\"_blank\" rel=\"noopener noreferrer\">kuvia.<\/a>\u00a0 \u00a0 \u00a0 \u00a0 \u00a0 \u00a0 \u00a0 \u00a0 \u00a0 \u00a0 \u00a0 \u00a0 \u00a0 \u00a0 \u00a0 \u00a0 \u00a0 \u00a0 \u00a0 \u00a0 \u00a0 \u00a0 \u00a0 Mukana esittelyss\u00e4 olivat liitteess\u00e4 mainitut yritykset. *<\/p>\n<p><a href=\"http:\/\/kuvapankki.ekarjala.fi\/main.php?g2_itemId=22116\"><img loading=\"lazy\" decoding=\"async\" class=\"alignleft wp-image-864 size-thumbnail\" src=\"https:\/\/kylat.meitadev.fi\/tpkkylayhdistys\/wp-content\/uploads\/sites\/40\/2014\/05\/IMG_0150-150x150.jpg\" alt=\"IMG_0150\" width=\"150\" height=\"150\" \/><\/a> <a href=\"http:\/\/kuvapankki.ekarjala.fi\/main.php?g2_itemId=22116\"><img loading=\"lazy\" decoding=\"async\" class=\"alignleft wp-image-853 size-thumbnail\" src=\"https:\/\/kylat.meitadev.fi\/tpkkylayhdistys\/wp-content\/uploads\/sites\/40\/2014\/05\/IMG_0149-150x150.jpg\" alt=\"IMG_0149\" width=\"150\" height=\"150\" \/><\/a> <a href=\"http:\/\/kuvapankki.ekarjala.fi\/main.php?g2_itemId=22116\"><img loading=\"lazy\" decoding=\"async\" class=\"alignleft wp-image-846 size-thumbnail\" src=\"https:\/\/kylat.meitadev.fi\/tpkkylayhdistys\/wp-content\/uploads\/sites\/40\/2014\/05\/IMG_0146-150x150.jpg\" alt=\"IMG_0146\" width=\"150\" height=\"150\" \/><\/a><\/p>\n<p>*<a href=\"https:\/\/kylat.meitadev.fi\/tpkkylayhdistys\/wp-content\/uploads\/sites\/40\/2014\/10\/Kyl\u00e4k\u00e4vely-torstaina-5.6.2014.doc\">Kyl\u00e4k\u00e4vely torstaina 5.6.2014<\/a><\/p>\n","protected":false},"excerpt":{"rendered":"<p>J\u00e4rjest\u00e4mme kyl\u00e4k\u00e4velyit\u00e4, joilla tutustumme l\u00e4hist\u00f6n kauniisiin luontokohteisiin tai vaikkapa alueen yritt\u00e4jiin. 15.7.2020 kyl\u00e4k\u00e4vely kohdistuu Konstun ranta-alueeseen. Kokoonnutaan klo 18.00 Konstun uimarannalla. 12.7.2018 kyl\u00e4k\u00e4vely oli Kurenniemess\u00e4\u00a0 16.7.2014 tutustuimme Pappilanniemeen ja Konstun rantaan, katso kuvia\u00a0kuvapankista 5.6.2014 tutustuimme Kirkonkyl\u00e4n yritt\u00e4jiin, katso kuvia.\u00a0 \u00a0 &hellip; <a href=\"https:\/\/kylat.meitadev.fi\/tpkkylayhdistys\/tapahtumat-3\/kylakavely\/\">Lue loppuun <span class=\"meta-nav\">&rarr;<\/span><\/a><\/p>\n","protected":false},"author":100,"featured_media":0,"parent":1076,"menu_order":2,"comment_status":"open","ping_status":"closed","template":"","meta":{"footnotes":""},"_links":{"self":[{"href":"https:\/\/kylat.meitadev.fi\/tpkkylayhdistys\/wp-json\/wp\/v2\/pages\/1078"}],"collection":[{"href":"https:\/\/kylat.meitadev.fi\/tpkkylayhdistys\/wp-json\/wp\/v2\/pages"}],"about":[{"href":"https:\/\/kylat.meitadev.fi\/tpkkylayhdistys\/wp-json\/wp\/v2\/types\/page"}],"author":[{"embeddable":true,"href":"https:\/\/kylat.meitadev.fi\/tpkkylayhdistys\/wp-json\/wp\/v2\/users\/100"}],"replies":[{"embeddable":true,"href":"https:\/\/kylat.meitadev.fi\/tpkkylayhdistys\/wp-json\/wp\/v2\/comments?post=1078"}],"version-history":[{"count":20,"href":"https:\/\/kylat.meitadev.fi\/tpkkylayhdistys\/wp-json\/wp\/v2\/pages\/1078\/revisions"}],"predecessor-version":[{"id":1898,"href":"https:\/\/kylat.meitadev.fi\/tpkkylayhdistys\/wp-json\/wp\/v2\/pages\/1078\/revisions\/1898"}],"up":[{"embeddable":true,"href":"https:\/\/kylat.meitadev.fi\/tpkkylayhdistys\/wp-json\/wp\/v2\/pages\/1076"}],"wp:attachment":[{"href":"https:\/\/kylat.meitadev.fi\/tpkkylayhdistys\/wp-json\/wp\/v2\/media?parent=1078"}],"curies":[{"name":"wp","href":"https:\/\/api.w.org\/{rel}","templated":true}]}}