{"id":1082,"date":"2014-10-14T14:08:52","date_gmt":"2014-10-14T14:08:52","guid":{"rendered":"https:\/\/kylat.meitadev.fi\/tpkkylayhdistys\/?page_id=1082"},"modified":"2018-08-07T15:41:15","modified_gmt":"2018-08-07T15:41:15","slug":"rantakalailta-3","status":"publish","type":"page","link":"https:\/\/kylat.meitadev.fi\/tpkkylayhdistys\/tapahtumat-3\/rantakalailta-3\/","title":{"rendered":"Rantakalailta"},"content":{"rendered":"<p>Rantakalailtoja on vietetty Kirkonkyl\u00e4n rannassa l\u00e4hes 30 vuotta. Tapahtumaa vietet\u00e4\u00e4n perinteisesti perjantaisin\u00a0elokuun puolessa v\u00e4liss\u00e4. Seuraava rantakalailta on perjantaina 10.8.2018 klo 18 alkaen. Tervetuloa herkuttelemaan rantakalalla ja puffetin tuotteilla!<\/p>\n<p>Katso rantakalailtojen kuvia <a href=\"http:\/\/kuvapankki.ekarjala.fi\/main.php?g2_itemId=21653\" target=\"_blank\" rel=\"noopener noreferrer\">kuvapankista.<\/a><\/p>\n<p>&nbsp;<\/p>\n<p><a href=\"http:\/\/kuvapankki.ekarjala.fi\/main.php?g2_itemId=21653\" target=\"_blank\" rel=\"noopener noreferrer\"><img loading=\"lazy\" decoding=\"async\" class=\"alignleft wp-image-100\" src=\"https:\/\/kylat.meitadev.fi\/tpkkylayhdistys\/wp-content\/uploads\/sites\/40\/2012\/01\/Rantakala-2009.jpg\" alt=\"Rantakala 2009\" width=\"196\" height=\"147\" \/><\/a> <a href=\"http:\/\/kuvapankki.ekarjala.fi\/main.php?g2_itemId=21653\" target=\"_blank\" rel=\"noopener noreferrer\"><img loading=\"lazy\" decoding=\"async\" class=\"alignleft wp-image-999\" src=\"https:\/\/kylat.meitadev.fi\/tpkkylayhdistys\/wp-content\/uploads\/sites\/40\/2014\/08\/Rantakalailta-15.8.2014-005-150x150.jpg\" alt=\"Rantakalailta 15.8.2014 005\" width=\"147\" height=\"147\" \/><\/a> <a href=\"http:\/\/kuvapankki.ekarjala.fi\/main.php?g2_itemId=21653\" target=\"_blank\" rel=\"noopener noreferrer\"><img loading=\"lazy\" decoding=\"async\" class=\"alignnone wp-image-1018 size-thumbnail\" src=\"https:\/\/kylat.meitadev.fi\/tpkkylayhdistys\/wp-content\/uploads\/sites\/40\/2014\/08\/Rantakalailta-15.8.2014-015-150x150.jpg\" alt=\"Rantakalailta 15.8.2014 015\" width=\"150\" height=\"150\" \/><\/a><\/p>\n<p>&nbsp;<\/p>\n<p>&nbsp;<\/p>\n<p>&nbsp;<\/p>\n<p>&nbsp;<\/p>\n<p>&nbsp;<\/p>\n<p>&nbsp;<\/p>\n<p>&nbsp;<\/p>\n","protected":false},"excerpt":{"rendered":"<p>Rantakalailtoja on vietetty Kirkonkyl\u00e4n rannassa l\u00e4hes 30 vuotta. Tapahtumaa vietet\u00e4\u00e4n perinteisesti perjantaisin\u00a0elokuun puolessa v\u00e4liss\u00e4. Seuraava rantakalailta on perjantaina 10.8.2018 klo 18 alkaen. Tervetuloa herkuttelemaan rantakalalla ja puffetin tuotteilla! Katso rantakalailtojen kuvia kuvapankista. &nbsp; &nbsp; &nbsp; &nbsp; &nbsp; &nbsp; &nbsp; &nbsp;<\/p>\n","protected":false},"author":100,"featured_media":0,"parent":1076,"menu_order":1,"comment_status":"open","ping_status":"closed","template":"","meta":{"footnotes":""},"_links":{"self":[{"href":"https:\/\/kylat.meitadev.fi\/tpkkylayhdistys\/wp-json\/wp\/v2\/pages\/1082"}],"collection":[{"href":"https:\/\/kylat.meitadev.fi\/tpkkylayhdistys\/wp-json\/wp\/v2\/pages"}],"about":[{"href":"https:\/\/kylat.meitadev.fi\/tpkkylayhdistys\/wp-json\/wp\/v2\/types\/page"}],"author":[{"embeddable":true,"href":"https:\/\/kylat.meitadev.fi\/tpkkylayhdistys\/wp-json\/wp\/v2\/users\/100"}],"replies":[{"embeddable":true,"href":"https:\/\/kylat.meitadev.fi\/tpkkylayhdistys\/wp-json\/wp\/v2\/comments?post=1082"}],"version-history":[{"count":20,"href":"https:\/\/kylat.meitadev.fi\/tpkkylayhdistys\/wp-json\/wp\/v2\/pages\/1082\/revisions"}],"predecessor-version":[{"id":1768,"href":"https:\/\/kylat.meitadev.fi\/tpkkylayhdistys\/wp-json\/wp\/v2\/pages\/1082\/revisions\/1768"}],"up":[{"embeddable":true,"href":"https:\/\/kylat.meitadev.fi\/tpkkylayhdistys\/wp-json\/wp\/v2\/pages\/1076"}],"wp:attachment":[{"href":"https:\/\/kylat.meitadev.fi\/tpkkylayhdistys\/wp-json\/wp\/v2\/media?parent=1082"}],"curies":[{"name":"wp","href":"https:\/\/api.w.org\/{rel}","templated":true}]}}