{"id":1152,"date":"2015-01-29T13:16:41","date_gmt":"2015-01-29T13:16:41","guid":{"rendered":"https:\/\/kylat.meitadev.fi\/tpkkylayhdistys\/?page_id=1152"},"modified":"2022-02-16T13:02:06","modified_gmt":"2022-02-16T13:02:06","slug":"roytty","status":"publish","type":"page","link":"https:\/\/kylat.meitadev.fi\/tpkkylayhdistys\/roytty\/","title":{"rendered":"R\u00f6ytty"},"content":{"rendered":"\n<h2 class=\"wp-block-heading\"><\/h2>\n\n\n<p><a href=\"https:\/\/kylat.meitadev.fi\/tpkkylayhdistys\/roytty\/21-5-9-16\/\" rel=\"attachment wp-att-1569\"><img loading=\"lazy\" decoding=\"async\" class=\" wp-image-1569 aligncenter\" src=\"https:\/\/kylat.meitadev.fi\/tpkkylayhdistys\/wp-content\/uploads\/sites\/40\/2015\/01\/21.-5.9.16-300x225.jpg\" alt=\"\" width=\"448\" height=\"336\" srcset=\"https:\/\/kylat.meitadev.fi\/tpkkylayhdistys\/wp-content\/uploads\/sites\/40\/2015\/01\/21.-5.9.16-300x225.jpg 300w, https:\/\/kylat.meitadev.fi\/tpkkylayhdistys\/wp-content\/uploads\/sites\/40\/2015\/01\/21.-5.9.16-768x576.jpg 768w, https:\/\/kylat.meitadev.fi\/tpkkylayhdistys\/wp-content\/uploads\/sites\/40\/2015\/01\/21.-5.9.16-1024x768.jpg 1024w\" sizes=\"(max-width: 448px) 100vw, 448px\" \/><\/a><\/p>\n<p>R\u00f6ytyn kotiseututalo. Kuva Aure Niiva<\/p>\n<p>R\u00f6ytyn kotiseututalo sijaitsee kirkonkyl\u00e4n keskell\u00e4. \u00a0 \u00a0 \u00a0 \u00a0 \u00a0 \u00a0 \u00a0 \u00a0 \u00a0 \u00a0 \u00a0 \u00a0 \u00a0 \u00a0 \u00a0 \u00a0 \u00a0 \u00a0 \u00a0 \u00a0 \u00a0 \u00a0 \u00a0 \u00a0 \u00a0 \u00a0 \u00a0 \u00a0 \u00a0 \u00a0 \u00a0 \u00a0 R\u00f6ytyss\u00e4 toimii kes\u00e4isin ja joulun aikaan yhdistysten pit\u00e4m\u00e4 kahvio.<strong>\u00a0<\/strong><\/p>\n<p><strong>R\u00f6ytyn kahvio auki la-su 5.-6.3.2022 klo<\/strong>\u00a0<strong>11-16.<\/strong>\u00a0 Kirkonkyl\u00e4n kinkerit peruttu.<\/p>\n<p>\u00a0<\/p>\n<p><span style=\"color: #000000\"><strong>\u00a0 \u00a0 \u00a0 \u00a0 \u00a0<\/strong><\/span><span style=\"color: #000000\"><strong>\u00a0 \u00a0 \u00a0 <\/strong><\/span><strong>Taipalsaari 450 v.<\/strong><\/p>\n<h2>Taipalsaaren historiateosta myynniss\u00e4 Saimaanharjulla kirjastossa sek\u00e4 K-marketissa ja kirkolla M-marketissa.\u00a0 \u00a0 \u00a0 \u00a0 \u00a0 \u00a0 \u00a0 \u00a0 \u00a0 \u00a0 \u00a0 \u00a0 \u00a0 \u00a0 \u00a0 \u00a0 \u00a0 \u00a0 \u00a0 \u00a0 \u00a0 \u00a0 \u00a0 \u00a0 \u00a0 \u00a0 \u00a0 Hinta 45\u20ac.<\/h2>\n<p><strong>Veikko Rikkonen<\/strong>, R\u00f6ytyn viimeinen is\u00e4nt\u00e4, siunattiin\u00a081-vuotiaana 7.11.2015 Taipalsaaren kappelissa. Muistotilaisuus pidettiin R\u00f6ytyn<\/p>\n<p><img loading=\"lazy\" decoding=\"async\" class=\"alignright wp-image-1364\" src=\"https:\/\/kylat.meitadev.fi\/tpkkylayhdistys\/wp-content\/uploads\/sites\/40\/2015\/01\/004-150x150.jpg\" alt=\"004\" width=\"227\" height=\"227\" srcset=\"https:\/\/kylat.meitadev.fi\/tpkkylayhdistys\/wp-content\/uploads\/sites\/40\/2015\/01\/004-150x150.jpg 150w, https:\/\/kylat.meitadev.fi\/tpkkylayhdistys\/wp-content\/uploads\/sites\/40\/2015\/01\/004-300x300.jpg 300w, https:\/\/kylat.meitadev.fi\/tpkkylayhdistys\/wp-content\/uploads\/sites\/40\/2015\/01\/004-1024x1024.jpg 1024w\" sizes=\"(max-width: 227px) 100vw, 227px\" \/>kotiseututalossa.<\/p>\n<p><a href=\"http:\/\/kuvapankki.ekarjala.fi\/main.php?g2_itemId=22427\" target=\"_blank\" rel=\"noopener noreferrer\"><img loading=\"lazy\" decoding=\"async\" class=\"alignleft wp-image-955 size-thumbnail\" src=\"https:\/\/kylat.meitadev.fi\/tpkkylayhdistys\/wp-content\/uploads\/sites\/40\/2014\/07\/008-150x150.jpg\" alt=\"\" width=\"150\" height=\"150\" \/><\/a> <a href=\"http:\/\/kuvapankki.ekarjala.fi\/main.php?g2_itemId=22427\" target=\"_blank\" rel=\"noopener noreferrer\"><img loading=\"lazy\" decoding=\"async\" class=\"alignnone wp-image-942 size-thumbnail\" src=\"https:\/\/kylat.meitadev.fi\/tpkkylayhdistys\/wp-content\/uploads\/sites\/40\/2014\/07\/006-150x150.jpg\" alt=\"\" width=\"150\" height=\"150\" \/><\/a><a href=\"http:\/\/kuvapankki.ekarjala.fi\/main.php?g2_itemId=22427\" target=\"_blank\" rel=\"noopener noreferrer\"><img loading=\"lazy\" decoding=\"async\" class=\"alignleft wp-image-599 size-thumbnail\" src=\"https:\/\/kylat.meitadev.fi\/tpkkylayhdistys\/wp-content\/uploads\/sites\/40\/2013\/05\/R\u00f6ytyn-kahvikonsertti-4-150x150.jpg\" alt=\"\" width=\"150\" height=\"150\" \/><\/a><\/p>","protected":false},"excerpt":{"rendered":"<p>R\u00f6ytyn kotiseututalo. Kuva Aure Niiva R\u00f6ytyn kotiseututalo sijaitsee kirkonkyl\u00e4n keskell\u00e4. \u00a0 \u00a0 \u00a0 \u00a0 \u00a0 \u00a0 \u00a0 \u00a0 \u00a0 \u00a0 \u00a0 \u00a0 \u00a0 \u00a0 \u00a0 \u00a0 \u00a0 \u00a0 \u00a0 \u00a0 \u00a0 \u00a0 \u00a0 \u00a0 \u00a0 \u00a0 \u00a0 \u00a0 \u00a0 \u00a0 &hellip; <a href=\"https:\/\/kylat.meitadev.fi\/tpkkylayhdistys\/roytty\/\">Lue loppuun <span class=\"meta-nav\">&rarr;<\/span><\/a><\/p>\n","protected":false},"author":100,"featured_media":0,"parent":0,"menu_order":0,"comment_status":"open","ping_status":"closed","template":"","meta":{"footnotes":""},"_links":{"self":[{"href":"https:\/\/kylat.meitadev.fi\/tpkkylayhdistys\/wp-json\/wp\/v2\/pages\/1152"}],"collection":[{"href":"https:\/\/kylat.meitadev.fi\/tpkkylayhdistys\/wp-json\/wp\/v2\/pages"}],"about":[{"href":"https:\/\/kylat.meitadev.fi\/tpkkylayhdistys\/wp-json\/wp\/v2\/types\/page"}],"author":[{"embeddable":true,"href":"https:\/\/kylat.meitadev.fi\/tpkkylayhdistys\/wp-json\/wp\/v2\/users\/100"}],"replies":[{"embeddable":true,"href":"https:\/\/kylat.meitadev.fi\/tpkkylayhdistys\/wp-json\/wp\/v2\/comments?post=1152"}],"version-history":[{"count":20,"href":"https:\/\/kylat.meitadev.fi\/tpkkylayhdistys\/wp-json\/wp\/v2\/pages\/1152\/revisions"}],"predecessor-version":[{"id":2084,"href":"https:\/\/kylat.meitadev.fi\/tpkkylayhdistys\/wp-json\/wp\/v2\/pages\/1152\/revisions\/2084"}],"wp:attachment":[{"href":"https:\/\/kylat.meitadev.fi\/tpkkylayhdistys\/wp-json\/wp\/v2\/media?parent=1152"}],"curies":[{"name":"wp","href":"https:\/\/api.w.org\/{rel}","templated":true}]}}