{"id":1212,"date":"2015-02-19T09:55:24","date_gmt":"2015-02-19T09:55:24","guid":{"rendered":"https:\/\/kylat.meitadev.fi\/tpkkylayhdistys\/?page_id=1212"},"modified":"2016-03-11T09:05:50","modified_gmt":"2016-03-11T09:05:50","slug":"poytakirjat","status":"publish","type":"page","link":"https:\/\/kylat.meitadev.fi\/tpkkylayhdistys\/kylayhdistys\/hallitus\/poytakirjat\/","title":{"rendered":"P\u00f6yt\u00e4kirjat"},"content":{"rendered":"<p><span style=\"color: #3366ff;\"><a style=\"color: #3366ff;\" href=\"https:\/\/kylat.meitadev.fi\/tpkkylayhdistys\/wp-content\/uploads\/sites\/40\/2015\/02\/Vuosikokous_p\u00f6yt\u00e4kirja-2015.pdf\" target=\"_blank\" rel=\"\">Vuosikokous_p\u00f6yt\u00e4kirja 2015<\/a><\/span><\/p>\n<p><span style=\"color: #3366ff;\"><a style=\"color: #3366ff;\" href=\"https:\/\/kylat.meitadev.fi\/tpkkylayhdistys\/wp-content\/uploads\/sites\/40\/2015\/02\/Vuosikokous_p\u00f6yt\u00e4k.-2014.pdf\" target=\"_blank\">Vuosikokous_p\u00f6yt\u00e4k. 2014<\/a><\/span><\/p>\n<p>&nbsp;<\/p>\n","protected":false},"excerpt":{"rendered":"<p>Vuosikokous_p\u00f6yt\u00e4kirja 2015 Vuosikokous_p\u00f6yt\u00e4k. 2014 &nbsp;<\/p>\n","protected":false},"author":100,"featured_media":0,"parent":13,"menu_order":0,"comment_status":"open","ping_status":"closed","template":"","meta":{"footnotes":""},"_links":{"self":[{"href":"https:\/\/kylat.meitadev.fi\/tpkkylayhdistys\/wp-json\/wp\/v2\/pages\/1212"}],"collection":[{"href":"https:\/\/kylat.meitadev.fi\/tpkkylayhdistys\/wp-json\/wp\/v2\/pages"}],"about":[{"href":"https:\/\/kylat.meitadev.fi\/tpkkylayhdistys\/wp-json\/wp\/v2\/types\/page"}],"author":[{"embeddable":true,"href":"https:\/\/kylat.meitadev.fi\/tpkkylayhdistys\/wp-json\/wp\/v2\/users\/100"}],"replies":[{"embeddable":true,"href":"https:\/\/kylat.meitadev.fi\/tpkkylayhdistys\/wp-json\/wp\/v2\/comments?post=1212"}],"version-history":[{"count":30,"href":"https:\/\/kylat.meitadev.fi\/tpkkylayhdistys\/wp-json\/wp\/v2\/pages\/1212\/revisions"}],"predecessor-version":[{"id":1411,"href":"https:\/\/kylat.meitadev.fi\/tpkkylayhdistys\/wp-json\/wp\/v2\/pages\/1212\/revisions\/1411"}],"up":[{"embeddable":true,"href":"https:\/\/kylat.meitadev.fi\/tpkkylayhdistys\/wp-json\/wp\/v2\/pages\/13"}],"wp:attachment":[{"href":"https:\/\/kylat.meitadev.fi\/tpkkylayhdistys\/wp-json\/wp\/v2\/media?parent=1212"}],"curies":[{"name":"wp","href":"https:\/\/api.w.org\/{rel}","templated":true}]}}