{"id":31,"date":"2012-01-16T14:53:46","date_gmt":"2012-01-16T14:53:46","guid":{"rendered":"https:\/\/kylat.meitadev.fi\/tpkkylayhdistys\/?page_id=31"},"modified":"2022-02-07T07:29:14","modified_gmt":"2022-02-07T07:29:14","slug":"kirkko","status":"publish","type":"page","link":"https:\/\/kylat.meitadev.fi\/tpkkylayhdistys\/etusivu\/kirkko\/","title":{"rendered":"Kirkko"},"content":{"rendered":"<p><a href=\"https:\/\/kylat.meitadev.fi\/tpkkylayhdistys\/wp-content\/uploads\/sites\/40\/2022\/02\/kirkko.jpg\"><img loading=\"lazy\" decoding=\"async\" class=\" wp-image-2037\" src=\"https:\/\/kylat.meitadev.fi\/tpkkylayhdistys\/wp-content\/uploads\/sites\/40\/2022\/02\/kirkko-300x218.jpg\" alt=\"\" width=\"414\" height=\"301\" srcset=\"https:\/\/kylat.meitadev.fi\/tpkkylayhdistys\/wp-content\/uploads\/sites\/40\/2022\/02\/kirkko-300x218.jpg 300w, https:\/\/kylat.meitadev.fi\/tpkkylayhdistys\/wp-content\/uploads\/sites\/40\/2022\/02\/kirkko.jpg 640w\" sizes=\"(max-width: 414px) 100vw, 414px\" \/><\/a><\/p>\n<p>Taipalsaaren kirkko on rakennettu vuonna 1754 ja samana vuonna on my\u00f6s rakennettu kirkon kellotapuli. Kirkossa ei ole alttaritaulua vaan sen paikalla kultainen risti. Lis\u00e4tietoa kirkosta l\u00f6ytyy Taipalsaaren seurakunnan sivuilta.<\/p>\n<p><a title=\"\" href=\"http:\/\/www.taipalsaarenseurakunta.fi\/\" target=\"_new\" rel=\"noopener\">Taipalsaaren seurakunta<\/a><\/p>\n\n\n<p><\/p>\n","protected":false},"excerpt":{"rendered":"<p>Taipalsaaren kirkko on rakennettu vuonna 1754 ja samana vuonna on my\u00f6s rakennettu kirkon kellotapuli. Kirkossa ei ole alttaritaulua vaan sen paikalla kultainen risti. Lis\u00e4tietoa kirkosta l\u00f6ytyy Taipalsaaren seurakunnan sivuilta. Taipalsaaren seurakunta<\/p>\n","protected":false},"author":100,"featured_media":0,"parent":6,"menu_order":0,"comment_status":"closed","ping_status":"open","template":"","meta":{"footnotes":""},"_links":{"self":[{"href":"https:\/\/kylat.meitadev.fi\/tpkkylayhdistys\/wp-json\/wp\/v2\/pages\/31"}],"collection":[{"href":"https:\/\/kylat.meitadev.fi\/tpkkylayhdistys\/wp-json\/wp\/v2\/pages"}],"about":[{"href":"https:\/\/kylat.meitadev.fi\/tpkkylayhdistys\/wp-json\/wp\/v2\/types\/page"}],"author":[{"embeddable":true,"href":"https:\/\/kylat.meitadev.fi\/tpkkylayhdistys\/wp-json\/wp\/v2\/users\/100"}],"replies":[{"embeddable":true,"href":"https:\/\/kylat.meitadev.fi\/tpkkylayhdistys\/wp-json\/wp\/v2\/comments?post=31"}],"version-history":[{"count":3,"href":"https:\/\/kylat.meitadev.fi\/tpkkylayhdistys\/wp-json\/wp\/v2\/pages\/31\/revisions"}],"predecessor-version":[{"id":2044,"href":"https:\/\/kylat.meitadev.fi\/tpkkylayhdistys\/wp-json\/wp\/v2\/pages\/31\/revisions\/2044"}],"up":[{"embeddable":true,"href":"https:\/\/kylat.meitadev.fi\/tpkkylayhdistys\/wp-json\/wp\/v2\/pages\/6"}],"wp:attachment":[{"href":"https:\/\/kylat.meitadev.fi\/tpkkylayhdistys\/wp-json\/wp\/v2\/media?parent=31"}],"curies":[{"name":"wp","href":"https:\/\/api.w.org\/{rel}","templated":true}]}}