{"id":43,"date":"2012-01-16T14:57:19","date_gmt":"2012-01-16T14:57:19","guid":{"rendered":"https:\/\/kylat.meitadev.fi\/tpkkylayhdistys\/?page_id=43"},"modified":"2022-03-01T10:47:44","modified_gmt":"2022-03-01T10:47:44","slug":"roytty","status":"publish","type":"page","link":"https:\/\/kylat.meitadev.fi\/tpkkylayhdistys\/etusivu\/roytty\/","title":{"rendered":"R\u00f6ytty"},"content":{"rendered":"<p><img loading=\"lazy\" decoding=\"async\" class=\"alignright  wp-image-1991\" src=\"https:\/\/kylat.meitadev.fi\/tpkkylayhdistys\/wp-content\/uploads\/sites\/40\/2021\/06\/IMG_1645-3-300x175.jpg\" alt=\"\" width=\"337\" height=\"197\" srcset=\"https:\/\/kylat.meitadev.fi\/tpkkylayhdistys\/wp-content\/uploads\/sites\/40\/2021\/06\/IMG_1645-3-300x175.jpg 300w, https:\/\/kylat.meitadev.fi\/tpkkylayhdistys\/wp-content\/uploads\/sites\/40\/2021\/06\/IMG_1645-3-1024x597.jpg 1024w, https:\/\/kylat.meitadev.fi\/tpkkylayhdistys\/wp-content\/uploads\/sites\/40\/2021\/06\/IMG_1645-3-768x448.jpg 768w, https:\/\/kylat.meitadev.fi\/tpkkylayhdistys\/wp-content\/uploads\/sites\/40\/2021\/06\/IMG_1645-3-1536x895.jpg 1536w, https:\/\/kylat.meitadev.fi\/tpkkylayhdistys\/wp-content\/uploads\/sites\/40\/2021\/06\/IMG_1645-3-2048x1194.jpg 2048w\" sizes=\"(max-width: 337px) 100vw, 337px\" \/>R\u00f6ytyn Kotiseututalo. Kuva Aure Niiva<\/p>\n<p>R\u00f6ytyn kotiseututalo sijaitsee kirkonkyl\u00e4n keskell\u00e4.&nbsp; &nbsp; &nbsp; &nbsp; &nbsp; &nbsp; &nbsp; &nbsp; &nbsp; &nbsp; &nbsp; &nbsp; &nbsp; &nbsp; &nbsp; &nbsp; &nbsp; &nbsp; &nbsp; &nbsp; &nbsp; &nbsp; &nbsp; &nbsp; &nbsp; &nbsp; &nbsp; &nbsp; &nbsp; &nbsp; &nbsp; &nbsp; &nbsp; &nbsp; R\u00f6ytyss\u00e4 toimii kes\u00e4ll\u00e4 ja jouluaikaan taipalsaarelaisten yhdistysten pit\u00e4m\u00e4 kahvio.<span style=\"color: #000080\"><strong>&nbsp; &nbsp; &nbsp; &nbsp; &nbsp;<\/strong><\/span><\/p>\n\n\n<h2 class=\"wp-block-heading\" id=\"roytyn-kahvio-auki-la-su-5-6-3-2022-klo-11-16\"><\/h2>\n\n\n\n<p><\/p>\n\n\n\n<figure class=\"wp-block-image size-large\"><a href=\"https:\/\/kylat.meitadev.fi\/tpkkylayhdistys\/wp-content\/uploads\/sites\/40\/2022\/03\/987BD920-9766-456A-A2ED-553993A6FC60.jpeg\"><img loading=\"lazy\" decoding=\"async\" width=\"576\" height=\"1024\" src=\"https:\/\/kylat.meitadev.fi\/tpkkylayhdistys\/wp-content\/uploads\/sites\/40\/2022\/03\/987BD920-9766-456A-A2ED-553993A6FC60-576x1024.jpeg\" alt=\"\" class=\"wp-image-2093\" srcset=\"https:\/\/kylat.meitadev.fi\/tpkkylayhdistys\/wp-content\/uploads\/sites\/40\/2022\/03\/987BD920-9766-456A-A2ED-553993A6FC60-576x1024.jpeg 576w, https:\/\/kylat.meitadev.fi\/tpkkylayhdistys\/wp-content\/uploads\/sites\/40\/2022\/03\/987BD920-9766-456A-A2ED-553993A6FC60-169x300.jpeg 169w, https:\/\/kylat.meitadev.fi\/tpkkylayhdistys\/wp-content\/uploads\/sites\/40\/2022\/03\/987BD920-9766-456A-A2ED-553993A6FC60.jpeg 720w\" sizes=\"(max-width: 576px) 100vw, 576px\" \/><\/a><\/figure>\n\n\n\n<h1 class=\"wp-block-heading\" id=\"taipalsaari-450-v\">Taipalsaari 450 v.<\/h1>\n\n\n\n<h2 class=\"wp-block-heading\" id=\"taipalsaaren-historiateosta-myynnissa-saimaanharjulla-kirjastossa-ja-k-marketissa-seka-kirkolla-m-marketissa-hinta-45\">Taipalsaaren historiateosta myynniss\u00e4 Saimaanharjulla kirjastossa ja K-marketissa sek\u00e4 kirkolla M-marketissa.&nbsp; &nbsp; &nbsp; &nbsp; &nbsp; &nbsp; &nbsp; &nbsp; &nbsp; &nbsp; &nbsp; &nbsp; &nbsp; &nbsp; &nbsp; &nbsp; &nbsp; &nbsp; &nbsp; &nbsp; &nbsp; &nbsp; &nbsp; &nbsp; &nbsp; &nbsp; &nbsp; Hinta 45\u20ac.<\/h2>\n\n\n\n<p><\/p>\n","protected":false},"excerpt":{"rendered":"<p>R\u00f6ytyn Kotiseututalo. Kuva Aure Niiva R\u00f6ytyn kotiseututalo sijaitsee kirkonkyl\u00e4n keskell\u00e4.&nbsp; &nbsp; &nbsp; &nbsp; &nbsp; &nbsp; &nbsp; &nbsp; &nbsp; &nbsp; &nbsp; &nbsp; &nbsp; &nbsp; &nbsp; &nbsp; &nbsp; &nbsp; &nbsp; &nbsp; &nbsp; &nbsp; &nbsp; &nbsp; &nbsp; &nbsp; &nbsp; &nbsp; &nbsp; &nbsp; &nbsp; &hellip; <a href=\"https:\/\/kylat.meitadev.fi\/tpkkylayhdistys\/etusivu\/roytty\/\">Lue loppuun <span class=\"meta-nav\">&rarr;<\/span><\/a><\/p>\n","protected":false},"author":100,"featured_media":0,"parent":6,"menu_order":0,"comment_status":"closed","ping_status":"open","template":"","meta":{"footnotes":""},"_links":{"self":[{"href":"https:\/\/kylat.meitadev.fi\/tpkkylayhdistys\/wp-json\/wp\/v2\/pages\/43"}],"collection":[{"href":"https:\/\/kylat.meitadev.fi\/tpkkylayhdistys\/wp-json\/wp\/v2\/pages"}],"about":[{"href":"https:\/\/kylat.meitadev.fi\/tpkkylayhdistys\/wp-json\/wp\/v2\/types\/page"}],"author":[{"embeddable":true,"href":"https:\/\/kylat.meitadev.fi\/tpkkylayhdistys\/wp-json\/wp\/v2\/users\/100"}],"replies":[{"embeddable":true,"href":"https:\/\/kylat.meitadev.fi\/tpkkylayhdistys\/wp-json\/wp\/v2\/comments?post=43"}],"version-history":[{"count":19,"href":"https:\/\/kylat.meitadev.fi\/tpkkylayhdistys\/wp-json\/wp\/v2\/pages\/43\/revisions"}],"predecessor-version":[{"id":2095,"href":"https:\/\/kylat.meitadev.fi\/tpkkylayhdistys\/wp-json\/wp\/v2\/pages\/43\/revisions\/2095"}],"up":[{"embeddable":true,"href":"https:\/\/kylat.meitadev.fi\/tpkkylayhdistys\/wp-json\/wp\/v2\/pages\/6"}],"wp:attachment":[{"href":"https:\/\/kylat.meitadev.fi\/tpkkylayhdistys\/wp-json\/wp\/v2\/media?parent=43"}],"curies":[{"name":"wp","href":"https:\/\/api.w.org\/{rel}","templated":true}]}}