{"id":138,"date":"2012-02-13T20:55:34","date_gmt":"2012-02-13T20:55:34","guid":{"rendered":"https:\/\/kylat.meitadev.fi\/uimi\/?page_id=138"},"modified":"2013-05-22T03:50:55","modified_gmt":"2013-05-22T03:50:55","slug":"menneita-tapahtumia","status":"publish","type":"page","link":"https:\/\/kylat.meitadev.fi\/uimi\/arkistojen-aarteita\/menneita-tapahtumia\/","title":{"rendered":"Menneit\u00e4 tapahtumia"},"content":{"rendered":"<p><strong>Tapahtumia ymp\u00e4r vuojen<\/strong><\/p>\n<p>&nbsp;<\/p>\n<header>\n<h1><strong style=\"color: #000000\">KEV\u00c4\u00c4N JA KES\u00c4N<\/strong><strong>\u00a02012 MENNEIT\u00c4 TAPAHTUMIA Uimin kyl\u00e4ll\u00e4<\/strong><\/h1>\n<p>12.5.2012 \u00a0Lemin kyl\u00e4talkoot<\/p>\n<p>Viime vuonna aloitettuja talkoita jatkettiin, eri puolilla kuntaa pistetiin paikkoja kuntoon . Kokoonnuttiin Uimilla Uimin Er\u00e4n mets\u00e4stysmajalla ja siistittiin Ojansuun ymp\u00e4rist\u00f6.<\/p>\n<p>27.5.2012 Kirkkovenesoutu<\/p>\n<p>Uimin seudun kyl\u00e4yhdistyksen jo perinteinen kirkkovenesoutu Uimilta Lemin kirkolle jumalanpalvelukseen. T\u00e4n\u00e4 kes\u00e4n\u00e4 matka soudettiin\u00a0nelj\u00e4tt\u00e4 kertaa.<\/p>\n<div>Uimin kes\u00e4kisat 1.7.2012<\/div>\n<div><\/div>\n<div>Korsuorkesteri ja Saarenmaalainen kansantanssiryhm\u00e4 \u00a0Jalkosalmen lavalla \u00a06.7.2012<\/div>\n<\/header>\n<div>\n<p>Korkiasaaren 20. ymp\u00e4risoutu 15.7.2012<\/p>\n<p>Niittykulman kes\u00e4myyj\u00e4iset\/kirpputori ja peltotanssit<\/p>\n<p>Rantakalailta 20.7.2012<\/p>\n<p>Iltatori Lemin kirkolla ja Uimin kyl\u00e4yhdistystyksen j\u00e4rjest\u00e4m\u00e4\u00e4 yll\u00e4tysohjelmaa 15.8.2012<\/p>\n<p>&nbsp;<\/p>\n<p><strong>KES\u00c4N 2011 MENNEIT\u00c4 TAPAHTUMIA Uimin kyl\u00e4ll\u00e4<\/strong><\/p>\n<\/div>\n<p>Korsuorkesteri Jalkosalmen lavalla 3.6.2011<\/p>\n<p>Kirkkovenesoutu 12.6.2011<\/p>\n<p>Uimin seudun kyl\u00e4yhdistyksen jo perinteinen kirkkovenesoutu Uimilta Lemin kirkolle jumalanpalvelukseen. T\u00e4n\u00e4 kes\u00e4n\u00e4 matka soudettiin kolmatta kertaa.<\/p>\n<p>Iltahartaus Kotalahdessa 12.6.2011<\/p>\n<p>Wanhan hyw\u00e4n ajan kes\u00e4kisat 3.7.2011<\/p>\n<p>Rantakalailta Kotalahdessa 15.7.2011<\/p>\n<p>Korkiasaaren 19. ymp\u00e4risoutu 24.7.2011<\/p>\n<p>Perinteinen soutukilpailu Korkiasaaren ymp\u00e4ri ja<br \/>\nNiittykulman kes\u00e4myyj\u00e4iset\/kirpputori 24.7.2011<\/p>\n<p>&nbsp;<\/p>\n<p>* * * * * * * * * * *<\/p>\n<p>&nbsp;<\/p>\n<p><strong>TALVELLA 2010\/2011 TAPAHTUI&#8230;<\/strong><\/p>\n<p>Pilkki- ja perhetapahtuma Niittykulmassa 5.3.2011<br \/>\nJ\u00e4rjest\u00e4jin\u00e4 Kyl\u00e4yhdistys ja Uimin Niittykulma<\/p>\n<p>Pilkkikisan VOITTAJAT sarjoittain<br \/>\nLapset: Pohjonen Eetu<br \/>\nNuoret: Uronen Kaisa<br \/>\nNaiset: Pirjo Huopainen<br \/>\nMiehet: Jukka Uronen<br \/>\nMiehet yli 60v.: Antti Hakonen<br \/>\nPienin kala: Juha Lainej\u00e4rvi<br \/>\nSuurin kala: Jokela Risto<br \/>\nKiertopalkinto (Suurin saalis): Jukka Uronen<\/p>\n<p>Avoimet pilkkikisat sek\u00e4 Lemin mestaruus pilkkikisa su 20.3.2011<br \/>\nKyl\u00e4yhdistyksen j\u00e4rjest\u00e4m\u00e4n\u00e4<br \/>\nLemin mestaruuden 2011 voitti Markku Pekkanen<\/p>\n<p>&nbsp;<\/p>\n<p><strong>KES\u00c4LL\u00c4 2010 TAPAHTUI SEURAAVAA:<\/strong><\/p>\n<p>Sunnuntaina 23.5. 2010<br \/>\nKirkkovenesoutu Ojansuusta<br \/>\nkyl\u00e4yhdistyksen j\u00e4rjest\u00e4m\u00e4n\u00e4.<\/p>\n<p>Lauantaina 17.7. 2010 klo 9.00-18.00<br \/>\nJalkosalmen lava ja ranta-alue<br \/>\n110 vuotta Lemin h\u00f6yrylaivaliikenteen historiaa<br \/>\nj\u00e4rj. Lemin kunta, srk, j\u00e4rjest\u00f6t<\/p>\n<p>7.-13.8. 2010<br \/>\nKyl\u00e4yhdistyksen matka Saarenmaalle<\/p>\n","protected":false},"excerpt":{"rendered":"<p>Tapahtumia ymp\u00e4r vuojen &nbsp; KEV\u00c4\u00c4N JA KES\u00c4N\u00a02012 MENNEIT\u00c4 TAPAHTUMIA Uimin kyl\u00e4ll\u00e4 12.5.2012 \u00a0Lemin kyl\u00e4talkoot Viime vuonna aloitettuja talkoita jatkettiin, eri puolilla kuntaa pistetiin paikkoja kuntoon . Kokoonnuttiin Uimilla Uimin Er\u00e4n mets\u00e4stysmajalla ja siistittiin Ojansuun ymp\u00e4rist\u00f6. 27.5.2012 Kirkkovenesoutu Uimin seudun kyl\u00e4yhdistyksen &hellip; <a href=\"https:\/\/kylat.meitadev.fi\/uimi\/arkistojen-aarteita\/menneita-tapahtumia\/\">Lue loppuun <span class=\"meta-nav\">&rarr;<\/span><\/a><\/p>\n","protected":false},"author":114,"featured_media":0,"parent":67,"menu_order":3,"comment_status":"closed","ping_status":"closed","template":"sidebar-page.php","meta":{"footnotes":""},"_links":{"self":[{"href":"https:\/\/kylat.meitadev.fi\/uimi\/wp-json\/wp\/v2\/pages\/138"}],"collection":[{"href":"https:\/\/kylat.meitadev.fi\/uimi\/wp-json\/wp\/v2\/pages"}],"about":[{"href":"https:\/\/kylat.meitadev.fi\/uimi\/wp-json\/wp\/v2\/types\/page"}],"author":[{"embeddable":true,"href":"https:\/\/kylat.meitadev.fi\/uimi\/wp-json\/wp\/v2\/users\/114"}],"replies":[{"embeddable":true,"href":"https:\/\/kylat.meitadev.fi\/uimi\/wp-json\/wp\/v2\/comments?post=138"}],"version-history":[{"count":9,"href":"https:\/\/kylat.meitadev.fi\/uimi\/wp-json\/wp\/v2\/pages\/138\/revisions"}],"predecessor-version":[{"id":242,"href":"https:\/\/kylat.meitadev.fi\/uimi\/wp-json\/wp\/v2\/pages\/138\/revisions\/242"}],"up":[{"embeddable":true,"href":"https:\/\/kylat.meitadev.fi\/uimi\/wp-json\/wp\/v2\/pages\/67"}],"wp:attachment":[{"href":"https:\/\/kylat.meitadev.fi\/uimi\/wp-json\/wp\/v2\/media?parent=138"}],"curies":[{"name":"wp","href":"https:\/\/api.w.org\/{rel}","templated":true}]}}