{"id":2,"date":"2012-02-06T10:39:32","date_gmt":"2012-02-06T10:39:32","guid":{"rendered":"https:\/\/kylat.meitadev.fi\/uimi\/?page_id=2"},"modified":"2021-11-01T10:23:00","modified_gmt":"2021-11-01T10:23:00","slug":"kylayhdistys","status":"publish","type":"page","link":"https:\/\/kylat.meitadev.fi\/uimi\/kylayhdistys\/","title":{"rendered":"Kyl\u00e4yhdistys"},"content":{"rendered":"<table cellspacing=\"0\">\n<tbody>\n<tr>\n<td colspan=\"2\">\n<h1>Uimin seudun kyl\u00e4yhdistys ry<\/h1>\n<p>Uimin seudun kyl\u00e4yhdistys perustettiin 1.3.2009<\/p>\n<div>\n<p>Kyl\u00e4yhdistys toimii Uimin seudun asukkaiden sek\u00e4 kes\u00e4asukkaiden yhteisen edun hyv\u00e4ksi. Kyl\u00e4yhdistyksen tavoitteena on lis\u00e4t\u00e4 kyl\u00e4l\u00e4isten ja kes\u00e4asukkaiden yhteydenpitoa, nostaa yhteenkuuluvaisuuden tunnetta ja parantaa maalla viihtymisen edellytyksi\u00e4. Yhdistyksen toimintaperiaatteena on mm. edist\u00e4\u00e4 kylien asukkaiden viihtyvyytt\u00e4 sek\u00e4 harrastus- ja kulttuuritoimintaa.Kyl\u00e4yhdistyksen toiminta-alueena ovat Uimin seudun kyl\u00e4t Lemin, Savitaipaleen ja Luum\u00e4en alueella. Yhdistyksen kotikuntana on Lemi. Marraskuun 2009 alussa Uimin seudun kyl\u00e4yhdistyksest\u00e4 tuli rekister\u00f6ity yhdistys. T\u00e4ll\u00e4 hetkell\u00e4 vuoden\u00a0 j\u00e4senm\u00e4\u00e4r\u00e4 on noin 130.<\/p>\n<\/div>\n<div><strong>\u00a0<\/strong><\/div>\n<\/td>\n<\/tr>\n<\/tbody>\n<\/table>\n<p><strong>Liity kyl\u00e4yhdistyksen j\u00e4seneksi<\/strong><\/p>\n<table cellspacing=\"0\">\n<tbody>\n<tr>\n<td colspan=\"2\">\n<div>Tervetuloa Uimin seudun kyl\u00e4yhdistyksen j\u00e4seneksi!<br \/>\nJ\u00e4seneksi p\u00e4\u00e4set liittym\u00e4\u00e4n maksamalla liittymismaksun 20\u20ac kyl\u00e4yhdistyksen tilille\u00a0 \u00a0 FI63 5227 0820 0236 42 (BIC\u00a0OKOYFIHH)<\/div>\n<div>Liitymismaksu on henkil\u00f6kohtainen. Muista mainita nimesi ja osoitteesi.<\/div>\n<div>Tiedot voi laittaa my\u00f6s s\u00e4hk\u00f6postilla osoitteeseen\u00a0miia.haiko(at)gmail.com<\/div>\n<\/td>\n<\/tr>\n<\/tbody>\n<\/table>\n","protected":false},"excerpt":{"rendered":"<p>Uimin seudun kyl\u00e4yhdistys ry Uimin seudun kyl\u00e4yhdistys perustettiin 1.3.2009 Kyl\u00e4yhdistys toimii Uimin seudun asukkaiden sek\u00e4 kes\u00e4asukkaiden yhteisen edun hyv\u00e4ksi. Kyl\u00e4yhdistyksen tavoitteena on lis\u00e4t\u00e4 kyl\u00e4l\u00e4isten ja kes\u00e4asukkaiden yhteydenpitoa, nostaa yhteenkuuluvaisuuden tunnetta ja parantaa maalla viihtymisen edellytyksi\u00e4. Yhdistyksen toimintaperiaatteena on mm. edist\u00e4\u00e4 &hellip; <a href=\"https:\/\/kylat.meitadev.fi\/uimi\/kylayhdistys\/\">Lue loppuun <span class=\"meta-nav\">&rarr;<\/span><\/a><\/p>\n","protected":false},"author":113,"featured_media":0,"parent":0,"menu_order":3,"comment_status":"closed","ping_status":"closed","template":"sidebar-page.php","meta":{"footnotes":""},"_links":{"self":[{"href":"https:\/\/kylat.meitadev.fi\/uimi\/wp-json\/wp\/v2\/pages\/2"}],"collection":[{"href":"https:\/\/kylat.meitadev.fi\/uimi\/wp-json\/wp\/v2\/pages"}],"about":[{"href":"https:\/\/kylat.meitadev.fi\/uimi\/wp-json\/wp\/v2\/types\/page"}],"author":[{"embeddable":true,"href":"https:\/\/kylat.meitadev.fi\/uimi\/wp-json\/wp\/v2\/users\/113"}],"replies":[{"embeddable":true,"href":"https:\/\/kylat.meitadev.fi\/uimi\/wp-json\/wp\/v2\/comments?post=2"}],"version-history":[{"count":11,"href":"https:\/\/kylat.meitadev.fi\/uimi\/wp-json\/wp\/v2\/pages\/2\/revisions"}],"predecessor-version":[{"id":634,"href":"https:\/\/kylat.meitadev.fi\/uimi\/wp-json\/wp\/v2\/pages\/2\/revisions\/634"}],"wp:attachment":[{"href":"https:\/\/kylat.meitadev.fi\/uimi\/wp-json\/wp\/v2\/media?parent=2"}],"curies":[{"name":"wp","href":"https:\/\/api.w.org\/{rel}","templated":true}]}}