{"id":29,"date":"2012-02-10T22:31:41","date_gmt":"2012-02-10T22:31:41","guid":{"rendered":"https:\/\/kylat.meitadev.fi\/uimi\/?page_id=29"},"modified":"2016-03-11T08:47:33","modified_gmt":"2016-03-11T08:47:33","slug":"etusivu","status":"publish","type":"page","link":"https:\/\/kylat.meitadev.fi\/uimi\/","title":{"rendered":"Etusivu"},"content":{"rendered":"<p>Tervetuloa Uimin seudun kyl\u00e4yhdistyksen kotisivuille. Tule tutustumaan my\u00f6s Uimiin, n\u00e4hd\u00e4\u00e4n kyl\u00e4ll\u00e4!<\/p>\n<p><a title=\"tykk\u00e4\u00e4 t\u00e4st\u00e4!\" href=\"https:\/\/www.facebook.com\/pages\/Uimin-kyl%C3%A4\/229328003792766\" target=\"_blank\">Tykk\u00e4\u00e4 Uimin kyl\u00e4st\u00e4 my\u00f6s facebookissa<\/a>, niin pysyt kyl\u00e4n tapahtumien tasalla ;)<\/p>\n<p>Uimi sijaitsee Etel\u00e4-Karjalan maakunnassa Lemin kunnan lounais-osassa Kivij\u00e4rven rannalla. Uimilta Lappeenrantaan on matkaa noin 35 kilometri\u00e4. Lemin kirkolta Uimille ja Kotalahteen ja edelleen Luum\u00e4en Taavettiin kulkeva tie on maisematie, jota kulkiessaan voi ihailla upeita j\u00e4rvi- ja maalaismaisemia. Uimia ymp\u00e4r\u00f6i\u00a0Kivij\u00e4rvi\u00a0lukuisine saarineen ja lahtineen. Alueella on noin 60 taloutta ja satoja kes\u00e4asuntoja.<\/p>\n<p>&nbsp;<\/p>\n<p><span style=\"color: #000000\">\u00a0<\/span><\/p>\n","protected":false},"excerpt":{"rendered":"<p>Tervetuloa Uimin seudun kyl\u00e4yhdistyksen kotisivuille. Tule tutustumaan my\u00f6s Uimiin, n\u00e4hd\u00e4\u00e4n kyl\u00e4ll\u00e4! Tykk\u00e4\u00e4 Uimin kyl\u00e4st\u00e4 my\u00f6s facebookissa, niin pysyt kyl\u00e4n tapahtumien tasalla ;) Uimi sijaitsee Etel\u00e4-Karjalan maakunnassa Lemin kunnan lounais-osassa Kivij\u00e4rven rannalla. Uimilta Lappeenrantaan on matkaa noin 35 kilometri\u00e4. Lemin kirkolta &hellip; <a href=\"https:\/\/kylat.meitadev.fi\/uimi\/\">Lue loppuun <span class=\"meta-nav\">&rarr;<\/span><\/a><\/p>\n","protected":false},"author":114,"featured_media":0,"parent":0,"menu_order":0,"comment_status":"closed","ping_status":"closed","template":"sidebar-page.php","meta":{"footnotes":""},"_links":{"self":[{"href":"https:\/\/kylat.meitadev.fi\/uimi\/wp-json\/wp\/v2\/pages\/29"}],"collection":[{"href":"https:\/\/kylat.meitadev.fi\/uimi\/wp-json\/wp\/v2\/pages"}],"about":[{"href":"https:\/\/kylat.meitadev.fi\/uimi\/wp-json\/wp\/v2\/types\/page"}],"author":[{"embeddable":true,"href":"https:\/\/kylat.meitadev.fi\/uimi\/wp-json\/wp\/v2\/users\/114"}],"replies":[{"embeddable":true,"href":"https:\/\/kylat.meitadev.fi\/uimi\/wp-json\/wp\/v2\/comments?post=29"}],"version-history":[{"count":8,"href":"https:\/\/kylat.meitadev.fi\/uimi\/wp-json\/wp\/v2\/pages\/29\/revisions"}],"predecessor-version":[{"id":372,"href":"https:\/\/kylat.meitadev.fi\/uimi\/wp-json\/wp\/v2\/pages\/29\/revisions\/372"}],"wp:attachment":[{"href":"https:\/\/kylat.meitadev.fi\/uimi\/wp-json\/wp\/v2\/media?parent=29"}],"curies":[{"name":"wp","href":"https:\/\/api.w.org\/{rel}","templated":true}]}}