{"id":45,"date":"2012-02-10T22:45:49","date_gmt":"2012-02-10T22:45:49","guid":{"rendered":"https:\/\/kylat.meitadev.fi\/uimi\/?page_id=45"},"modified":"2016-03-23T06:59:44","modified_gmt":"2016-03-23T06:59:44","slug":"jalkosalmen-lava","status":"publish","type":"page","link":"https:\/\/kylat.meitadev.fi\/uimi\/uimi-tarjoaa\/jalkosalmen-lava\/","title":{"rendered":"Jalkosalmen lava"},"content":{"rendered":"<table cellspacing=\"0\">\n<tbody>\n<tr>\n<td colspan=\"2\">Jalkosalmen lava on Lemin Eskojen omistama tanssilava kauniilla paikalla Uimintien varrella Kuhasensaaressa l\u00e4hell\u00e4 Kivij\u00e4rven rantaa. Lavalta Lemin kirkonkyl\u00e4\u00e4n on matkaa noin 3km. Lavaa on viimevuosina remontoitu ja lavalla onkin ep\u00e4ilem\u00e4tt\u00e4 alueen tanssilavojen hienoimmat sis\u00e4vessat.Jalkosalmen lavan osoite:<br \/>\nKuhasensaarentie 27, 54710 Lemi<\/p>\n<p style=\"text-align: center\"><a href=\"https:\/\/kylat.meitadev.fi\/uimi\/uimi-tarjoaa\/jalkosalmen-lava\/p1120382\/\" rel=\"attachment wp-att-114\"><img loading=\"lazy\" decoding=\"async\" class=\"aligncenter size-small wp-image-114\" src=\"https:\/\/kylat.meitadev.fi\/uimi\/wp-content\/uploads\/sites\/46\/2012\/02\/P1120382.jpg\" alt=\"\" width=\"387\" height=\"218\" \/><\/a><\/p>\n<p><strong>Tiedustelut lavan tilavarauksista<\/strong><br \/>\n<strong>Lemin Eskot<\/strong><\/p>\n<p>Jukka K\u00e4rmeniemi<br \/>\npuh:050 463 1536<\/p>\n<p><strong><a href=\"http:\/\/tanssi.net\/fi\/p\/70.html\">\u00a0Tansseja jalkosalmella<\/a><\/strong><\/p>\n<p><strong><a href=\"https:\/\/www.facebook.com\/Jalkosalmen-lava-795634310541524\/?fref=ts\">Jalkosalmen lava facebookissa (Jehu)<\/a><\/strong><\/p>\n<p>&nbsp;<\/td>\n<\/tr>\n<\/tbody>\n<\/table>\n","protected":false},"excerpt":{"rendered":"<p>Jalkosalmen lava on Lemin Eskojen omistama tanssilava kauniilla paikalla Uimintien varrella Kuhasensaaressa l\u00e4hell\u00e4 Kivij\u00e4rven rantaa. Lavalta Lemin kirkonkyl\u00e4\u00e4n on matkaa noin 3km. Lavaa on viimevuosina remontoitu ja lavalla onkin ep\u00e4ilem\u00e4tt\u00e4 alueen tanssilavojen hienoimmat sis\u00e4vessat.Jalkosalmen lavan osoite: Kuhasensaarentie 27, 54710 Lemi &hellip; <a href=\"https:\/\/kylat.meitadev.fi\/uimi\/uimi-tarjoaa\/jalkosalmen-lava\/\">Lue loppuun <span class=\"meta-nav\">&rarr;<\/span><\/a><\/p>\n","protected":false},"author":114,"featured_media":0,"parent":20,"menu_order":0,"comment_status":"closed","ping_status":"closed","template":"sidebar-page.php","meta":{"footnotes":""},"_links":{"self":[{"href":"https:\/\/kylat.meitadev.fi\/uimi\/wp-json\/wp\/v2\/pages\/45"}],"collection":[{"href":"https:\/\/kylat.meitadev.fi\/uimi\/wp-json\/wp\/v2\/pages"}],"about":[{"href":"https:\/\/kylat.meitadev.fi\/uimi\/wp-json\/wp\/v2\/types\/page"}],"author":[{"embeddable":true,"href":"https:\/\/kylat.meitadev.fi\/uimi\/wp-json\/wp\/v2\/users\/114"}],"replies":[{"embeddable":true,"href":"https:\/\/kylat.meitadev.fi\/uimi\/wp-json\/wp\/v2\/comments?post=45"}],"version-history":[{"count":30,"href":"https:\/\/kylat.meitadev.fi\/uimi\/wp-json\/wp\/v2\/pages\/45\/revisions"}],"predecessor-version":[{"id":426,"href":"https:\/\/kylat.meitadev.fi\/uimi\/wp-json\/wp\/v2\/pages\/45\/revisions\/426"}],"up":[{"embeddable":true,"href":"https:\/\/kylat.meitadev.fi\/uimi\/wp-json\/wp\/v2\/pages\/20"}],"wp:attachment":[{"href":"https:\/\/kylat.meitadev.fi\/uimi\/wp-json\/wp\/v2\/media?parent=45"}],"curies":[{"name":"wp","href":"https:\/\/api.w.org\/{rel}","templated":true}]}}