{"id":61,"date":"2012-02-10T22:56:37","date_gmt":"2012-02-10T22:56:37","guid":{"rendered":"https:\/\/kylat.meitadev.fi\/uimi\/?page_id=61"},"modified":"2012-02-13T22:21:59","modified_gmt":"2012-02-13T22:21:59","slug":"rantakalailta","status":"publish","type":"page","link":"https:\/\/kylat.meitadev.fi\/uimi\/arkistojen-aarteita\/vuosittaiset-tapahtumat\/rantakalailta\/","title":{"rendered":"Rantakalailta"},"content":{"rendered":"<table cellspacing=\"0\">\n<tbody>\n<tr>\n<td colspan=\"2\">Rantakalaillasta on muodostunut yksi kyl\u00e4yhdistyksen vuosittaisista tapahtumista. Kes\u00e4illasta, kalakeitosta ja Kotalahden saunan l\u00f6ylyist\u00e4 on nauttinut vuosittain noin viitisenkymment\u00e4 osallistujaa.<\/p>\n<p><strong>Seuraava rantakalailta perjantaina 20.7.2012 Kotalahdessa<\/strong><\/p>\n<p>&nbsp;<\/p>\n<p><!--more--><\/p>\n<h1>Rantakalailta pe 10.7.2009 Kotalahdessa<\/h1>\n<\/td>\n<\/tr>\n<\/tbody>\n<\/table>\n<table cellspacing=\"0\">\n<tbody>\n<tr>\n<td colspan=\"2\">Perjantaina 10.7. j\u00e4rjestettiin rantakalailta Kotalahden rannassa, paikalle ker\u00e4\u00e4ntyi puolisensataa henkil\u00f6\u00e4 nauttimaan kauniista kes\u00e4illasta ja maittavasta lohikeitosta. Nuotanvedon saalis j\u00e4i hieman laihanlaiseksi, mutta em\u00e4nn\u00e4t saivat oikein makoisan keiton aikaiseksi.Illan ohjelmassa oli nuotanvedon lis\u00e4ksi arvontaa ja erilaisia kilpailuja. Paikalla selvitettiin Uimin tikkamestari miesten, naisten ja nuorten sarjoissa.\u00a0Tiukin kilpailu k\u00e4ytiin kolikonheittokisassa johon osallistui yli kolmekymment\u00e4 sukan alle piilotetun palkinnon tavoittelijaa. Pitk\u00e4\u00e4n taistelua k\u00e4ytiin kyl\u00e4yhdistyksen puheenjohtajan ja sihteerin v\u00e4lill\u00e4.<\/p>\n<p style=\"text-align: left\">Ilta kului siis leppoisissa tunnelmissa haitarimusiikin siivitt\u00e4m\u00e4n\u00e4 ja paikalla oli kyl\u00e4l\u00e4isten lis\u00e4ksi mukavasti m\u00f6kkil\u00e4isi\u00e4 ja muita kes\u00e4vieraita kauempaakin. Uimin seudun kyl\u00e4yhdistys pyrkii tekem\u00e4\u00e4n t\u00e4st\u00e4 uuden perinteen jossa paikkakuntalaiset ja kes\u00e4asukkaat voivat tavata toisiaan mukavan illanvieton merkeiss\u00e4.<\/p>\n<p>Katso kuvat\u00a0<a href=\"http:\/\/kuvapankki.ekarjala.fi\/main.php?g2_itemId=7834\">kuvagalleriasta!<\/a><\/td>\n<\/tr>\n<\/tbody>\n<\/table>\n<table cellspacing=\"0\">\n<tbody>\n<tr>\n<td colspan=\"2\"><\/td>\n<\/tr>\n<tr>\n<td colspan=\"2\">\n<table cellspacing=\"0\">\n<tbody>\n<tr>\n<td colspan=\"2\"><strong>Kilpailujen tulokset<\/strong><\/td>\n<\/tr>\n<tr>\n<td colspan=\"2\">Tikanheitto NUORET<br \/>\n1. Anni\u00a0\u00a0\u00a0\u00a0\u00a0\u00a0\u00a0\u00a0\u00a0\u00a0\u00a0\u00a0\u00a0\u00a0\u00a0\u00a0\u00a0\u00a0\u00a0\u00a0\u00a0\u00a0\u00a0\u00a0\u00a019<br \/>\n2. Oona\u00a0\u00a0\u00a0\u00a0\u00a0\u00a0\u00a0\u00a0\u00a0\u00a0\u00a0\u00a0\u00a0\u00a0\u00a0\u00a0\u00a0\u00a0\u00a0\u00a0\u00a0\u00a0\u00a0\u00a011<br \/>\n3. Markus Nikunen\u00a0\u00a0\u00a0\u00a0\u00a0\u00a0\u00a0\u00a0\u00a0\u00a0\u00a04Tikanheitto NAISET<\/p>\n<p style=\"padding-left: 30px\">1. Varpu Yrj\u00f6nen\u00a0\u00a0\u00a0\u00a0\u00a0\u00a0\u00a0\u00a0\u00a0\u00a0\u00a0\u00a0\u00a034<br \/>\n2. Alli Karhula\u00a0\u00a0\u00a0\u00a0\u00a0\u00a0\u00a0\u00a0\u00a0\u00a0\u00a0\u00a0\u00a0\u00a0\u00a0\u00a0\u00a021<br \/>\n3. Irma Hietamies\u00a0\u00a0\u00a0\u00a0\u00a0\u00a0\u00a0\u00a0\u00a0\u00a0\u00a0\u00a019<br \/>\n4. Kaisa Kaijansinkko\u00a0\u00a0\u00a0\u00a0\u00a0\u00a0\u00a0\u00a012<br \/>\n5. Ulla Kiiski\u00a0\u00a0\u00a0\u00a0\u00a0\u00a0\u00a0\u00a0\u00a0\u00a0\u00a0\u00a0\u00a0\u00a0\u00a0\u00a0\u00a0\u00a0\u00a0\u00a07<br \/>\n6. Hietrud Bastelworth\u00a0\u00a0\u00a0\u00a0\u00a0\u00a05<\/p>\n<p>&nbsp;<\/p>\n<p>Tikanheitto MIEHET<\/p>\n<p style=\"padding-left: 30px\">1. Olavi Virranvuo\u00a0\u00a0\u00a0\u00a0\u00a0\u00a0\u00a0\u00a0\u00a0\u00a0\u00a038<br \/>\n2. Antti Korpela\u00a0\u00a0\u00a0\u00a0\u00a0\u00a0\u00a0\u00a0\u00a0\u00a0\u00a0\u00a0\u00a0\u00a034<br \/>\n3. Jani Pekkanen\u00a0\u00a0\u00a0\u00a0\u00a0\u00a0\u00a0\u00a0\u00a0\u00a0\u00a0\u00a0\u00a029<br \/>\n4. Kauko Saira\u00a0\u00a0\u00a0\u00a0\u00a0\u00a0\u00a0\u00a0\u00a0\u00a0\u00a0\u00a0\u00a0\u00a0\u00a0\u00a026<br \/>\n5. Matti Kaijansinkko\u00a0\u00a0\u00a0\u00a0\u00a0\u00a0\u00a0\u00a023<br \/>\n6. Valto Saira\u00a0\u00a0\u00a0\u00a0\u00a0\u00a0\u00a0\u00a0\u00a0\u00a0\u00a0\u00a0\u00a0\u00a0\u00a0\u00a0\u00a020<br \/>\n7. Jaakko Haiko\u00a0\u00a0\u00a0\u00a0\u00a0\u00a0\u00a0\u00a0\u00a0\u00a0\u00a0\u00a0\u00a0\u00a0\u00a017<br \/>\nEsko Kiiski\u00a0\u00a0\u00a0\u00a0\u00a0\u00a0\u00a0\u00a0\u00a0\u00a0\u00a0\u00a0\u00a0\u00a0\u00a0\u00a0\u00a0\u00a017<br \/>\nKimmo Saira\u00a0\u00a0\u00a0\u00a0\u00a0\u00a0\u00a0\u00a0\u00a0\u00a0\u00a0\u00a0\u00a0\u00a0\u00a017<br \/>\n8. Nevelle Searle\u00a0\u00a0\u00a0\u00a0\u00a0\u00a0\u00a0\u00a0\u00a0\u00a0\u00a0\u00a0\u00a014<br \/>\nMarkku Pekkanen\u00a0\u00a0\u00a0\u00a0\u00a0\u00a0\u00a0\u00a014<br \/>\nAsko Yrj\u00f6nen\u00a0\u00a0\u00a0\u00a0\u00a0\u00a0\u00a0\u00a0\u00a0\u00a0\u00a0\u00a0\u00a0\u00a014<\/p>\n<p>Kolikonheitto<\/p>\n<p style=\"padding-left: 30px\">1. Hannu Hakonen\u00a0\u00a0\u00a0\u00a0\u00a0\u00a0\u00a0\u00a0\u00a0\u00a0\u00a012,8 cm<br \/>\n2. Markku Pekkanen\u00a0\u00a0\u00a0\u00a0\u00a0\u00a0\u00a0\u00a0\u00a015,0 cm<br \/>\n3. Miia Haiko\u00a0\u00a0\u00a0\u00a0\u00a0\u00a0\u00a0\u00a0\u00a0\u00a0\u00a0\u00a0\u00a0\u00a0\u00a0\u00a0\u00a0\u00a026,5 cm<br \/>\nPentti Muhli\u00a0\u00a0\u00a0\u00a0\u00a0\u00a0\u00a0\u00a0\u00a0\u00a0\u00a0\u00a0\u00a0\u00a0\u00a026,5 cm<br \/>\n4. Irma Hietamies\u00a0\u00a0\u00a0\u00a0\u00a0\u00a0\u00a0\u00a0\u00a0\u00a0\u00a0\u00a026,8 cm<br \/>\n5. Jaakko Haiko\u00a0\u00a0\u00a0\u00a0\u00a0\u00a0\u00a0\u00a0\u00a0\u00a0\u00a0\u00a0\u00a0\u00a035,0 cm<br \/>\n6. Esko Hammar\u00a0\u00a0\u00a0\u00a0\u00a0\u00a0\u00a0\u00a0\u00a0\u00a0\u00a0\u00a0\u00a0\u00a041,0 cm<br \/>\n7. Asko Yrj\u00f6nen\u00a0\u00a0\u00a0\u00a0\u00a0\u00a0\u00a0\u00a0\u00a0\u00a0\u00a0\u00a0\u00a0\u00a041,7 cm<br \/>\n8. Maire Laari\u00a0\u00a0\u00a0\u00a0\u00a0\u00a0\u00a0\u00a0\u00a0\u00a0\u00a0\u00a0\u00a0\u00a0\u00a0\u00a0\u00a042,8 cm<br \/>\n9. Jyrki Kohonen\u00a0\u00a0\u00a0\u00a0\u00a0\u00a0\u00a0\u00a0\u00a0\u00a0\u00a0\u00a0\u00a047,0 cm<br \/>\nMarjut Pajula\u00a0\u00a0\u00a0\u00a0\u00a0\u00a0\u00a0\u00a0\u00a0\u00a0\u00a0\u00a0\u00a0\u00a047,0 cm<br \/>\n10. Ulla Kiiski\u00a0\u00a0\u00a0\u00a0\u00a0\u00a0\u00a0\u00a0\u00a0\u00a0\u00a0\u00a0\u00a0\u00a0\u00a0\u00a0\u00a0\u00a058,0 cm<br \/>\n11. Nevelle Searle\u00a0\u00a0\u00a0\u00a0\u00a0\u00a0\u00a0\u00a0\u00a0\u00a0\u00a069,0 cm<br \/>\n12. Kimmo Saira\u00a0\u00a0\u00a0\u00a0\u00a0\u00a0\u00a0\u00a0\u00a0\u00a0\u00a0\u00a0\u00a0\u00a071,0 cm<br \/>\n13. Eero Pajula\u00a0\u00a0\u00a0\u00a0\u00a0\u00a0\u00a0\u00a0\u00a0\u00a0\u00a0\u00a0\u00a0\u00a0\u00a072,0 cm<br \/>\n14. Valto Saira\u00a0\u00a0\u00a0\u00a0\u00a0\u00a0\u00a0\u00a0\u00a0\u00a0\u00a0\u00a0\u00a0\u00a0\u00a072,5 cm<br \/>\n15. Rauni Jukanen\u00a0\u00a0\u00a0\u00a0\u00a0\u00a0\u00a0\u00a0\u00a0\u00a0\u00a074,0 cm<br \/>\nChristo Fr\u00f6hlier\u00a0\u00a0\u00a0\u00a0\u00a0\u00a0\u00a0\u00a0\u00a074,0 cm<br \/>\n16. Varpu Yrj\u00f6nen\u00a0\u00a0\u00a0\u00a0\u00a0\u00a0\u00a0\u00a0\u00a0\u00a0\u00a076,0 cm<br \/>\n17. Mari Haiko\u00a0\u00a0\u00a0\u00a0\u00a0\u00a0\u00a0\u00a0\u00a0\u00a0\u00a0\u00a0\u00a0\u00a0\u00a0\u00a076,5 cm<br \/>\nAlli Karhula\u00a0\u00a0\u00a0\u00a0\u00a0\u00a0\u00a0\u00a0\u00a0\u00a0\u00a0\u00a0\u00a0\u00a0\u00a076,5 cm<br \/>\n18. Esko Kiiski\u00a0\u00a0\u00a0\u00a0\u00a0\u00a0\u00a0\u00a0\u00a0\u00a0\u00a0\u00a0\u00a0\u00a0\u00a0\u00a077,0 cm<br \/>\n19. Olavi Virranvuo\u00a0\u00a0\u00a0\u00a0\u00a0\u00a0\u00a0\u00a0\u00a0\u00a077,5 cm<br \/>\n20. Markku Talka\u00a0\u00a0\u00a0\u00a0\u00a0\u00a0\u00a0\u00a0\u00a0\u00a0\u00a0\u00a085.0 cm<br \/>\n21. Liisa Saira\u00a0\u00a0\u00a0\u00a0\u00a0\u00a0\u00a0\u00a0\u00a0\u00a0\u00a0\u00a0\u00a0\u00a0\u00a0\u00a085,5 cm<br \/>\n22. Osmo Laari\u00a0\u00a0\u00a0\u00a0\u00a0\u00a0\u00a0\u00a0\u00a0\u00a0\u00a0\u00a0\u00a0\u00a0\u00a089,5 cm<br \/>\n23. Henner Kleinschimdt\u00a0\u00a0\u00a090,0 cm<br \/>\n24. Juhani Kinttu\u00a0\u00a0\u00a0\u00a0\u00a0\u00a0\u00a0\u00a0\u00a0\u00a0\u00a0\u00a0\u00a091,0 cm<br \/>\n25. Tuomo Jukanen\u00a0\u00a0\u00a0\u00a0\u00a0\u00a0\u00a0\u00a0\u00a098,5 cm<br \/>\n26. Minna Linna\u00a0\u00a0\u00a0\u00a0\u00a0\u00a0\u00a0\u00a0\u00a0\u00a0\u00a0\u00a0\u00a0\u00a099,5 cm<br \/>\n27. Hietrud Bastelworth\u00a0\u00a0\u00a0\u00a0116,5 cm<br \/>\n28. Kaija Talka\u00a0\u00a0\u00a0\u00a0\u00a0\u00a0\u00a0\u00a0\u00a0\u00a0\u00a0\u00a0\u00a0\u00a0\u00a0130,0 cm<\/p>\n<p>&nbsp;<\/td>\n<\/tr>\n<\/tbody>\n<\/table>\n<\/td>\n<\/tr>\n<\/tbody>\n<\/table>\n","protected":false},"excerpt":{"rendered":"<p>Rantakalaillasta on muodostunut yksi kyl\u00e4yhdistyksen vuosittaisista tapahtumista. Kes\u00e4illasta, kalakeitosta ja Kotalahden saunan l\u00f6ylyist\u00e4 on nauttinut vuosittain noin viitisenkymment\u00e4 osallistujaa. Seuraava rantakalailta perjantaina 20.7.2012 Kotalahdessa &nbsp;<\/p>\n","protected":false},"author":114,"featured_media":0,"parent":55,"menu_order":3,"comment_status":"closed","ping_status":"closed","template":"sidebar-page.php","meta":{"footnotes":""},"_links":{"self":[{"href":"https:\/\/kylat.meitadev.fi\/uimi\/wp-json\/wp\/v2\/pages\/61"}],"collection":[{"href":"https:\/\/kylat.meitadev.fi\/uimi\/wp-json\/wp\/v2\/pages"}],"about":[{"href":"https:\/\/kylat.meitadev.fi\/uimi\/wp-json\/wp\/v2\/types\/page"}],"author":[{"embeddable":true,"href":"https:\/\/kylat.meitadev.fi\/uimi\/wp-json\/wp\/v2\/users\/114"}],"replies":[{"embeddable":true,"href":"https:\/\/kylat.meitadev.fi\/uimi\/wp-json\/wp\/v2\/comments?post=61"}],"version-history":[{"count":9,"href":"https:\/\/kylat.meitadev.fi\/uimi\/wp-json\/wp\/v2\/pages\/61\/revisions"}],"predecessor-version":[{"id":154,"href":"https:\/\/kylat.meitadev.fi\/uimi\/wp-json\/wp\/v2\/pages\/61\/revisions\/154"}],"up":[{"embeddable":true,"href":"https:\/\/kylat.meitadev.fi\/uimi\/wp-json\/wp\/v2\/pages\/55"}],"wp:attachment":[{"href":"https:\/\/kylat.meitadev.fi\/uimi\/wp-json\/wp\/v2\/media?parent=61"}],"curies":[{"name":"wp","href":"https:\/\/api.w.org\/{rel}","templated":true}]}}