{"id":63,"date":"2012-02-10T22:57:20","date_gmt":"2012-02-10T22:57:20","guid":{"rendered":"https:\/\/kylat.meitadev.fi\/uimi\/?page_id=63"},"modified":"2012-02-13T22:24:45","modified_gmt":"2012-02-13T22:24:45","slug":"wanhan-hywan-ajan-kesakisat","status":"publish","type":"page","link":"https:\/\/kylat.meitadev.fi\/uimi\/arkistojen-aarteita\/vuosittaiset-tapahtumat\/wanhan-hywan-ajan-kesakisat\/","title":{"rendered":"Wanhan Hyw\u00e4n Ajan Kes\u00e4kisat"},"content":{"rendered":"<p>Kuka on taitavin s\u00e4kkitappelussa, ovatko miehet vai naiset sujuvampia juoksemaan jalat pussissa ja l\u00f6ytyyk\u00f6 vahvemmin k\u00f6ytt\u00e4 vet\u00e4v\u00e4 porukka alkuasukkaista vai kes\u00e4asukkaista?<\/p>\n<p>Tule viett\u00e4m\u00e4\u00e4n kes\u00e4ist\u00e4 kisailup\u00e4iv\u00e4\u00e4 Uimin koulun kent\u00e4lle! Lapsille my\u00f6s juoksukilpailuja ja oma sarja s\u00e4kkitappelussa.<\/p>\n<p>Ei nyti, eik\u00e4 nyti vaan nyti!<\/p>\n<p><strong>Sunnuntaina 1.7.2012<\/strong><br \/>\nUimin koulun kentt\u00e4, Lahentauksentie.\u00a0klo 12.<br \/>\nj\u00e4rjest\u00e4\u00e4 Uimin seudun kyl\u00e4yhdistys<\/p>\n<p>&nbsp;<\/p>\n<h1><strong>Wanhan hyw\u00e4n ajan kes\u00e4kisat 3.7.2011<\/strong><\/h1>\n<p>Lemin Eskomamma julkistettiin ja kisailijoilta oli runsaasti! Vain s\u00e4kkitappelu j\u00e4i vaille osanottajia, mutta uusi lasten laji pallonheitto renkaaseen ker\u00e4si runsaasti osallistujia.<\/p>\n<p>Lemin uudeksi Eskoksi julistettiin kisojen yhteydess\u00e4 Kaija Lankia, jonka omalla\u00a0verkkolehdell\u00e4\u00e4n Lemin Kirjavalla\u00a0jakaa Lemin kuulumiset maailmalle. Kaija touhuaa my\u00f6s Lemin musiikkijuhlien toiminnanjohtajana.<\/p>\n<p>&nbsp;<\/p>\n<h1><strong>Kisojen tulokset<\/strong><\/h1>\n<p><strong>Pallonheitto renkaaseen (5 palloa) tyt\u00f6t ja pojat<\/strong><br \/>\n3\/5 Elli Melasniemi, Vilja Veikkolainen ja Aamu Milonoff<br \/>\n2\/5 Kristo Melasniemi, Anja Melasniemi ja Kasper Pekari<br \/>\n1\/5 Teo Milonoff, Pihla Pekari, Oona Junnonen ja Veikko Veikkolainen<br \/>\n0\/5 Helmi Turunen ja Iida Korpela<\/p>\n<p><strong>Perheviesti<\/strong><\/p>\n<ol>\n<li>Melasniemen perhe ajalla 2.06<\/li>\n<li>Melasniemi-Milonoffin perhe 2.15<\/li>\n<li>Veikkolaisen perhe 2.16<\/li>\n<\/ol>\n<p>&nbsp;<\/p>\n<p><strong>Lentopallo-ottelun paikalliset vs kes\u00e4asukkaat,<\/strong> voittivat paikalliset asukkaat tuloksella 2-1<\/p>\n<p>Paikallisten joukkueessa pelasivat Heikki Jukanen, Marko Hakonen, Jyrki Kohonen, Jani Pekkanen, Janne Kinttu ja Kasperi Kapiainen. Kes\u00e4asukkaiden joukkueessa Sami Turunen, Jouni Kemppinen, Lauri Sev\u00f3n, M-L Sev\u00f3n, Timo Taskinen, Markku J\u00e4ppinen, Irma Honkanen ja Markus Celvin<\/p>\n<p>&nbsp;<\/p>\n<p><strong>Ratakierroksen tasoitusjuoksu v. 2004 syntyneet ja nuoremmat:<\/strong><\/p>\n<p><strong>Tyt\u00f6t:<br \/>\n<\/strong><\/p>\n<ol>\n<li>Pihla Pekari (-06) aika 58,0s<\/li>\n<li>Tiina Suonio (-05)<\/li>\n<li>Maisa Kemppinen (-06)<\/li>\n<li>Maya Selvin (-08)<\/li>\n<li>Tuula Suonio (-07)<\/li>\n<li>Nelli Hakonen (-08)<\/li>\n<li>Tiia Luukkanen (-05)<\/li>\n<li>Olivia Kemppinen (-08)<\/li>\n<li>Veera Kajoniemi (-08)<\/li>\n<li>Anni Turkkila (-07)<\/li>\n<li>Nella Turkkila (-06)<\/li>\n<li>Vilja Hakonen (-09)<\/li>\n<li>Helmi Turunen (-07)<\/li>\n<li>Jenni Turkkila (-09) ja Iida Korpela (-06)<\/li>\n<\/ol>\n<p><strong>Pojat:<\/strong><\/p>\n<ol>\n<li>Adam Celvin (-06) ajalla 50.0<\/li>\n<li>Teo Milonoff (-04)<\/li>\n<li>Kasper Pekari (-04)<\/li>\n<li>Veikko Veikkolainen (-04)<\/li>\n<li>Viljam Celvin (-08)<\/li>\n<li>Tommi Kajoniemi (-04)<\/li>\n<li>Valtteri Korpela (-08), Teemu K\u00e4yhty (-09) ja Leevi Hakonen (-07)<\/li>\n<\/ol>\n<p>&nbsp;<\/p>\n<p><strong>Vuonna 1996-2003 syntyneiden tasoitusjuoksut<\/strong><\/p>\n<p><strong>Tyt\u00f6t, kolmen ratakierroksen tasoitusjuoksu<br \/>\n<\/strong><\/p>\n<ol>\n<li>Vilja Veikkolainen (-99) ajalla 2.00<\/li>\n<li>Anja Melasniemi (-00)<\/li>\n<li>Aamu Milonoff (-00)<\/li>\n<li>Jolanda Topra (-98)<\/li>\n<li>Heini K\u00e4yhty (-03)<\/li>\n<li>Salla Karppanen (-00) ja Mia Karppanen (-03)<\/li>\n<\/ol>\n<p>&nbsp;<\/p>\n<p><strong>Pojat, nelj\u00e4n ratakierroksen tasoitusjuoksu<br \/>\n<\/strong><\/p>\n<ol>\n<li>Kristo Melasniemi (-03) aika 2.54<\/li>\n<li>Viljami Saira<\/li>\n<li>Jaro Pietil\u00e4inen (-98)<\/li>\n<li>Juho Inkinen (-99)<\/li>\n<li>Kalle Kajoniemi (-03)<\/li>\n<li>Aake Karppanen (-01)<\/li>\n<\/ol>\n<p>&nbsp;<\/p>\n<p><strong>Pussijuoksuviesti 10x20m miesten ja naisten v\u00e4lill\u00e4<\/strong> oli niin tasainen, ett\u00e4 molempien joukkueiden edustajat ylittiv\u00e4t maaliviivan samanaikaisesti.<\/p>\n<p>&nbsp;<\/p>\n<p><strong>Pussitappeluun<\/strong> puomille ei ilmaantunut yht\u00e4\u00e4n rohkeaa osanottajaa.<\/p>\n","protected":false},"excerpt":{"rendered":"<p>Kuka on taitavin s\u00e4kkitappelussa, ovatko miehet vai naiset sujuvampia juoksemaan jalat pussissa ja l\u00f6ytyyk\u00f6 vahvemmin k\u00f6ytt\u00e4 vet\u00e4v\u00e4 porukka alkuasukkaista vai kes\u00e4asukkaista? Tule viett\u00e4m\u00e4\u00e4n kes\u00e4ist\u00e4 kisailup\u00e4iv\u00e4\u00e4 Uimin koulun kent\u00e4lle! Lapsille my\u00f6s juoksukilpailuja ja oma sarja s\u00e4kkitappelussa. Ei nyti, eik\u00e4 nyti vaan &hellip; <a href=\"https:\/\/kylat.meitadev.fi\/uimi\/arkistojen-aarteita\/vuosittaiset-tapahtumat\/wanhan-hywan-ajan-kesakisat\/\">Lue loppuun <span class=\"meta-nav\">&rarr;<\/span><\/a><\/p>\n","protected":false},"author":114,"featured_media":0,"parent":55,"menu_order":4,"comment_status":"closed","ping_status":"closed","template":"sidebar-page.php","meta":{"footnotes":""},"_links":{"self":[{"href":"https:\/\/kylat.meitadev.fi\/uimi\/wp-json\/wp\/v2\/pages\/63"}],"collection":[{"href":"https:\/\/kylat.meitadev.fi\/uimi\/wp-json\/wp\/v2\/pages"}],"about":[{"href":"https:\/\/kylat.meitadev.fi\/uimi\/wp-json\/wp\/v2\/types\/page"}],"author":[{"embeddable":true,"href":"https:\/\/kylat.meitadev.fi\/uimi\/wp-json\/wp\/v2\/users\/114"}],"replies":[{"embeddable":true,"href":"https:\/\/kylat.meitadev.fi\/uimi\/wp-json\/wp\/v2\/comments?post=63"}],"version-history":[{"count":5,"href":"https:\/\/kylat.meitadev.fi\/uimi\/wp-json\/wp\/v2\/pages\/63\/revisions"}],"predecessor-version":[{"id":136,"href":"https:\/\/kylat.meitadev.fi\/uimi\/wp-json\/wp\/v2\/pages\/63\/revisions\/136"}],"up":[{"embeddable":true,"href":"https:\/\/kylat.meitadev.fi\/uimi\/wp-json\/wp\/v2\/pages\/55"}],"wp:attachment":[{"href":"https:\/\/kylat.meitadev.fi\/uimi\/wp-json\/wp\/v2\/media?parent=63"}],"curies":[{"name":"wp","href":"https:\/\/api.w.org\/{rel}","templated":true}]}}