{"id":67,"date":"2012-02-10T23:03:10","date_gmt":"2012-02-10T23:03:10","guid":{"rendered":"https:\/\/kylat.meitadev.fi\/uimi\/?page_id=67"},"modified":"2012-02-13T20:58:21","modified_gmt":"2012-02-13T20:58:21","slug":"arkistojen-aarteita","status":"publish","type":"page","link":"https:\/\/kylat.meitadev.fi\/uimi\/arkistojen-aarteita\/","title":{"rendered":"Arkistojen aarteita"},"content":{"rendered":"<p>N\u00e4ilt\u00e4 sivuilta l\u00f6yd\u00e4t linkkej\u00e4 Uimin kyl\u00e4\u00e4 k\u00e4sitteleviin lehtiartikkeleihin, koosteen menneist\u00e4 tapahtumista ja hieman enemm\u00e4n juttua vuosittaisista tapahtumista, joita kyl\u00e4ll\u00e4 j\u00e4rjestet\u00e4\u00e4n.<\/p>\n","protected":false},"excerpt":{"rendered":"<p>N\u00e4ilt\u00e4 sivuilta l\u00f6yd\u00e4t linkkej\u00e4 Uimin kyl\u00e4\u00e4 k\u00e4sitteleviin lehtiartikkeleihin, koosteen menneist\u00e4 tapahtumista ja hieman enemm\u00e4n juttua vuosittaisista tapahtumista, joita kyl\u00e4ll\u00e4 j\u00e4rjestet\u00e4\u00e4n.<\/p>\n","protected":false},"author":114,"featured_media":0,"parent":0,"menu_order":6,"comment_status":"closed","ping_status":"closed","template":"sidebar-page.php","meta":{"footnotes":""},"_links":{"self":[{"href":"https:\/\/kylat.meitadev.fi\/uimi\/wp-json\/wp\/v2\/pages\/67"}],"collection":[{"href":"https:\/\/kylat.meitadev.fi\/uimi\/wp-json\/wp\/v2\/pages"}],"about":[{"href":"https:\/\/kylat.meitadev.fi\/uimi\/wp-json\/wp\/v2\/types\/page"}],"author":[{"embeddable":true,"href":"https:\/\/kylat.meitadev.fi\/uimi\/wp-json\/wp\/v2\/users\/114"}],"replies":[{"embeddable":true,"href":"https:\/\/kylat.meitadev.fi\/uimi\/wp-json\/wp\/v2\/comments?post=67"}],"version-history":[{"count":4,"href":"https:\/\/kylat.meitadev.fi\/uimi\/wp-json\/wp\/v2\/pages\/67\/revisions"}],"predecessor-version":[{"id":141,"href":"https:\/\/kylat.meitadev.fi\/uimi\/wp-json\/wp\/v2\/pages\/67\/revisions\/141"}],"wp:attachment":[{"href":"https:\/\/kylat.meitadev.fi\/uimi\/wp-json\/wp\/v2\/media?parent=67"}],"curies":[{"name":"wp","href":"https:\/\/api.w.org\/{rel}","templated":true}]}}