{"id":72,"date":"2012-02-10T23:05:58","date_gmt":"2012-02-10T23:05:58","guid":{"rendered":"https:\/\/kylat.meitadev.fi\/uimi\/?page_id=72"},"modified":"2012-02-13T22:03:20","modified_gmt":"2012-02-13T22:03:20","slug":"uimi-nakyy-ja-kuuluu","status":"publish","type":"page","link":"https:\/\/kylat.meitadev.fi\/uimi\/arkistojen-aarteita\/uimi-nakyy-ja-kuuluu\/","title":{"rendered":"Uimi n\u00e4kyy ja kuuluu"},"content":{"rendered":"<p>Artikkeleita mediasta Uimin alueen tapahtumista ja kuulumisista<\/p>\n<p><a href=\"http:\/\/www2.lappeenranta.fi\/lehtitietokanta\/artikkeli.php?id=15985\" target=\"_blank\">Kotalahden leirikeskus kev\u00e4\u00e4ll\u00e4 remontin alle<br \/>\nEtel\u00e4-Saimaa 16.1.2012\u00a0<\/a><\/p>\n<p><a href=\"http:\/\/www.leminkirjava.fi\/2011\/10\/kotalahti-kehujen-kohteena\/\" target=\"_blank\">Kotalahti kehujen kohteena<br \/>\nLemin kirjava 3.10.2011<\/a><\/p>\n<p><a href=\"http:\/\/www.leminkirjava.fi\/2011\/09\/vain-kaiteet-puuttuvat\/\" target=\"_blank\">Vain kaiteet puuttuvat<br \/>\nLemin Kirjava 12.9.2011\u00a0<\/a><\/p>\n<p><a href=\"http:\/\/www.leminkirjava.fi\/2011\/08\/uimille-viikon-siltamotti\/\" target=\"_blank\">Uimille viikon siltamotti<br \/>\nLemin Kirjava 24.8.2011<\/a><\/p>\n<p><a href=\"http:\/\/www.leminkirjava.fi\/2011\/06\/1493\/\" target=\"_blank\">Korsuorkesteri teki tilaa poriseville potoateille<br \/>\nLemin Kirjava 5.6.2011\u00a0<\/a><\/p>\n<p><a href=\"http:\/\/www.leminkirjava.fi\/2011\/05\/kotalahti-odottaa-paatosta-remonttirahasta\/\" target=\"_blank\">Kotalahti odottaa p\u00e4\u00e4t\u00f6st\u00e4 remonttirahasta<br \/>\nLemin Kirjava 16.5.2011\u00a0<\/a><\/p>\n<p><a href=\"http:\/\/yle.fi\/alueet\/etela-karjala\/2011\/05\/kotalahden_leirikeskus_remonttiin_eu-rahalla_2556499.html\" target=\"_blank\">Kotalahden leirikeskus remonttiin EU-rahalla<br \/>\nYLE Etel\u00e4-Karjala 2.5.2011<\/a><\/p>\n<p><a href=\"http:\/\/www2.lappeenranta.fi\/lehtitietokanta\/artikkeli.php?id=13346\" target=\"_blank\">Kyl\u00e4mummin t\u00e4rkein teht\u00e4v\u00e4 on antaa aikaa<br \/>\n<\/a><a href=\"http:\/\/www2.lappeenranta.fi\/lehtitietokanta\/artikkeli.php?id=13346\" target=\"_blank\">Etel\u00e4-Saimaa 4.7.2010\u00a0<\/a><\/p>\n<p><a href=\"http:\/\/www2.lappeenranta.fi\/lehtitietokanta\/artikkeli.php?id=13244\" target=\"_blank\">Niittykulman ovet avautuivat puolentoista vuoden j\u00e4lkeen<br \/>\nEtel\u00e4-Saimaa 3.6.2010<\/a><\/p>\n<p><a href=\"http:\/\/www2.lappeenranta.fi\/lehtitietokanta\/artikkeli.php?id=12490\" target=\"_blank\">Kyl\u00e4yhdistys intoa puhkuen py\u00f6ritt\u00e4m\u00e4\u00e4n Kotalahden toimintaa<br \/>\nEtel\u00e4-Saimaa 9.1.2010<\/a><\/p>\n<p><a href=\"http:\/\/www2.lappeenranta.fi\/lehtitietokanta\/artikkeli.php?id=11973\" target=\"_blank\">Kotalahden leirikeskus Uimin kyl\u00e4yhdistykselle<br \/>\nEtel\u00e4-Saimaa 21.10.2009<\/a><\/p>\n<p><a href=\"http:\/\/www2.lappeenranta.fi\/lehtitietokanta\/artikkeli.php?id=11404\" target=\"_blank\">Ostokset kyl\u00e4kaupasta jo harvinaista herkkua<br \/>\nEtel\u00e4-Saimaa 6.6.2009<\/a><\/p>\n","protected":false},"excerpt":{"rendered":"<p>Artikkeleita mediasta Uimin alueen tapahtumista ja kuulumisista Kotalahden leirikeskus kev\u00e4\u00e4ll\u00e4 remontin alle Etel\u00e4-Saimaa 16.1.2012\u00a0 Kotalahti kehujen kohteena Lemin kirjava 3.10.2011 Vain kaiteet puuttuvat Lemin Kirjava 12.9.2011\u00a0 Uimille viikon siltamotti Lemin Kirjava 24.8.2011 Korsuorkesteri teki tilaa poriseville potoateille Lemin Kirjava 5.6.2011\u00a0 &hellip; <a href=\"https:\/\/kylat.meitadev.fi\/uimi\/arkistojen-aarteita\/uimi-nakyy-ja-kuuluu\/\">Lue loppuun <span class=\"meta-nav\">&rarr;<\/span><\/a><\/p>\n","protected":false},"author":114,"featured_media":0,"parent":67,"menu_order":0,"comment_status":"closed","ping_status":"closed","template":"sidebar-page.php","meta":{"footnotes":""},"_links":{"self":[{"href":"https:\/\/kylat.meitadev.fi\/uimi\/wp-json\/wp\/v2\/pages\/72"}],"collection":[{"href":"https:\/\/kylat.meitadev.fi\/uimi\/wp-json\/wp\/v2\/pages"}],"about":[{"href":"https:\/\/kylat.meitadev.fi\/uimi\/wp-json\/wp\/v2\/types\/page"}],"author":[{"embeddable":true,"href":"https:\/\/kylat.meitadev.fi\/uimi\/wp-json\/wp\/v2\/users\/114"}],"replies":[{"embeddable":true,"href":"https:\/\/kylat.meitadev.fi\/uimi\/wp-json\/wp\/v2\/comments?post=72"}],"version-history":[{"count":7,"href":"https:\/\/kylat.meitadev.fi\/uimi\/wp-json\/wp\/v2\/pages\/72\/revisions"}],"predecessor-version":[{"id":150,"href":"https:\/\/kylat.meitadev.fi\/uimi\/wp-json\/wp\/v2\/pages\/72\/revisions\/150"}],"up":[{"embeddable":true,"href":"https:\/\/kylat.meitadev.fi\/uimi\/wp-json\/wp\/v2\/pages\/67"}],"wp:attachment":[{"href":"https:\/\/kylat.meitadev.fi\/uimi\/wp-json\/wp\/v2\/media?parent=72"}],"curies":[{"name":"wp","href":"https:\/\/api.w.org\/{rel}","templated":true}]}}