{"id":677,"date":"2013-12-25T17:34:05","date_gmt":"2013-12-25T18:04:05","guid":{"rendered":"https:\/\/kylat.meitadev.fi\/vainikkala\/?page_id=677"},"modified":"2014-02-27T09:27:08","modified_gmt":"2014-02-27T09:57:08","slug":"koulun-liikuntasali","status":"publish","type":"page","link":"https:\/\/kylat.meitadev.fi\/vainikkala\/harrastukset\/liikunta\/liikuntapaikat\/koulun-liikuntasali\/","title":{"rendered":"Koulun liikuntasali"},"content":{"rendered":"<p>Entisen koulun liikuntasali (os. Rikkil\u00e4ntie 47) on arki-iltaisin eri liikuntaryhmien k\u00e4yt\u00f6ss\u00e4. Salilla pelataan lentopalloa parina iltana viikossa. Perjantaisin on vuorossa Lappeen Riennon j\u00e4rjest\u00e4m\u00e4t <a title=\"Jumpat\" href=\"https:\/\/kylat.meitadev.fi\/vainikkala\/harrastukset\/liikunta\/naisten-sisaliikunta\/\">jumpat <\/a>lapsille, naisille ja miehille.<\/p>\n<div id=\"attachment_680\" style=\"width: 310px\" class=\"wp-caption alignnone\"><a href=\"https:\/\/kylat.meitadev.fi\/vainikkala\/wp-content\/uploads\/sites\/36\/2013\/12\/koulunsali.jpg\"><img loading=\"lazy\" decoding=\"async\" aria-describedby=\"caption-attachment-680\" class=\"size-medium wp-image-680\" alt=\"P\u00e4\u00e4, olkap\u00e4\u00e4t, peppu, polvet, varpaat.... \" src=\"https:\/\/kylat.meitadev.fi\/vainikkala\/wp-content\/uploads\/sites\/36\/2013\/12\/koulunsali-300x225.jpg\" width=\"300\" height=\"225\" srcset=\"https:\/\/kylat.meitadev.fi\/vainikkala\/wp-content\/uploads\/sites\/36\/2013\/12\/koulunsali-300x225.jpg 300w, https:\/\/kylat.meitadev.fi\/vainikkala\/wp-content\/uploads\/sites\/36\/2013\/12\/koulunsali.jpg 800w\" sizes=\"(max-width: 300px) 100vw, 300px\" \/><\/a><p id=\"caption-attachment-680\" class=\"wp-caption-text\">P\u00e4\u00e4, olkap\u00e4\u00e4t, peppu, polvet, varpaat&#8230;.<\/p><\/div>\n","protected":false},"excerpt":{"rendered":"<p>Entisen koulun liikuntasali (os. Rikkil\u00e4ntie 47) on arki-iltaisin eri liikuntaryhmien k\u00e4yt\u00f6ss\u00e4. Salilla pelataan lentopalloa parina iltana viikossa. Perjantaisin on vuorossa Lappeen Riennon j\u00e4rjest\u00e4m\u00e4t jumpat lapsille, naisille ja miehille.<\/p>\n","protected":false},"author":80,"featured_media":0,"parent":656,"menu_order":0,"comment_status":"open","ping_status":"closed","template":"","meta":{"footnotes":""},"_links":{"self":[{"href":"https:\/\/kylat.meitadev.fi\/vainikkala\/wp-json\/wp\/v2\/pages\/677"}],"collection":[{"href":"https:\/\/kylat.meitadev.fi\/vainikkala\/wp-json\/wp\/v2\/pages"}],"about":[{"href":"https:\/\/kylat.meitadev.fi\/vainikkala\/wp-json\/wp\/v2\/types\/page"}],"author":[{"embeddable":true,"href":"https:\/\/kylat.meitadev.fi\/vainikkala\/wp-json\/wp\/v2\/users\/80"}],"replies":[{"embeddable":true,"href":"https:\/\/kylat.meitadev.fi\/vainikkala\/wp-json\/wp\/v2\/comments?post=677"}],"version-history":[{"count":4,"href":"https:\/\/kylat.meitadev.fi\/vainikkala\/wp-json\/wp\/v2\/pages\/677\/revisions"}],"predecessor-version":[{"id":1212,"href":"https:\/\/kylat.meitadev.fi\/vainikkala\/wp-json\/wp\/v2\/pages\/677\/revisions\/1212"}],"up":[{"embeddable":true,"href":"https:\/\/kylat.meitadev.fi\/vainikkala\/wp-json\/wp\/v2\/pages\/656"}],"wp:attachment":[{"href":"https:\/\/kylat.meitadev.fi\/vainikkala\/wp-json\/wp\/v2\/media?parent=677"}],"curies":[{"name":"wp","href":"https:\/\/api.w.org\/{rel}","templated":true}]}}