{"id":934,"date":"2013-12-26T18:02:50","date_gmt":"2013-12-26T18:32:50","guid":{"rendered":"https:\/\/kylat.meitadev.fi\/vainikkala\/?page_id=934"},"modified":"2013-12-26T18:02:50","modified_gmt":"2013-12-26T18:32:50","slug":"kylapyoraily-2011","status":"publish","type":"page","link":"https:\/\/kylat.meitadev.fi\/vainikkala\/tapahtumakalenteri\/tapahtumahistoria\/kylapyoraily-2011\/","title":{"rendered":"Kyl\u00e4py\u00f6r\u00e4ily 2011"},"content":{"rendered":"<p><strong>Kyl\u00e4py\u00f6r\u00e4ily 22.5.2011<\/strong><\/p>\n<div id=\"attachment_935\" style=\"width: 310px\" class=\"wp-caption alignnone\"><a href=\"https:\/\/kylat.meitadev.fi\/vainikkala\/wp-content\/uploads\/sites\/36\/2013\/12\/kyl\u00e4p4.jpg\"><img loading=\"lazy\" decoding=\"async\" aria-describedby=\"caption-attachment-935\" class=\"size-medium wp-image-935\" alt=\"Toukokuun Kyl\u00e4py\u00f6r\u00e4ilyn arvontapalkinnon, spektroliittisen p\u00f6yt\u00e4kellon voitti Kirsi R\u00e4ih\u00e4 Hytist\u00e4. Elokuun Kyl\u00e4py\u00f6r\u00e4ilyn p\u00e4\u00e4palkintona arvotaan Monark Victoria -polkupy\u00f6r\u00e4.\" src=\"https:\/\/kylat.meitadev.fi\/vainikkala\/wp-content\/uploads\/sites\/36\/2013\/12\/kyl\u00e4p4-300x200.jpg\" width=\"300\" height=\"200\" srcset=\"https:\/\/kylat.meitadev.fi\/vainikkala\/wp-content\/uploads\/sites\/36\/2013\/12\/kyl\u00e4p4-300x200.jpg 300w, https:\/\/kylat.meitadev.fi\/vainikkala\/wp-content\/uploads\/sites\/36\/2013\/12\/kyl\u00e4p4.jpg 448w\" sizes=\"(max-width: 300px) 100vw, 300px\" \/><\/a><p id=\"caption-attachment-935\" class=\"wp-caption-text\">Toukokuun Kyl\u00e4py\u00f6r\u00e4ilyn arvontapalkinnon, spektroliittisen p\u00f6yt\u00e4kellon voitti Kirsi R\u00e4ih\u00e4 Hytist\u00e4. Elokuun Kyl\u00e4py\u00f6r\u00e4ilyn p\u00e4\u00e4palkintona arvotaan Monark Victoria -polkupy\u00f6r\u00e4.<\/p><\/div>\n<p>Toukokuun Kyl\u00e4py\u00f6r\u00e4ily onnistui<\/p>\n<p>S\u00e4\u00e4 suosi toukokuun Kyl\u00e4py\u00f6r\u00e4ily\u00e4. Aurinkoa ja l\u00e4mp\u00f6\u00e4 oli sopivasti, ja ajoittain kovalta vaikuttanut tuulikin haittasi menoa yll\u00e4tt\u00e4v\u00e4n v\u00e4h\u00e4n.<\/p>\n<p>Puitteet olivat kohdallaan, ja uuden etappikyl\u00e4n, Korkea-ahon mukanaolo ilahduttaa entist\u00e4 enemm\u00e4n. Kyl\u00e4 on sijainniltaan kaupunkilaisia ajatellen erinomaisessa paikassa. Olisikin kiinnostavaa tiet\u00e4\u00e4 kuinka monen kyl\u00e4py\u00f6r\u00e4ilij\u00e4n \u201dkotikyl\u00e4\u201d on Lappeenrannan kaupunkialue.<br \/>\nT\u00e4h\u00e4n liittyy viime syksyn\u00e4 saatu palaute. Er\u00e4s kaupunkilais-kyl\u00e4py\u00f6r\u00e4ilij\u00e4 toivoi nettipalautteessaan uutta merkint\u00e4paikkaa kaupungin keskustan tuntumaan, esimerkiksi Simolantien Neste-asemalle. Idea on periaatteessa hyv\u00e4 mutta sen vaikutus talkooty\u00f6n\u00e4 teht\u00e4v\u00e4n kirjaamisty\u00f6n m\u00e4\u00e4r\u00e4\u00e4n arveluttaa. Jo nyt ty\u00f6h\u00f6n kuluu runsaasti tunteja ja uusia tekij\u00f6it\u00e4 kirjaamiselle ei ole helppo l\u00f6yt\u00e4\u00e4. T\u00e4m\u00e4kin yhteenveto on osa talkooty\u00f6n\u00e4 tehty\u00e4 py\u00f6r\u00e4ilyraportointia.<\/p>\n<p>Vuoden 2009 syksyll\u00e4 julistin perinteisen Kyl\u00e4py\u00f6r\u00e4ilyn p\u00e4\u00e4ttyneeksi. Saadun palautteen ja Korkea-ahon mukaantulon my\u00f6t\u00e4 me j\u00e4rjest\u00e4j\u00e4t p\u00e4\u00e4timme kuitenkin jatkaa. P\u00e4\u00e4t\u00f6s oli oikea. Koska vuosien my\u00f6t\u00e4 rakennettu koneisto on kunnossa, ja itse asiassa tehokkaaksi viritettyn\u00e4, Kyl\u00e4py\u00f6r\u00e4ilyll\u00e4 on hyv\u00e4t edellytykset jatkaa pitk\u00e4lle tulevaisuuteen.<\/p>\n<p>Kes\u00e4n toinen Kyl\u00e4py\u00f6r\u00e4ily poljetaan sunnuntaina 14. elokuuta. Tapahtuman p\u00e4\u00e4palkintona arvotaan tuolloin Monark Victoria polkupy\u00f6r\u00e4 Urheilu Koskimiehen valikoimasta.<\/p>\n<p>Sauli Vainikka<\/p>\n<p>KYL\u00c4PY\u00d6R\u00c4ILY 22.5.2011 KYLITT\u00c4IN<\/p>\n<p>(suluissa vuoden 2010 toukokuun tapahtuman lukuja)<br \/>\nPy\u00f6r\u00e4ilij\u00f6it\u00e4 yhteens\u00e4 173 (148)<\/p>\n<p>Kasukkala<br \/>\nKirjauksia 94 (76)<br \/>\nMahdollisesta arvonnasta tiedotetaan my\u00f6hemmin<\/p>\n<p>Haapaj\u00e4rvi<br \/>\nKirjauksia 109 (82)<br \/>\nMahdollisesta arvonnasta tiedotetaan my\u00f6hemmin<\/p>\n<p>Vainikkala<br \/>\nKirjauksia 106 (85)<br \/>\nArvontavoittajat:<br \/>\nOssi Karvanen, kahvipaketti<br \/>\nEija Rumpu, kahvipaketti<br \/>\nJoona Skippari, leikkuulauta<br \/>\nPirjo Kuuluvainen, puunkantokassi<br \/>\nAuli Rantanen, lippis<br \/>\nAri Pekkanen, lippis<br \/>\nPaula Rumpu, kylm\u00e4laukku<br \/>\nAkseli Junnikkala, pizzalahjakortti<br \/>\nMarkku M\u00e4kinen, U-V loppuvuosi<br \/>\nRiitta Lepp\u00e4nen, U-V loppuvuosi<br \/>\nArvonnan yhteyshenkil\u00f6 Teppo Suhonen, etunimi.sukunimi@pp.inet.fi, 0405594773<\/p>\n<p>Villala<br \/>\nKirjauksia 30 (20)<br \/>\nMahdollisesta arvonnasta tiedotetaan my\u00f6hemmin<\/p>\n<p>Rumpu<br \/>\nKirjauksia 44 (43)<br \/>\nArvontavoittajat:<\/p>\n<p>Katri Kauvo, Vuolukivi tuoksukuppi saunan kiukaalle<br \/>\nPasi Leino, Muurikka grilli-\/salaattipihdit<br \/>\nArvonnan yhteyshenkil\u00f6 Asta Pohjola, puh. 050 3287580<\/p>\n<p>Simola<br \/>\nKirjauksia 61 (59)<br \/>\nMahdollisesta arvonnasta tiedotetaan my\u00f6hemmin<\/p>\n<p>Hytti<br \/>\nKirjauksia 74 (53)<br \/>\nMahdollisesta arvonnasta tiedotetaan my\u00f6hemmin<\/p>\n<p>Rapattila<br \/>\nKirjauksia 40 (34)<br \/>\nMahdollisesta arvonnasta tiedotetaan my\u00f6hemmin<\/p>\n<p>Hanhij\u00e4rvi<br \/>\nKirjauksia 77 (53)<br \/>\nMahdollisesta arvonnasta tiedotetaan my\u00f6hemmin<\/p>\n<p>Hyttil\u00e4<br \/>\nKirjauksia 24 (17)<br \/>\nMahdollisesta arvonnasta tiedotetaan my\u00f6hemmin<\/p>\n<p>Yl\u00e4maa<br \/>\nKirjauksia 27 (18)<br \/>\nMahdollisesta arvonnasta tiedotetaan my\u00f6hemmin<\/p>\n<p>Korkea-aho<br \/>\nKirjauksia 28 (21)<br \/>\nMahdollisesta arvonnasta tiedotetaan my\u00f6hemmin<\/p>\n<p>Toukokuun p\u00e4\u00e4palkinnon arvonta<\/p>\n<p>Toukokuun Kyl\u00e4py\u00f6r\u00e4ilyn p\u00e4\u00e4palkinnon arvonta suoritettiin Lappeen Riennon ja Vainikkalan kyl\u00e4toimikunnan edustajien toimesta 16.6.2011 Arvonnassa ovat mukana kaikki ne 89 py\u00f6r\u00e4ilij\u00e4\u00e4 (75) joilta l\u00f6ytyi suorituskirjaus v\u00e4hint\u00e4\u00e4n nelj\u00e4ss\u00e4 merkint\u00e4paikassa. Arvonnan p\u00e4\u00e4palkinnon, spektroliittisen p\u00f6yt\u00e4kellon voitti Kirsi R\u00e4ih\u00e4.<\/p>\n<p>Kyl\u00e4py\u00f6r\u00e4ily \u2013p\u00e4\u00e4arvontaan osallistuvat 89 py\u00f6r\u00e4ilij\u00e4\u00e4. Heist\u00e4 mitalisteja 28<\/p>\n<p>Kyl\u00e4py\u00f6r\u00e4ilyn suoritusmitaliin ovat oikeutettuja ne py\u00f6r\u00e4ilij\u00e4t jotka kirjasivat suorituksensa v\u00e4hint\u00e4\u00e4n kuudella merkint\u00e4paikalla. Kirjaamisen yhteydess\u00e4 py\u00f6r\u00e4ilij\u00e4 valitsi paikan josta h\u00e4n haluaa noutaa mitalin. Mitaleja jaetaan 28 kpl. V\u00e4hint\u00e4\u00e4n kuudessa kyl\u00e4ss\u00e4 suorituksensa kirjanneista 24 py\u00f6r\u00e4ilij\u00e4\u00e4 j\u00e4tti paikan merkitsem\u00e4tt\u00e4. T\u00e4m\u00e4n j\u00e4rjest\u00e4j\u00e4t tulkitsevat siten ett\u00e4 henkil\u00f6 ei mitalia halua. Vuoden 2011 mitalien noutopaikat ovat Lappeen Riennon toimisto, Yl\u00e4maan Korupirtti ja Vainikkalan Sale. Mitalit ovat noudettavissa em. paikoista 6.6.2011 alkaen. Mitaleita s\u00e4ilytet\u00e4\u00e4n noutopaikoissa 30.9.2011 saakka. Mitali pit\u00e4\u00e4 noutaa lomakkeeseen kirjatusta paikasta.<\/p>\n<p>Kaksitoista kyl\u00e4\u00e4, 9 py\u00f6r\u00e4ilij\u00e4 (2)<br \/>\nH\u00e4m\u00e4l\u00e4inen Pasi, Jurvanen Sirpa, Kiero Veijo, Korhonen Ville, Leino Pasi, Oinas Jyrki, Pekkanen Ari, Tuuva Mika, Uotinen Hannu<br \/>\nYksitoista kyl\u00e4\u00e4, 5 py\u00f6r\u00e4ilij\u00e4\u00e4 (3)<br \/>\nKiero Jarmo, Kurkaa Marja, Rumpu Aimo, Saloj\u00e4rvi Raili, Tuuri Jarkko<br \/>\nKymmenen kyl\u00e4\u00e4, 2 py\u00f6r\u00e4ilij\u00e4\u00e4 (3)<br \/>\nKallio Marketta, Rumpu Eija<br \/>\nYhdeks\u00e4n kyl\u00e4\u00e4, 1 py\u00f6r\u00e4ilij\u00e4 (0)<br \/>\nMaijanen Seppo<br \/>\nKahdeksan kyl\u00e4\u00e4, 5 py\u00f6r\u00e4ilij\u00e4\u00e4 (1)<br \/>\nKiero Timo, Kilpi\u00e4 Kimmo, Lepist\u00f6 Moshan Sirpa, Peltonen Minna, Peuha Riitta<br \/>\nSeitsem\u00e4n kyl\u00e4\u00e4, 6 py\u00f6r\u00e4ilij\u00e4\u00e4 (11)<br \/>\nKiero Eeva-Liisa, Kirvesniemi Ari, Kuutti Pentti, Leino Pekka, Pulli Matti, Viertola Hilkka<br \/>\nKuusi kyl\u00e4\u00e4, 24 py\u00f6r\u00e4ilij\u00e4\u00e4 (19)<br \/>\nHjelm Paula, Hyv\u00e4ri Markku, H\u00e4kkinen Heikki, Immonen Sirpa, Kaipia Heikki, Karhu Asko, Kiesi Jani, Kiianen Jaakko, Kiianen Jouko, Koivisto Reima, Koskelainen-Latto Tarja, K\u00e4lvi\u00e4inen Petteri, K\u00e4lvi\u00e4inen Raimo, Manninen Seppo, Mustonen Matti, M\u00e4kinen Markku, M\u00e4kinen Raisa, Nyrkk\u00f6 Joonas, Rantanen Auli, Taskula Jouko, Tiusanen Heli, Tiusanen Petri, Tuuri Sami, Vainikka Sauli<br \/>\nViisi kyl\u00e4\u00e4, 10 py\u00f6r\u00e4ilij\u00e4\u00e4 (2)<br \/>\nIsbom Mauno, Isbom Raija, Kuuluvainen Mikko, Kylli\u00e4inen Pertti, Lepp\u00e4nen Riitta, Lepp\u00e4nen Timo, L\u00f6pp\u00f6nen Eero, Mikkola Meeri, Mikkola Seppo, Mustola Eeva<br \/>\nNelj\u00e4 kyl\u00e4\u00e4, 27 py\u00f6r\u00e4ilij\u00e4\u00e4 (34)<br \/>\nHeiska Joonas, Heiska Ville, Hiiri Marja, Husu Riitta, H\u00e4rk\u00f6nen Ari, J\u00e4rvel\u00e4 Virpi, Kallio Kalevi, Kauppinen Sanni, Korpela Esa, Korpela Joonas, Kuukka Martti, Kuuluvainen Pirjo, K\u00e4lvi\u00e4inen Aila, Martikka Eliisa, Per\u00e4kyl\u00e4 Hilkka, Rumpu Paula, R\u00e4ih\u00e4 Kirsi, Saareks Jyrki, Skippari Jorma, Turunen Maija, Turunen Matti, Vainikka Raija, Vanhapelto Virpi, Vilkko Jorma, V\u00e4kev\u00e4 P\u00e4ivi, Yl\u00f6stalo Pekka, Yl\u00f6stalo Ritva<br \/>\nKolme kyl\u00e4\u00e4, 16 py\u00f6r\u00e4ilij\u00e4\u00e4 (21)<br \/>\nKaksi kyl\u00e4\u00e4, 22 py\u00f6r\u00e4ilij\u00e4\u00e4 (16)<br \/>\nYksi kyl\u00e4, 46 py\u00f6r\u00e4ilij\u00e4\u00e4 (37)<\/p>\n<p>Tapahtumaan osallistuneita ensikertalaisia oli 30 py\u00f6r\u00e4ilij\u00e4\u00e4 (tilastoitu 2000-luvulla)<br \/>\nVuosina 2000-2011 Kyl\u00e4py\u00f6r\u00e4ilyihin on osallistunut yli 950 henkil\u00f6\u00e4.<\/p>\n<p>************************************************************************************<\/p>\n<p><strong>Kyl\u00e4py\u00f6r\u00e4ily 14.8.2011<\/strong><\/p>\n<div id=\"attachment_936\" style=\"width: 310px\" class=\"wp-caption alignnone\"><a href=\"https:\/\/kylat.meitadev.fi\/vainikkala\/wp-content\/uploads\/sites\/36\/2013\/12\/kyl\u00e4p5.jpg\"><img loading=\"lazy\" decoding=\"async\" aria-describedby=\"caption-attachment-936\" class=\"size-medium wp-image-936\" alt=\"Elokuun Kyl\u00e4py\u00f6r\u00e4ilyn p\u00e4\u00e4palkinnon, Monark Victoria -polkupy\u00f6r\u00e4n voitti Ritva Kavala\" src=\"https:\/\/kylat.meitadev.fi\/vainikkala\/wp-content\/uploads\/sites\/36\/2013\/12\/kyl\u00e4p5-300x225.jpg\" width=\"300\" height=\"225\" srcset=\"https:\/\/kylat.meitadev.fi\/vainikkala\/wp-content\/uploads\/sites\/36\/2013\/12\/kyl\u00e4p5-300x225.jpg 300w, https:\/\/kylat.meitadev.fi\/vainikkala\/wp-content\/uploads\/sites\/36\/2013\/12\/kyl\u00e4p5.jpg 640w\" sizes=\"(max-width: 300px) 100vw, 300px\" \/><\/a><p id=\"caption-attachment-936\" class=\"wp-caption-text\">Elokuun Kyl\u00e4py\u00f6r\u00e4ilyn p\u00e4\u00e4palkinnon, Monark Victoria -polkupy\u00f6r\u00e4n voitti Ritva Kavala<\/p><\/div>\n<p>Elokuun Kyl\u00e4py\u00f6r\u00e4ilyn onnistuminen ilahduttaa<\/p>\n<p>Olosuhteet ihanteelliset<br \/>\nIlman l\u00e4mp\u00f6tila oli hieman alle 20 astetta, vallitsi kostea heikkotuulinen s\u00e4\u00e4. Etenkin aamup\u00e4iv\u00e4ll\u00e4 oli heikkoa tihkusadetta. Sorateiden pinnat olivat kosteita, ei siis hengityselimi\u00e4 kiusaavaa p\u00f6lyongelmaa. Monen py\u00f6r\u00e4ilij\u00e4n mielest\u00e4 vallitsi ihanteellinen py\u00f6r\u00e4ilys\u00e4\u00e4.<\/p>\n<p>Suuri m\u00e4\u00e4r\u00e4 ensikertalaisia<br \/>\nElokuun Kyl\u00e4py\u00f6r\u00e4ily onnistui kokonaisuutena erinomaisesti. Erityisesti ilahduttaa ensikertalaisten suuri m\u00e4\u00e4r\u00e4. Mukaan l\u00e4hti runsaasti nuoria aikuisia, nuoria ja lapsia. Tapahtumalla on siis tulevaisuus turvattu. Kunnioitettavan saavutuksen, kaikki 12 kyl\u00e4\u00e4, kiersi kuusitoista urhoollista kyl\u00e4py\u00f6r\u00e4ilij\u00e4\u00e4.<\/p>\n<p>Mehup\u00f6ntt\u00f6 varastettiin<br \/>\nYksi historiaan kirjattava ik\u00e4v\u00e4 asia tapahtui elokuun Kyl\u00e4py\u00f6r\u00e4ilyss\u00e4. Haapaj\u00e4rven merkint\u00e4asemalta varastettiin iltap\u00e4iv\u00e4ll\u00e4 mehup\u00f6ntt\u00f6. Py\u00f6r\u00e4ilyn viimeiset tunnit Haapaj\u00e4rvell\u00e4 ei voinut suorittaa juomatankkausta. Mehup\u00f6ntt\u00f6 l\u00f6ytyi seuraavana p\u00e4iv\u00e4n\u00e4 Kasukkalasta Latutien tuntumasta. Tekij\u00f6ist\u00e4 ei ole tietoa. Liek\u00f6 isoon janoon juomaa haettu vai pelkk\u00e4 kiusantekoko on vohkijoilla ollut motiivina?<\/p>\n<p>K\u00e4yntikortit kylist\u00e4<br \/>\nKyl\u00e4py\u00f6r\u00e4ilyll\u00e4 on vankka ja vakaa suosio. Vaikka yksitt\u00e4isen kyl\u00e4n asukkaiden py\u00f6r\u00e4ilij\u00e4m\u00e4\u00e4r\u00e4 j\u00e4\u00e4 yleens\u00e4 hyvin pieneksi, kaikki yhteens\u00e4, kaupunkilaiset mukaan laskien, tapahtumasta muodostuu kyli\u00e4 yhdist\u00e4v\u00e4 yhteinen tapahtuma. Kyl\u00e4py\u00f6r\u00e4ilyn voidaan katsoa olevan kylien \u201dn\u00e4yteikkuna\u201d tai \u201dk\u00e4yntikortti\u201d henkil\u00f6ille jotka eiv\u00e4t ole koskaan k\u00e4yneet kyliss\u00e4mme. Kokemukseni mukaan t\u00e4llaisia henkil\u00f6it\u00e4 osallistuu jokaiseen Kyl\u00e4py\u00f6r\u00e4ilyyn. Elokuun tapahtumassa ensikertalaisia oli 43. En tied\u00e4, mutta arvelen heist\u00e4 yli kolmasosan olevan\u00a0 \u201dn\u00e4yteikkunoiden katsojia\u201d. He saivat reitilt\u00e4 mieleen painuneet \u201dk\u00e4yntikortit\u201d jokaisesta etappikyl\u00e4st\u00e4 sek\u00e4 my\u00f6s matkan varrelta.<\/p>\n<p>Kyl\u00e4py\u00f6r\u00e4ily on tuote<br \/>\nKirjoitan aina Kyl\u00e4py\u00f6r\u00e4ily-sanan alkamaan isolla kirjaimella. Kyl\u00e4py\u00f6r\u00e4ily ei ole pelkk\u00e4 tapahtuma, Kyl\u00e4py\u00f6r\u00e4ily on tuote jolle voisi periaatteessa hakea rekister\u00f6innin. Kyl\u00e4py\u00f6r\u00e4ily on kaikelle kansalle sopiva tuote joka on kyliss\u00e4 yhteisesti suunniteltu ja kyliss\u00e4 yhteisesti toteutettu.<\/p>\n<p>Sauli Vainikka<\/p>\n<p>KYL\u00c4PY\u00d6R\u00c4ILY 14.8.2011 KYLITT\u00c4IN<\/p>\n<p>(suluissa vuoden 2010 elokuun tapahtuman lukuja)<\/p>\n<p>Py\u00f6r\u00e4ilij\u00f6it\u00e4 yhteens\u00e4 171 (100)<\/p>\n<p>MERKINT\u00c4PAIKAT<\/p>\n<p>Kasukkala<br \/>\nKirjauksia 108 (57)<br \/>\nArvontaa ei ole suoritettu lehden menness\u00e4 painoon<br \/>\nKyl\u00e4n yhteyshenkil\u00f6: Jukka Porali<\/p>\n<p>Haapaj\u00e4rvi<br \/>\nKirjauksia 111 (57)<br \/>\nArvontaa ei ole suoritettu lehden menness\u00e4 painoon<br \/>\nKyl\u00e4n yhteyshenkil\u00f6: Juha-Matti K\u00e4lvi\u00e4inen<\/p>\n<p>Vainikkala<br \/>\nKirjauksia 98 (54)<br \/>\nArvontavoittajat:<br \/>\nHilkka Per\u00e4kyl\u00e4, sateenvarjo<br \/>\nVili Toivakka, sokerikko<br \/>\nTapani Nurkka, mikrokuituliinat<br \/>\nPekka Yl\u00f6stalo, p\u00e4\u00e4hinesetti<br \/>\nTeemu Tikka, p\u00e4\u00e4hinesetti<br \/>\nSisko Vainikka, p\u00e4\u00e4hinesetti<br \/>\nSeppo Kylli\u00e4inen, pizzalahjakortti<br \/>\nSini Kurvi, Uutis-Vainikkala vuosikerta<br \/>\nPalkintojen lahjoittajat:<br \/>\nSale Vainikkala, Sonera,\u00a0 Ravintola Ukko-Pekka, Vainikkalan kyl\u00e4toimikunta<br \/>\nKyl\u00e4n yhteyshenkil\u00f6t: Teppo Suhonen (arvonta) ja Sauli Vainikka (j\u00e4rjestelyt)<\/p>\n<p>Villala<br \/>\nKirjauksia 33 (26)<br \/>\nArvontaa ei ole suoritettu lehden menness\u00e4 painoon<br \/>\nKyl\u00e4n yhteyshenkil\u00f6: Anni Lehtola<\/p>\n<p>Rumpu<br \/>\nKirjauksia 54 (34)<br \/>\nArvontavoittajat:<br \/>\nTimo R\u00f6tk\u00f6, saunatuoksu<br \/>\nJyrki Oinas, Gymstick jumppakuminauha<br \/>\nKyl\u00e4n yhteyshenkil\u00f6: Asta Pohjola<\/p>\n<p>Simola<br \/>\nKirjauksia 75 (48)<br \/>\nArvontavoittaja:<br \/>\nPasi Leino, Rikkil\u00e4n leip\u00e4\u00e4 15 eurolla<br \/>\nKyl\u00e4n yhteyshenkil\u00f6: Heli Kajander<\/p>\n<p>Hytti<br \/>\nKirjauksia 84 (45)<br \/>\nArvontaa ei ole suoritettu lehden menness\u00e4 painoon<br \/>\nKyl\u00e4n yhteyshenkil\u00f6: Irja K\u00e4kel\u00e4<\/p>\n<p>Rapattila<br \/>\nKirjauksia 46 (22)<br \/>\nArvontaa ei ole suoritettu lehden menness\u00e4 painoonKyl\u00e4n yhteyshenkil\u00f6: Marjukka Skytt\u00e4<\/p>\n<p>Hanhij\u00e4rvi<br \/>\nKirjauksia 78 (44)<br \/>\nArvontaa ei ole suoritettu lehden menness\u00e4 painoon<br \/>\nKyl\u00e4n yhteyshenkil\u00f6: Harri Kauranen<\/p>\n<p>Hyttil\u00e4<br \/>\nKirjauksia 31 (22)<br \/>\nArvontaa ei ole suoritettu lehden menness\u00e4 painoon<br \/>\nKyl\u00e4n yhteyshenkil\u00f6: Irma Kailio<\/p>\n<p>Yl\u00e4maa<br \/>\nKirjauksia 27 (21)<br \/>\nArvontaa ei ole suoritettu lehden menness\u00e4 painoon<br \/>\nKyl\u00e4n yhteyshenkil\u00f6: Teuvo Tielinen<\/p>\n<p>Korkea-aho<br \/>\nKirjauksia 39 (21)<br \/>\nArvontaa ei ole suoritettu lehden menness\u00e4 painoon<br \/>\nKyl\u00e4n yhteyshenkil\u00f6: Petri Hovi<\/p>\n<p>Elokuun p\u00e4\u00e4palkinnon arvonta<\/p>\n<p>Elokuun Kyl\u00e4py\u00f6r\u00e4ilyn p\u00e4\u00e4palkinnon arvonta suoritettiin Urheilu Koskimies Oy:n myym\u00e4l\u00e4ss\u00e4 tiistaina 23.8.2011. Arvonnassa olivat mukana kaikki ne 106 py\u00f6r\u00e4ilij\u00e4\u00e4 joilta l\u00f6ytyi suorituskirjaus v\u00e4hint\u00e4\u00e4n nelj\u00e4ss\u00e4 merkint\u00e4paikassa. Arvonnan suorittivat Tuomas Vainikka Urheilu Koskimiehest\u00e4 sek\u00e4 Sauli Vainikka j\u00e4rjest\u00e4jien edustajana. Onnettarena toimi asiakas Arttu Torvi.<\/p>\n<p>P\u00e4\u00e4palkinto<br \/>\nRitva Kavala, Urheilu-Koskimiehen lahjoittama Monark Victoria \u2013polkupy\u00f6r\u00e4<\/p>\n<p>Lis\u00e4palkinnot<br \/>\nKatri Piutula, j\u00e4rjest\u00e4jien lahjoittama termospullo<br \/>\nMauno Luostarinen, j\u00e4rjest\u00e4jien lahjoittama riippukeinu<br \/>\nPasi Leino, j\u00e4rjest\u00e4jien lahjoittama py\u00f6r\u00e4ilykyp\u00e4r\u00e4<br \/>\nTarja Koskelainen-Latto, j\u00e4rjest\u00e4jien lahjoittama reppu<\/p>\n<p>Lis\u00e4palkinnot ostettiin Urheilu-Koskimiehen myym\u00e4l\u00e4n monipuolisesta valikoimasta.<\/p>\n<p>Arvonnassa mukana olleet 106 henkil\u00f6\u00e4 (68)<\/p>\n<p>Kyl\u00e4py\u00f6r\u00e4ilyn p\u00e4\u00e4arvontaan olivat oikeutettuja ne py\u00f6r\u00e4ilij\u00e4t jotka kirjasivat suorituksensa v\u00e4hint\u00e4\u00e4n nelj\u00e4ll\u00e4 merkint\u00e4paikalla. Tapahtumassa ensimm\u00e4ist\u00e4 kertaa mukana olleet on merkitty u-kirjaimella (u).<\/p>\n<p>Kaksitoista kyl\u00e4\u00e4, 16 py\u00f6r\u00e4ilij\u00e4\u00e4 (6)<br \/>\nH\u00e4kkinen Timo (u), Immonen Sirpa, Kailio Toni, Kalliosaari Tommi (u), Kiero Eeva-Liisa, Kiero Veijo, Kilpel\u00e4inen Asko, Leino Pasi, Meuronen Hannu, Oinas Jyrki, Pesu Matti (u), Rumpu Aimo, Rumpu Eija, Tuuri Sami, Tynkkynen Vesa, Uotinen Hannu<br \/>\nYksitoista kyl\u00e4\u00e4, 2 py\u00f6r\u00e4ilij\u00e4\u00e4 (0)<br \/>\nKurvi Jukka, Kurvi Sini<br \/>\nKymmenen kyl\u00e4\u00e4, 1 py\u00f6r\u00e4ilij\u00e4\u00e4 (0)<br \/>\nR\u00f6tk\u00f6 Timo (u)<br \/>\nYhdeks\u00e4n kyl\u00e4\u00e4, 3 py\u00f6r\u00e4ilij\u00e4\u00e4 (2)<br \/>\nJurvanen Tomppa, Niittym\u00e4ki Pekka (u), Taskula Jouko<br \/>\nKahdeksan kyl\u00e4\u00e4, 4 py\u00f6r\u00e4ilij\u00e4\u00e4 (1)<br \/>\nAhonen Teemu (u), Kilpel\u00e4inen Katja (u), Kuuluvainen Mikko, Tynkkynen Katri<br \/>\nSeitsem\u00e4n kyl\u00e4\u00e4, 6 py\u00f6r\u00e4ilij\u00e4\u00e4 (9)<br \/>\nKaipia Eeva, Kaipia Heikki, Kirvesniemi Ari, Lempinen Tuomas (u), R\u00e4s\u00e4nen Vesa (u), Saira Pauli<br \/>\nKuusi kyl\u00e4\u00e4, 16 py\u00f6r\u00e4ilij\u00e4\u00e4 (17)<br \/>\nHjelm Paula, Kaplas Heikki, Kaplas Riitta, Koskelainen-Latto Tarja, Kuutti Pentti, Kylli\u00e4inen Seppo (u), K\u00e4lvi\u00e4inen Juha-Matti, K\u00e4lvi\u00e4inen Marja-Liisa, Laurikainen Leena (u), Maijanen Seppo, Mustonen Matti, Nurkka Merja (u), Nurkka Tapani (u), Turunen Maija, Turunen Matti, Vainikka Eija<br \/>\nViisi kyl\u00e4\u00e4, 22 py\u00f6r\u00e4ilij\u00e4\u00e4 (5)<br \/>\nKaasinen Juho (u), Kallio Kalevi, Kallio Marketta, Kavala Ritva (u), Kiianen Jaakko, Kiianen Jouko, Kolhonen Anna-Liisa, Kylli\u00e4inen Pertti, K\u00e4lvi\u00e4inen Petteri, K\u00e4lvi\u00e4inen Raimo, K\u00e4lvi\u00e4inen Santeri, Laine Jouko (u), Lyijynen Mikko (u), Maijanen Petri (u), Mikkola Pentti, Myll\u00e4rinen Vesa (u), Pekkanen Tarja (u), Piutula Katri (u), Pohjola Arja (u), Raminen Markku (u), Syrj\u00e4l\u00e4inen Alpo, Vainikka Sauli<br \/>\nNelj\u00e4 kyl\u00e4\u00e4, 36 py\u00f6r\u00e4ilij\u00e4\u00e4 (28)<br \/>\nKuuluvainen Pirjo, Heiska Joonas, Heiska Ville, Hiiri Irma (u), Huhtanen Katriina (u), Juntunen Eero, Kauppinen Sanni, Kiesi Jani, K\u00e4lvi\u00e4inen Maija, Lehikoinen Sari, Leinikka Jouko, Luostarinen Mauno, Mikkola Seppo, N\u00e4rhi Pentti (u), Penttil\u00e4 Jouko (u), Per\u00e4kyl\u00e4 Hilkka, Pihlajaniemi Tuula, Rantanen Auli, Raskila Hilkka, Raskila Petter, Rumpu Paula, Saari Seija (u), Salakka Heli, Salminen Ensio, Siiskonen Seppo, Tikka Anniina, Tikka Merja, Tikka Teemu, Toivakka Vili, Toiviainen Risto, Toiviainen Ulla-Maija, Vainikka Kaisa (u), Vainikka Raija, Vainikka Sisko, Yl\u00f6stalo Pekka, Yl\u00f6stalo Ritva<br \/>\nKolme kyl\u00e4\u00e4,12 py\u00f6r\u00e4ilij\u00e4\u00e4 (4) Ei mukana p\u00e4\u00e4arvonnassa. 2 henkil\u00f6\u00e4 (u)<br \/>\nKaksi kyl\u00e4\u00e4, 20 py\u00f6r\u00e4ilij\u00e4\u00e4 (5) Ei mukana p\u00e4\u00e4arvonnassa. 2 henkil\u00f6\u00e4 (u)<br \/>\nYksi kyl\u00e4, 33 py\u00f6r\u00e4ilij\u00e4\u00e4 (23) Ei mukana p\u00e4\u00e4arvonnassa. 10 henkil\u00f6\u00e4 (u)<\/p>\n<p>Paljon ensikertalaisia<\/p>\n<p>Ensimm\u00e4inen osallistuminen Kyl\u00e4py\u00f6r\u00e4ily-tapahtumaan, 43 py\u00f6r\u00e4ilij\u00e4\u00e4 (Tilastoitu vuodesta 2000 alkaen)<\/p>\n<p>Vuosina 2000-2011 Kyl\u00e4py\u00f6r\u00e4ilyihin on osallistunut yhteens\u00e4 noin 740 henkil\u00f6\u00e4.<\/p>\n","protected":false},"excerpt":{"rendered":"<p>Kyl\u00e4py\u00f6r\u00e4ily 22.5.2011 Toukokuun Kyl\u00e4py\u00f6r\u00e4ily onnistui S\u00e4\u00e4 suosi toukokuun Kyl\u00e4py\u00f6r\u00e4ily\u00e4. Aurinkoa ja l\u00e4mp\u00f6\u00e4 oli sopivasti, ja ajoittain kovalta vaikuttanut tuulikin haittasi menoa yll\u00e4tt\u00e4v\u00e4n v\u00e4h\u00e4n. Puitteet olivat kohdallaan, ja uuden etappikyl\u00e4n, Korkea-ahon mukanaolo ilahduttaa entist\u00e4 enemm\u00e4n. Kyl\u00e4 on sijainniltaan kaupunkilaisia ajatellen erinomaisessa &hellip; <a href=\"https:\/\/kylat.meitadev.fi\/vainikkala\/tapahtumakalenteri\/tapahtumahistoria\/kylapyoraily-2011\/\">Lue loppuun <span class=\"meta-nav\">&rarr;<\/span><\/a><\/p>\n","protected":false},"author":80,"featured_media":0,"parent":918,"menu_order":0,"comment_status":"open","ping_status":"closed","template":"","meta":{"footnotes":""},"_links":{"self":[{"href":"https:\/\/kylat.meitadev.fi\/vainikkala\/wp-json\/wp\/v2\/pages\/934"}],"collection":[{"href":"https:\/\/kylat.meitadev.fi\/vainikkala\/wp-json\/wp\/v2\/pages"}],"about":[{"href":"https:\/\/kylat.meitadev.fi\/vainikkala\/wp-json\/wp\/v2\/types\/page"}],"author":[{"embeddable":true,"href":"https:\/\/kylat.meitadev.fi\/vainikkala\/wp-json\/wp\/v2\/users\/80"}],"replies":[{"embeddable":true,"href":"https:\/\/kylat.meitadev.fi\/vainikkala\/wp-json\/wp\/v2\/comments?post=934"}],"version-history":[{"count":1,"href":"https:\/\/kylat.meitadev.fi\/vainikkala\/wp-json\/wp\/v2\/pages\/934\/revisions"}],"predecessor-version":[{"id":937,"href":"https:\/\/kylat.meitadev.fi\/vainikkala\/wp-json\/wp\/v2\/pages\/934\/revisions\/937"}],"up":[{"embeddable":true,"href":"https:\/\/kylat.meitadev.fi\/vainikkala\/wp-json\/wp\/v2\/pages\/918"}],"wp:attachment":[{"href":"https:\/\/kylat.meitadev.fi\/vainikkala\/wp-json\/wp\/v2\/media?parent=934"}],"curies":[{"name":"wp","href":"https:\/\/api.w.org\/{rel}","templated":true}]}}