{"id":31,"date":"2012-09-14T14:31:00","date_gmt":"2012-09-14T15:01:00","guid":{"rendered":"https:\/\/kylat.meitadev.fi\/valijoki\/?page_id=31"},"modified":"2012-11-08T16:32:37","modified_gmt":"2012-11-08T17:02:37","slug":"valijoen-seudun-yhdistykset","status":"publish","type":"page","link":"https:\/\/kylat.meitadev.fi\/valijoki\/valijoen-seudun-yhdistykset\/","title":{"rendered":"V\u00e4lijoen seudun yhdistykset"},"content":{"rendered":"<p>V\u00e4lijoen seudulla toimii kolme aktiivista yhdistyst\u00e4: nuorisoseura, maa- ja kotitalousnaiset sek\u00e4 mets\u00e4stysyhdistys. Entisten kalastuskuntien virkaa hoitavat osakaskunnat.<\/p>\n","protected":false},"excerpt":{"rendered":"<p>V\u00e4lijoen seudulla toimii kolme aktiivista yhdistyst\u00e4: nuorisoseura, maa- ja kotitalousnaiset sek\u00e4 mets\u00e4stysyhdistys. Entisten kalastuskuntien virkaa hoitavat osakaskunnat.<\/p>\n","protected":false},"author":31,"featured_media":0,"parent":0,"menu_order":0,"comment_status":"open","ping_status":"open","template":"","meta":{"footnotes":""},"_links":{"self":[{"href":"https:\/\/kylat.meitadev.fi\/valijoki\/wp-json\/wp\/v2\/pages\/31"}],"collection":[{"href":"https:\/\/kylat.meitadev.fi\/valijoki\/wp-json\/wp\/v2\/pages"}],"about":[{"href":"https:\/\/kylat.meitadev.fi\/valijoki\/wp-json\/wp\/v2\/types\/page"}],"author":[{"embeddable":true,"href":"https:\/\/kylat.meitadev.fi\/valijoki\/wp-json\/wp\/v2\/users\/31"}],"replies":[{"embeddable":true,"href":"https:\/\/kylat.meitadev.fi\/valijoki\/wp-json\/wp\/v2\/comments?post=31"}],"version-history":[{"count":8,"href":"https:\/\/kylat.meitadev.fi\/valijoki\/wp-json\/wp\/v2\/pages\/31\/revisions"}],"predecessor-version":[{"id":108,"href":"https:\/\/kylat.meitadev.fi\/valijoki\/wp-json\/wp\/v2\/pages\/31\/revisions\/108"}],"wp:attachment":[{"href":"https:\/\/kylat.meitadev.fi\/valijoki\/wp-json\/wp\/v2\/media?parent=31"}],"curies":[{"name":"wp","href":"https:\/\/api.w.org\/{rel}","templated":true}]}}