{"id":315,"date":"2015-04-04T07:45:04","date_gmt":"2015-04-04T08:15:04","guid":{"rendered":"https:\/\/kylat.meitadev.fi\/valijoki\/?page_id=315"},"modified":"2017-05-15T18:51:53","modified_gmt":"2017-05-15T19:21:53","slug":"kuvagalleria","status":"publish","type":"page","link":"https:\/\/kylat.meitadev.fi\/valijoki\/kuvagalleria\/","title":{"rendered":"Kuvagalleria"},"content":{"rendered":"<p><a href=\"https:\/\/kylat.meitadev.fi\/valijoki\/wp-content\/uploads\/sites\/19\/2015\/04\/DSCN4693.jpg\"><img loading=\"lazy\" decoding=\"async\" class=\"aligncenter size-medium wp-image-378\" src=\"https:\/\/kylat.meitadev.fi\/valijoki\/wp-content\/uploads\/sites\/19\/2015\/04\/DSCN4693-300x225.jpg\" alt=\"\" width=\"300\" height=\"225\" srcset=\"https:\/\/kylat.meitadev.fi\/valijoki\/wp-content\/uploads\/sites\/19\/2015\/04\/DSCN4693-300x225.jpg 300w, https:\/\/kylat.meitadev.fi\/valijoki\/wp-content\/uploads\/sites\/19\/2015\/04\/DSCN4693-768x576.jpg 768w, https:\/\/kylat.meitadev.fi\/valijoki\/wp-content\/uploads\/sites\/19\/2015\/04\/DSCN4693-1024x768.jpg 1024w\" sizes=\"(max-width: 300px) 100vw, 300px\" \/><\/a> <a href=\"https:\/\/kylat.meitadev.fi\/valijoki\/wp-content\/uploads\/sites\/19\/2015\/04\/DSCN4695.jpg\"><img loading=\"lazy\" decoding=\"async\" class=\"aligncenter size-medium wp-image-379\" src=\"https:\/\/kylat.meitadev.fi\/valijoki\/wp-content\/uploads\/sites\/19\/2015\/04\/DSCN4695-300x225.jpg\" alt=\"\" width=\"300\" height=\"225\" srcset=\"https:\/\/kylat.meitadev.fi\/valijoki\/wp-content\/uploads\/sites\/19\/2015\/04\/DSCN4695-300x225.jpg 300w, https:\/\/kylat.meitadev.fi\/valijoki\/wp-content\/uploads\/sites\/19\/2015\/04\/DSCN4695-768x576.jpg 768w, https:\/\/kylat.meitadev.fi\/valijoki\/wp-content\/uploads\/sites\/19\/2015\/04\/DSCN4695-1024x768.jpg 1024w\" sizes=\"(max-width: 300px) 100vw, 300px\" \/><\/a> <a href=\"https:\/\/kylat.meitadev.fi\/valijoki\/wp-content\/uploads\/sites\/19\/2015\/04\/DSCN4702.jpg\"><img loading=\"lazy\" decoding=\"async\" class=\"aligncenter size-medium wp-image-380\" src=\"https:\/\/kylat.meitadev.fi\/valijoki\/wp-content\/uploads\/sites\/19\/2015\/04\/DSCN4702-300x225.jpg\" alt=\"\" width=\"300\" height=\"225\" srcset=\"https:\/\/kylat.meitadev.fi\/valijoki\/wp-content\/uploads\/sites\/19\/2015\/04\/DSCN4702-300x225.jpg 300w, https:\/\/kylat.meitadev.fi\/valijoki\/wp-content\/uploads\/sites\/19\/2015\/04\/DSCN4702-768x576.jpg 768w, https:\/\/kylat.meitadev.fi\/valijoki\/wp-content\/uploads\/sites\/19\/2015\/04\/DSCN4702-1024x768.jpg 1024w\" sizes=\"(max-width: 300px) 100vw, 300px\" \/><\/a> <a href=\"https:\/\/kylat.meitadev.fi\/valijoki\/wp-content\/uploads\/sites\/19\/2015\/04\/DSCN4703.jpg\"><img loading=\"lazy\" decoding=\"async\" class=\"aligncenter size-medium wp-image-381\" src=\"https:\/\/kylat.meitadev.fi\/valijoki\/wp-content\/uploads\/sites\/19\/2015\/04\/DSCN4703-300x225.jpg\" alt=\"\" width=\"300\" height=\"225\" srcset=\"https:\/\/kylat.meitadev.fi\/valijoki\/wp-content\/uploads\/sites\/19\/2015\/04\/DSCN4703-300x225.jpg 300w, https:\/\/kylat.meitadev.fi\/valijoki\/wp-content\/uploads\/sites\/19\/2015\/04\/DSCN4703-768x576.jpg 768w, https:\/\/kylat.meitadev.fi\/valijoki\/wp-content\/uploads\/sites\/19\/2015\/04\/DSCN4703-1024x768.jpg 1024w\" sizes=\"(max-width: 300px) 100vw, 300px\" \/><\/a>V\u00e4lijoen lavalla tanssitaan sunnuntaisin 21.5. alkaen. Viimeiset siivoustalkoot ja kyl\u00e4p\u00e4\u00e4llikk\u00f6 Lilja h\u00e4\u00e4rii mukana ty\u00f6n touhussa.<\/p>\n","protected":false},"excerpt":{"rendered":"<p>V\u00e4lijoen lavalla tanssitaan sunnuntaisin 21.5. alkaen. Viimeiset siivoustalkoot ja kyl\u00e4p\u00e4\u00e4llikk\u00f6 Lilja h\u00e4\u00e4rii mukana ty\u00f6n touhussa.<\/p>\n","protected":false},"author":31,"featured_media":0,"parent":0,"menu_order":0,"comment_status":"open","ping_status":"closed","template":"","meta":{"footnotes":""},"_links":{"self":[{"href":"https:\/\/kylat.meitadev.fi\/valijoki\/wp-json\/wp\/v2\/pages\/315"}],"collection":[{"href":"https:\/\/kylat.meitadev.fi\/valijoki\/wp-json\/wp\/v2\/pages"}],"about":[{"href":"https:\/\/kylat.meitadev.fi\/valijoki\/wp-json\/wp\/v2\/types\/page"}],"author":[{"embeddable":true,"href":"https:\/\/kylat.meitadev.fi\/valijoki\/wp-json\/wp\/v2\/users\/31"}],"replies":[{"embeddable":true,"href":"https:\/\/kylat.meitadev.fi\/valijoki\/wp-json\/wp\/v2\/comments?post=315"}],"version-history":[{"count":5,"href":"https:\/\/kylat.meitadev.fi\/valijoki\/wp-json\/wp\/v2\/pages\/315\/revisions"}],"predecessor-version":[{"id":382,"href":"https:\/\/kylat.meitadev.fi\/valijoki\/wp-json\/wp\/v2\/pages\/315\/revisions\/382"}],"wp:attachment":[{"href":"https:\/\/kylat.meitadev.fi\/valijoki\/wp-json\/wp\/v2\/media?parent=315"}],"curies":[{"name":"wp","href":"https:\/\/api.w.org\/{rel}","templated":true}]}}