{"id":324,"date":"2015-05-04T07:56:54","date_gmt":"2015-05-04T08:26:54","guid":{"rendered":"https:\/\/kylat.meitadev.fi\/valijoki\/?page_id=324"},"modified":"2015-04-04T08:03:23","modified_gmt":"2015-04-04T08:33:23","slug":"viimeiset-mohikaanit","status":"publish","type":"page","link":"https:\/\/kylat.meitadev.fi\/valijoki\/kuvagalleria\/viimeiset-mohikaanit\/","title":{"rendered":"Viimeiset mohikaanit"},"content":{"rendered":"<div id=\"attachment_311\" style=\"width: 306px\" class=\"wp-caption alignleft\"><a href=\"https:\/\/kylat.meitadev.fi\/valijoki\/wp-content\/uploads\/sites\/19\/2014\/09\/mohikaanit-harjkuva4.jpg\"><img loading=\"lazy\" decoding=\"async\" aria-describedby=\"caption-attachment-311\" class=\"  wp-image-311\" src=\"https:\/\/kylat.meitadev.fi\/valijoki\/wp-content\/uploads\/sites\/19\/2014\/09\/mohikaanit-harjkuva4-300x200.jpg\" alt=\"mohikaanit harjkuva4\" width=\"296\" height=\"197\" srcset=\"https:\/\/kylat.meitadev.fi\/valijoki\/wp-content\/uploads\/sites\/19\/2014\/09\/mohikaanit-harjkuva4-300x200.jpg 300w, https:\/\/kylat.meitadev.fi\/valijoki\/wp-content\/uploads\/sites\/19\/2014\/09\/mohikaanit-harjkuva4.jpg 1000w\" sizes=\"(max-width: 296px) 100vw, 296px\" \/><\/a><p id=\"caption-attachment-311\" class=\"wp-caption-text\">T\u00e4st\u00e4 se taas alkaa, p\u00e4hk\u00e4ily\u00e4 p\u00f6yd\u00e4n \u00e4\u00e4ress\u00e4.<\/p><\/div>\n<div id=\"attachment_310\" style=\"width: 310px\" class=\"wp-caption alignleft\"><a href=\"https:\/\/kylat.meitadev.fi\/valijoki\/wp-content\/uploads\/sites\/19\/2014\/09\/mohikaanit-harjkuva5.jpg\"><img loading=\"lazy\" decoding=\"async\" aria-describedby=\"caption-attachment-310\" class=\"wp-image-310 size-medium\" src=\"https:\/\/kylat.meitadev.fi\/valijoki\/wp-content\/uploads\/sites\/19\/2014\/09\/mohikaanit-harjkuva5-300x200.jpg\" alt=\"mohikaanit harjkuva5\" width=\"300\" height=\"200\" srcset=\"https:\/\/kylat.meitadev.fi\/valijoki\/wp-content\/uploads\/sites\/19\/2014\/09\/mohikaanit-harjkuva5-300x200.jpg 300w, https:\/\/kylat.meitadev.fi\/valijoki\/wp-content\/uploads\/sites\/19\/2014\/09\/mohikaanit-harjkuva5.jpg 1000w\" sizes=\"(max-width: 300px) 100vw, 300px\" \/><\/a><p id=\"caption-attachment-310\" class=\"wp-caption-text\">&#8221;T\u00e4\u00e4 on mun vuorosana!&#8221;<\/p><\/div>\n<p>&nbsp;<\/p>\n<div id=\"attachment_312\" style=\"width: 310px\" class=\"wp-caption alignleft\"><a href=\"https:\/\/kylat.meitadev.fi\/valijoki\/wp-content\/uploads\/sites\/19\/2014\/09\/mohikaanit-harjkuva3.jpg\"><img loading=\"lazy\" decoding=\"async\" aria-describedby=\"caption-attachment-312\" class=\"wp-image-312 size-medium\" src=\"https:\/\/kylat.meitadev.fi\/valijoki\/wp-content\/uploads\/sites\/19\/2014\/09\/mohikaanit-harjkuva3-300x200.jpg\" alt=\"mohikaanit harjkuva3\" width=\"300\" height=\"200\" srcset=\"https:\/\/kylat.meitadev.fi\/valijoki\/wp-content\/uploads\/sites\/19\/2014\/09\/mohikaanit-harjkuva3-300x200.jpg 300w, https:\/\/kylat.meitadev.fi\/valijoki\/wp-content\/uploads\/sites\/19\/2014\/09\/mohikaanit-harjkuva3.jpg 1000w\" sizes=\"(max-width: 300px) 100vw, 300px\" \/><\/a><p id=\"caption-attachment-312\" class=\"wp-caption-text\">&#8221;\u00c4\u00e4nest\u00e4k\u00e4\u00e4 kansanedustaja Kaarnaa!&#8221;<\/p><\/div>\n<div id=\"attachment_313\" style=\"width: 310px\" class=\"wp-caption alignleft\"><a href=\"https:\/\/kylat.meitadev.fi\/valijoki\/wp-content\/uploads\/sites\/19\/2014\/09\/mohikaanit-harjkuva1-.jpg\"><img loading=\"lazy\" decoding=\"async\" aria-describedby=\"caption-attachment-313\" class=\"wp-image-313 size-medium\" src=\"https:\/\/kylat.meitadev.fi\/valijoki\/wp-content\/uploads\/sites\/19\/2014\/09\/mohikaanit-harjkuva1--300x200.jpg\" alt=\"mohikaanit harjkuva1\" width=\"300\" height=\"200\" srcset=\"https:\/\/kylat.meitadev.fi\/valijoki\/wp-content\/uploads\/sites\/19\/2014\/09\/mohikaanit-harjkuva1--300x200.jpg 300w, https:\/\/kylat.meitadev.fi\/valijoki\/wp-content\/uploads\/sites\/19\/2014\/09\/mohikaanit-harjkuva1-.jpg 1000w\" sizes=\"(max-width: 300px) 100vw, 300px\" \/><\/a><p id=\"caption-attachment-313\" class=\"wp-caption-text\">&#8221;Tervetuloa t\u00e4nne tangokuninkas alkukarsintaan!&#8221;<\/p><\/div>\n<p>&nbsp;<\/p>\n","protected":false},"excerpt":{"rendered":"<p>&nbsp; &nbsp;<\/p>\n","protected":false},"author":31,"featured_media":0,"parent":315,"menu_order":0,"comment_status":"open","ping_status":"closed","template":"","meta":{"footnotes":""},"_links":{"self":[{"href":"https:\/\/kylat.meitadev.fi\/valijoki\/wp-json\/wp\/v2\/pages\/324"}],"collection":[{"href":"https:\/\/kylat.meitadev.fi\/valijoki\/wp-json\/wp\/v2\/pages"}],"about":[{"href":"https:\/\/kylat.meitadev.fi\/valijoki\/wp-json\/wp\/v2\/types\/page"}],"author":[{"embeddable":true,"href":"https:\/\/kylat.meitadev.fi\/valijoki\/wp-json\/wp\/v2\/users\/31"}],"replies":[{"embeddable":true,"href":"https:\/\/kylat.meitadev.fi\/valijoki\/wp-json\/wp\/v2\/comments?post=324"}],"version-history":[{"count":3,"href":"https:\/\/kylat.meitadev.fi\/valijoki\/wp-json\/wp\/v2\/pages\/324\/revisions"}],"predecessor-version":[{"id":327,"href":"https:\/\/kylat.meitadev.fi\/valijoki\/wp-json\/wp\/v2\/pages\/324\/revisions\/327"}],"up":[{"embeddable":true,"href":"https:\/\/kylat.meitadev.fi\/valijoki\/wp-json\/wp\/v2\/pages\/315"}],"wp:attachment":[{"href":"https:\/\/kylat.meitadev.fi\/valijoki\/wp-json\/wp\/v2\/media?parent=324"}],"curies":[{"name":"wp","href":"https:\/\/api.w.org\/{rel}","templated":true}]}}