{"id":34,"date":"2012-09-14T14:35:47","date_gmt":"2012-09-14T15:05:47","guid":{"rendered":"https:\/\/kylat.meitadev.fi\/valijoki\/?page_id=34"},"modified":"2021-06-17T17:41:55","modified_gmt":"2021-06-17T18:11:55","slug":"mannisto-ja-valijoen-parketti","status":"publish","type":"page","link":"https:\/\/kylat.meitadev.fi\/valijoki\/mannisto-ja-valijoen-parketti\/","title":{"rendered":"M\u00e4nnist\u00f6 ja V\u00e4lijoen lava"},"content":{"rendered":"<p>V\u00e4lijoen asukkaiden yhteinen &#8221;koti&#8221; M\u00e4nnist\u00f6 sijaitsee aivan Taavetintien kupeessa (M\u00e4nnist\u00f6ntie 10) noin 18 kilometrin p\u00e4\u00e4ss\u00e4 Savitaipaleen kirkonkyl\u00e4lt\u00e4. Varsinkin talvisin talon sali on kansalaisopiston ja kyl\u00e4l\u00e4l\u00e4isten omien liikunta- ja harrastusryhmien k\u00e4yt\u00f6ss\u00e4. M\u00e4nnist\u00f6ss\u00e4 j\u00e4rjestet\u00e4\u00e4n my\u00f6s paljon yksityisi\u00e4 juhlia ja kokouksia.<\/p>\n<p>Saliin mahtuu istumaan kerralla 150 henkil\u00f6\u00e4. Iso keitti\u00f6 on remontoitu 2010. Reilu 70 vuotta vanhaa taloa on kunnostettu ja remontoitu muutekin viime vuosina, joten talo on nyt hyv\u00e4ss\u00e4 k\u00e4ytt\u00f6kunnossa. Tarkemman esittelyn kuvineen l\u00f6yd\u00e4t alla olevan M\u00e4nnist\u00f6n esittely -linkin takaa.<\/p>\n<p>M\u00e4nnist\u00f6n (ja\/tai Lavan) vuokrauksesta vastaa Saila Vanamo p. 040 701 7969. Molemmat kiinteist\u00f6t ovat V\u00e4lijoen nuorisoseura Riennon omistuksessa. Alla olevista linkeist\u00e4 l\u00f6yd\u00e4t M\u00e4nnist\u00f6n tarkemmat tiedot.<\/p>\n<p><strong><a href=\"http:\/\/palvelut.ekarjala.fi\/index.php?option=com_kylatalo&amp;task=view_item&amp;id=9\">M\u00e4nnist\u00f6n esittely<\/a><\/strong><\/p>\n<p><a href=\"https:\/\/kylat.meitadev.fi\/valijoki\/wp-content\/uploads\/sites\/19\/2020\/01\/m\u00e4nnist\u00f6n-vuokrahinnat-2020.pdf\">M\u00e4nnist\u00f6n vuokrahinnat 2021<\/a><\/p>\n<p><strong>V\u00e4lijoen Lava<br \/><\/strong><\/p>\n<p>M\u00e4nnist\u00f6n vieress\u00e4 sijaitseva tanssilava V\u00e4lijoen Lava (entinen V\u00e4lijoen Parketti, M\u00e4nnist\u00f6ntie 2) oli aikoinaan suosittu tanssipaikka. Pitk\u00e4n tauon j\u00e4lkeen Nuorisoseura j\u00e4rjesti lavalla Nostalgiatansseja vuosittain elokuun alussa. Usein M\u00e4nnist\u00f6ss\u00e4 vietett\u00e4v\u00e4t yksityistilaisuudet hy\u00f6dynt\u00e4v\u00e4t my\u00f6s V\u00e4lijoen lavan tiloja.<\/p>\n<p>Kes\u00e4ll\u00e4 2017 Parketti herasi uudelleen eloon sunnuntaitanssien merkeiss\u00e4. M\u00f6ykkyinen parketti poistettiin ja tilalle tuli erinomainen lautalattia. V\u00e4lijoen lava kutsuu tanssimaan l\u00e4helt\u00e4 ja kaukaa.<\/p>\n<p>V\u00e4lijoen lavaa voi my\u00f6s vuokrata erilaisten tapahtumien j\u00e4rjest\u00e4miseen.<\/p>\n<p>Kes\u00e4n 2021 sunnuntaitanssien esiintyj\u00e4t l\u00f6ytyv\u00e4t <a href=\"http:\/\/www.gramofoni.fi\/valijoen-lava\/\">t\u00e4\u00e4lt\u00e4<\/a><\/p>\n\n\n<p><\/p>\n","protected":false},"excerpt":{"rendered":"<p>V\u00e4lijoen asukkaiden yhteinen &#8221;koti&#8221; M\u00e4nnist\u00f6 sijaitsee aivan Taavetintien kupeessa (M\u00e4nnist\u00f6ntie 10) noin 18 kilometrin p\u00e4\u00e4ss\u00e4 Savitaipaleen kirkonkyl\u00e4lt\u00e4. Varsinkin talvisin talon sali on kansalaisopiston ja kyl\u00e4l\u00e4l\u00e4isten omien liikunta- ja harrastusryhmien k\u00e4yt\u00f6ss\u00e4. M\u00e4nnist\u00f6ss\u00e4 j\u00e4rjestet\u00e4\u00e4n my\u00f6s paljon yksityisi\u00e4 juhlia ja kokouksia. Saliin mahtuu &hellip; <a href=\"https:\/\/kylat.meitadev.fi\/valijoki\/mannisto-ja-valijoen-parketti\/\">Continue reading <span class=\"meta-nav\">&rarr;<\/span><\/a><\/p>\n","protected":false},"author":31,"featured_media":0,"parent":0,"menu_order":0,"comment_status":"open","ping_status":"open","template":"","meta":{"footnotes":""},"_links":{"self":[{"href":"https:\/\/kylat.meitadev.fi\/valijoki\/wp-json\/wp\/v2\/pages\/34"}],"collection":[{"href":"https:\/\/kylat.meitadev.fi\/valijoki\/wp-json\/wp\/v2\/pages"}],"about":[{"href":"https:\/\/kylat.meitadev.fi\/valijoki\/wp-json\/wp\/v2\/types\/page"}],"author":[{"embeddable":true,"href":"https:\/\/kylat.meitadev.fi\/valijoki\/wp-json\/wp\/v2\/users\/31"}],"replies":[{"embeddable":true,"href":"https:\/\/kylat.meitadev.fi\/valijoki\/wp-json\/wp\/v2\/comments?post=34"}],"version-history":[{"count":20,"href":"https:\/\/kylat.meitadev.fi\/valijoki\/wp-json\/wp\/v2\/pages\/34\/revisions"}],"predecessor-version":[{"id":552,"href":"https:\/\/kylat.meitadev.fi\/valijoki\/wp-json\/wp\/v2\/pages\/34\/revisions\/552"}],"wp:attachment":[{"href":"https:\/\/kylat.meitadev.fi\/valijoki\/wp-json\/wp\/v2\/media?parent=34"}],"curies":[{"name":"wp","href":"https:\/\/api.w.org\/{rel}","templated":true}]}}