{"id":399,"date":"2017-07-04T20:07:14","date_gmt":"2017-07-04T20:37:14","guid":{"rendered":"https:\/\/kylat.meitadev.fi\/valijoki\/?page_id=399"},"modified":"2020-01-05T08:47:56","modified_gmt":"2020-01-05T09:17:56","slug":"kesateatteri","status":"publish","type":"page","link":"https:\/\/kylat.meitadev.fi\/valijoki\/kesateatteri\/","title":{"rendered":"Kes\u00e4teatteri"},"content":{"rendered":"<h4><strong>Kes\u00e4teatteria tulossa j\u00e4lleen kes\u00e4ll\u00e4 2020 Hakam\u00e4ell\u00e4. Seuraathan ilmoittelua!<br \/>\n<\/strong><\/h4>\n<p><a href=\"https:\/\/kylat.meitadev.fi\/valijoki\/wp-content\/uploads\/sites\/19\/2018\/06\/yhteiskuva.jpg\"><img loading=\"lazy\" decoding=\"async\" class=\"aligncenter size-medium wp-image-476\" src=\"https:\/\/kylat.meitadev.fi\/valijoki\/wp-content\/uploads\/sites\/19\/2018\/06\/yhteiskuva-300x272.jpg\" alt=\"\" width=\"300\" height=\"272\" srcset=\"https:\/\/kylat.meitadev.fi\/valijoki\/wp-content\/uploads\/sites\/19\/2018\/06\/yhteiskuva-300x272.jpg 300w, https:\/\/kylat.meitadev.fi\/valijoki\/wp-content\/uploads\/sites\/19\/2018\/06\/yhteiskuva-768x696.jpg 768w, https:\/\/kylat.meitadev.fi\/valijoki\/wp-content\/uploads\/sites\/19\/2018\/06\/yhteiskuva.jpg 816w\" sizes=\"(max-width: 300px) 100vw, 300px\" \/><\/a><\/p>\n<div><\/div>\n<div><a href=\"https:\/\/kylat.meitadev.fi\/valijoki\/wp-content\/uploads\/sites\/19\/2017\/07\/19601038_458376241207455_526414295823970320_n.jpg\"><img loading=\"lazy\" decoding=\"async\" class=\"aligncenter size-medium wp-image-411\" src=\"https:\/\/kylat.meitadev.fi\/valijoki\/wp-content\/uploads\/sites\/19\/2017\/07\/19601038_458376241207455_526414295823970320_n-165x300.jpg\" alt=\"\" width=\"165\" height=\"300\" srcset=\"https:\/\/kylat.meitadev.fi\/valijoki\/wp-content\/uploads\/sites\/19\/2017\/07\/19601038_458376241207455_526414295823970320_n-165x300.jpg 165w, https:\/\/kylat.meitadev.fi\/valijoki\/wp-content\/uploads\/sites\/19\/2017\/07\/19601038_458376241207455_526414295823970320_n.jpg 528w\" sizes=\"(max-width: 165px) 100vw, 165px\" \/><\/a>V\u00e4lijoen nuorisoseura Riento ry:n teatteriryhm\u00e4 ylpe\u00e4n\u00e4 esitt\u00e4\u00e4:<\/div>\n<div><\/div>\n<h2><strong>Ristniemen Antti<\/strong><\/h2>\n<div>Hakam\u00e4ell\u00e4 (Paimensaarentie 10, 54800 Savitaipale)<\/div>\n<div>18.-3o.7.2017<\/div>\n<div><\/div>\n<div>Ohjaus ja k\u00e4sikirjoitus Ismo Tuhkalainen<\/div>\n<div>Musiikin ohjaus Eija Vakkila<\/div>\n<div><\/div>\n<div>LIPUT 15 \u20ac \/ Lapset alle 12 vuotta 8 \u20ac<\/div>\n<div><\/div>\n<div>\n<p>Lippuvarauspuhelin 1.7. alkaen klo 15-19<\/p>\n<p>(Tiedustelut ja ryhm\u00e4varaukset 1.5. alkaen)<\/p>\n<p>045 3318949<\/p>\n<p>s\u00e4hk\u00f6postilla valijoki@gmail.com<\/p>\n<p>tai<\/p>\n<p><a href=\"https:\/\/www.nettilippu.fi\/event\/view?id=2119\" target=\"_blank\" rel=\"noopener\">Osta liput t\u00e4st\u00e4<\/a><\/p>\n<\/div>\n<div>ti \u00a0 18.7. \u00a0klo 19 \u00a0Ensi-ilta<\/div>\n<div>ke 19.7. \u00a0klo 19<\/div>\n<div>pe \u00a021.7. klo \u00a019<\/div>\n<div>la \u00a0 22.7. klo \u00a014<\/div>\n<div>su \u00a023.7. klo \u00a014<\/div>\n<div>ti \u00a0 25.7. \u00a0klo \u00a019<\/div>\n<div>ke \u00a026.7. klo \u00a019<\/div>\n<div>to \u00a027.7. \u00a0klo \u00a019<\/div>\n<div>la \u00a029.7. \u00a0klo \u00a014<\/div>\n<div>su 30.7. \u00a0klo \u00a014 \u00a0Juhlan\u00e4yt\u00f6s<\/div>\n<div><\/div>\n<div>\n<p>&nbsp;<\/p>\n<p>N\u00e4ytelm\u00e4 kertoo Savitaipaleella Kuolimon saaressa el\u00e4neest\u00e4 Antti Matikasta eli Ristniemen Antista. Ristniemen tila oli suuri ja vauras. Antti-is\u00e4nt\u00e4 oli mielenkiintoinen ja pidetty henkil\u00f6. H\u00e4nen maanviljelystaitojaan arvostettiin paikkakunnalla. Koska Antilla ei ollut perillisi\u00e4, h\u00e4n m\u00e4\u00e4r\u00e4si testamentillaan, ett\u00e4 kaikesta omaisuudesta, joka h\u00e4nelt\u00e4 j\u00e4lkeen j\u00e4\u00e4, on muodostettava Antti Matikan s\u00e4\u00e4ti\u00f6. S\u00e4\u00e4ti\u00f6n tarkoituksena on hoitaa Ristniemen tilaa ja jakaa tuotto savitaipalelaisten nuorten hyv\u00e4ksi. Antti Matikan s\u00e4\u00e4ti\u00f6 t\u00e4ytt\u00e4\u00e4 t\u00e4n\u00e4 vuonna 30 vuotta, joten n\u00e4ytelm\u00e4 on senkin vuoksi hyvin ajankohtainen.<\/p>\n<p>Haluamme n\u00e4ytelm\u00e4n avulla tuoda esille savitaipalelaista historiaa sek\u00e4 paikkakuntalaisille ett\u00e4 siell\u00e4 vieraileville.<\/p>\n<\/div>\n<div>\u00a0<a href=\"https:\/\/kylat.meitadev.fi\/valijoki\/wp-content\/uploads\/sites\/19\/2017\/07\/Antti_Matikka_jaissa-web_oldie-11.jpg\"><img loading=\"lazy\" decoding=\"async\" class=\"aligncenter size-medium wp-image-396\" src=\"https:\/\/kylat.meitadev.fi\/valijoki\/wp-content\/uploads\/sites\/19\/2017\/07\/Antti_Matikka_jaissa-web_oldie-11-300x202.jpg\" alt=\"\" width=\"300\" height=\"202\" srcset=\"https:\/\/kylat.meitadev.fi\/valijoki\/wp-content\/uploads\/sites\/19\/2017\/07\/Antti_Matikka_jaissa-web_oldie-11-300x202.jpg 300w, https:\/\/kylat.meitadev.fi\/valijoki\/wp-content\/uploads\/sites\/19\/2017\/07\/Antti_Matikka_jaissa-web_oldie-11-768x517.jpg 768w, https:\/\/kylat.meitadev.fi\/valijoki\/wp-content\/uploads\/sites\/19\/2017\/07\/Antti_Matikka_jaissa-web_oldie-11-1024x689.jpg 1024w\" sizes=\"(max-width: 300px) 100vw, 300px\" \/><\/a><a href=\"https:\/\/kylat.meitadev.fi\/valijoki\/wp-content\/uploads\/sites\/19\/2017\/07\/19554774_458115697900176_1932777616048065617_n.jpg\"><img loading=\"lazy\" decoding=\"async\" class=\"aligncenter size-medium wp-image-412\" src=\"https:\/\/kylat.meitadev.fi\/valijoki\/wp-content\/uploads\/sites\/19\/2017\/07\/19554774_458115697900176_1932777616048065617_n-300x200.jpg\" alt=\"\" width=\"300\" height=\"200\" srcset=\"https:\/\/kylat.meitadev.fi\/valijoki\/wp-content\/uploads\/sites\/19\/2017\/07\/19554774_458115697900176_1932777616048065617_n-300x200.jpg 300w, https:\/\/kylat.meitadev.fi\/valijoki\/wp-content\/uploads\/sites\/19\/2017\/07\/19554774_458115697900176_1932777616048065617_n-768x512.jpg 768w, https:\/\/kylat.meitadev.fi\/valijoki\/wp-content\/uploads\/sites\/19\/2017\/07\/19554774_458115697900176_1932777616048065617_n.jpg 960w\" sizes=\"(max-width: 300px) 100vw, 300px\" \/><\/a> <a href=\"https:\/\/kylat.meitadev.fi\/valijoki\/wp-content\/uploads\/sites\/19\/2017\/07\/19601168_458115674566845_261617450123127892_n.jpg\"><img loading=\"lazy\" decoding=\"async\" class=\"aligncenter size-medium wp-image-413\" src=\"https:\/\/kylat.meitadev.fi\/valijoki\/wp-content\/uploads\/sites\/19\/2017\/07\/19601168_458115674566845_261617450123127892_n-300x273.jpg\" alt=\"\" width=\"300\" height=\"273\" srcset=\"https:\/\/kylat.meitadev.fi\/valijoki\/wp-content\/uploads\/sites\/19\/2017\/07\/19601168_458115674566845_261617450123127892_n-300x273.jpg 300w, https:\/\/kylat.meitadev.fi\/valijoki\/wp-content\/uploads\/sites\/19\/2017\/07\/19601168_458115674566845_261617450123127892_n-768x700.jpg 768w, https:\/\/kylat.meitadev.fi\/valijoki\/wp-content\/uploads\/sites\/19\/2017\/07\/19601168_458115674566845_261617450123127892_n.jpg 960w\" sizes=\"(max-width: 300px) 100vw, 300px\" \/><\/a><a href=\"https:\/\/kylat.meitadev.fi\/valijoki\/wp-content\/uploads\/sites\/19\/2017\/07\/19488744_456039251441154_2563417350323440937_o.jpg\"><img loading=\"lazy\" decoding=\"async\" class=\"aligncenter size-medium wp-image-415\" src=\"https:\/\/kylat.meitadev.fi\/valijoki\/wp-content\/uploads\/sites\/19\/2017\/07\/19488744_456039251441154_2563417350323440937_o-140x300.jpg\" alt=\"\" width=\"140\" height=\"300\" srcset=\"https:\/\/kylat.meitadev.fi\/valijoki\/wp-content\/uploads\/sites\/19\/2017\/07\/19488744_456039251441154_2563417350323440937_o-140x300.jpg 140w, https:\/\/kylat.meitadev.fi\/valijoki\/wp-content\/uploads\/sites\/19\/2017\/07\/19488744_456039251441154_2563417350323440937_o-478x1024.jpg 478w, https:\/\/kylat.meitadev.fi\/valijoki\/wp-content\/uploads\/sites\/19\/2017\/07\/19488744_456039251441154_2563417350323440937_o.jpg 621w\" sizes=\"(max-width: 140px) 100vw, 140px\" \/><\/a> <a href=\"https:\/\/kylat.meitadev.fi\/valijoki\/wp-content\/uploads\/sites\/19\/2017\/07\/19510599_456039184774494_5218508306699173182_n.jpg\"><img loading=\"lazy\" decoding=\"async\" class=\"aligncenter size-medium wp-image-416\" src=\"https:\/\/kylat.meitadev.fi\/valijoki\/wp-content\/uploads\/sites\/19\/2017\/07\/19510599_456039184774494_5218508306699173182_n-247x300.jpg\" alt=\"\" width=\"247\" height=\"300\" srcset=\"https:\/\/kylat.meitadev.fi\/valijoki\/wp-content\/uploads\/sites\/19\/2017\/07\/19510599_456039184774494_5218508306699173182_n-247x300.jpg 247w, https:\/\/kylat.meitadev.fi\/valijoki\/wp-content\/uploads\/sites\/19\/2017\/07\/19510599_456039184774494_5218508306699173182_n-768x932.jpg 768w, https:\/\/kylat.meitadev.fi\/valijoki\/wp-content\/uploads\/sites\/19\/2017\/07\/19510599_456039184774494_5218508306699173182_n.jpg 791w\" sizes=\"(max-width: 247px) 100vw, 247px\" \/><\/a> <a href=\"https:\/\/kylat.meitadev.fi\/valijoki\/wp-content\/uploads\/sites\/19\/2017\/07\/19553845_456039221441157_1524175861211333819_n.jpg\"><img loading=\"lazy\" decoding=\"async\" class=\"aligncenter size-medium wp-image-417\" src=\"https:\/\/kylat.meitadev.fi\/valijoki\/wp-content\/uploads\/sites\/19\/2017\/07\/19553845_456039221441157_1524175861211333819_n-300x212.jpg\" alt=\"\" width=\"300\" height=\"212\" srcset=\"https:\/\/kylat.meitadev.fi\/valijoki\/wp-content\/uploads\/sites\/19\/2017\/07\/19553845_456039221441157_1524175861211333819_n-300x212.jpg 300w, https:\/\/kylat.meitadev.fi\/valijoki\/wp-content\/uploads\/sites\/19\/2017\/07\/19553845_456039221441157_1524175861211333819_n-768x542.jpg 768w, https:\/\/kylat.meitadev.fi\/valijoki\/wp-content\/uploads\/sites\/19\/2017\/07\/19553845_456039221441157_1524175861211333819_n.jpg 960w\" sizes=\"(max-width: 300px) 100vw, 300px\" \/><\/a> <a href=\"https:\/\/kylat.meitadev.fi\/valijoki\/wp-content\/uploads\/sites\/19\/2017\/07\/19554774_458115697900176_1932777616048065617_n-1.jpg\"><img loading=\"lazy\" decoding=\"async\" class=\"aligncenter size-medium wp-image-418\" src=\"https:\/\/kylat.meitadev.fi\/valijoki\/wp-content\/uploads\/sites\/19\/2017\/07\/19554774_458115697900176_1932777616048065617_n-1-300x200.jpg\" alt=\"\" width=\"300\" height=\"200\" srcset=\"https:\/\/kylat.meitadev.fi\/valijoki\/wp-content\/uploads\/sites\/19\/2017\/07\/19554774_458115697900176_1932777616048065617_n-1-300x200.jpg 300w, https:\/\/kylat.meitadev.fi\/valijoki\/wp-content\/uploads\/sites\/19\/2017\/07\/19554774_458115697900176_1932777616048065617_n-1-768x512.jpg 768w, https:\/\/kylat.meitadev.fi\/valijoki\/wp-content\/uploads\/sites\/19\/2017\/07\/19554774_458115697900176_1932777616048065617_n-1.jpg 960w\" sizes=\"(max-width: 300px) 100vw, 300px\" \/><\/a> <a href=\"https:\/\/kylat.meitadev.fi\/valijoki\/wp-content\/uploads\/sites\/19\/2017\/07\/19577252_456039288107817_2559651879593412694_o.jpg\"><img loading=\"lazy\" decoding=\"async\" class=\"aligncenter size-medium wp-image-419\" src=\"https:\/\/kylat.meitadev.fi\/valijoki\/wp-content\/uploads\/sites\/19\/2017\/07\/19577252_456039288107817_2559651879593412694_o-104x300.jpg\" alt=\"\" width=\"104\" height=\"300\" srcset=\"https:\/\/kylat.meitadev.fi\/valijoki\/wp-content\/uploads\/sites\/19\/2017\/07\/19577252_456039288107817_2559651879593412694_o-104x300.jpg 104w, https:\/\/kylat.meitadev.fi\/valijoki\/wp-content\/uploads\/sites\/19\/2017\/07\/19577252_456039288107817_2559651879593412694_o-355x1024.jpg 355w, https:\/\/kylat.meitadev.fi\/valijoki\/wp-content\/uploads\/sites\/19\/2017\/07\/19577252_456039288107817_2559651879593412694_o.jpg 565w\" sizes=\"(max-width: 104px) 100vw, 104px\" \/><\/a><\/div>\n","protected":false},"excerpt":{"rendered":"<p>Kes\u00e4teatteria tulossa j\u00e4lleen kes\u00e4ll\u00e4 2020 Hakam\u00e4ell\u00e4. Seuraathan ilmoittelua! V\u00e4lijoen nuorisoseura Riento ry:n teatteriryhm\u00e4 ylpe\u00e4n\u00e4 esitt\u00e4\u00e4: Ristniemen Antti Hakam\u00e4ell\u00e4 (Paimensaarentie 10, 54800 Savitaipale) 18.-3o.7.2017 Ohjaus ja k\u00e4sikirjoitus Ismo Tuhkalainen Musiikin ohjaus Eija Vakkila LIPUT 15 \u20ac \/ Lapset alle 12 vuotta &hellip; <a href=\"https:\/\/kylat.meitadev.fi\/valijoki\/kesateatteri\/\">Continue reading <span class=\"meta-nav\">&rarr;<\/span><\/a><\/p>\n","protected":false},"author":31,"featured_media":0,"parent":0,"menu_order":0,"comment_status":"closed","ping_status":"closed","template":"","meta":{"footnotes":""},"_links":{"self":[{"href":"https:\/\/kylat.meitadev.fi\/valijoki\/wp-json\/wp\/v2\/pages\/399"}],"collection":[{"href":"https:\/\/kylat.meitadev.fi\/valijoki\/wp-json\/wp\/v2\/pages"}],"about":[{"href":"https:\/\/kylat.meitadev.fi\/valijoki\/wp-json\/wp\/v2\/types\/page"}],"author":[{"embeddable":true,"href":"https:\/\/kylat.meitadev.fi\/valijoki\/wp-json\/wp\/v2\/users\/31"}],"replies":[{"embeddable":true,"href":"https:\/\/kylat.meitadev.fi\/valijoki\/wp-json\/wp\/v2\/comments?post=399"}],"version-history":[{"count":12,"href":"https:\/\/kylat.meitadev.fi\/valijoki\/wp-json\/wp\/v2\/pages\/399\/revisions"}],"predecessor-version":[{"id":538,"href":"https:\/\/kylat.meitadev.fi\/valijoki\/wp-json\/wp\/v2\/pages\/399\/revisions\/538"}],"wp:attachment":[{"href":"https:\/\/kylat.meitadev.fi\/valijoki\/wp-json\/wp\/v2\/media?parent=399"}],"curies":[{"name":"wp","href":"https:\/\/api.w.org\/{rel}","templated":true}]}}