{"id":66,"date":"2012-10-04T16:17:48","date_gmt":"2012-10-04T16:47:48","guid":{"rendered":"https:\/\/kylat.meitadev.fi\/valijoki\/?page_id=66"},"modified":"2020-02-09T17:29:36","modified_gmt":"2020-02-09T17:59:36","slug":"valijoen-nuorisoseura-riento-ry","status":"publish","type":"page","link":"https:\/\/kylat.meitadev.fi\/valijoki\/valijoen-seudun-yhdistykset\/valijoen-nuorisoseura-riento-ry\/","title":{"rendered":"V\u00e4lijoen nuorisoseura Riento ry"},"content":{"rendered":"<p>Riento on perinteik\u00e4s, yli satavuotta sitten perustettu ja edelleen aktiivisesti V\u00e4lijoella toimiva yhdistys. Yhdistyksen toiminta keskittyy pitk\u00e4lti seuraintalo M\u00e4nnist\u00f6n ymp\u00e4rille. M\u00e4nnist\u00f6 on kyl\u00e4l\u00e4isten yhteinen kokoontumispaikka ja yhdistyksen p\u00e4\u00e4tavoitteena on pit\u00e4\u00e4 M\u00e4nnist\u00f6 jatkossakin hyv\u00e4ss\u00e4 kunnossa kaikkien yhteiseksi hyv\u00e4ksi. Yhdistys j\u00e4rjest\u00e4\u00e4 erilaisia tapahtumia (nostalgiatanssit, laskiaisrieha) sek\u00e4 kursseja ja kerhoja (improkerho, teatteriryhm\u00e4).<\/p>\n<p>Teatteriryhm\u00e4n viimeisimpi\u00e4 n\u00e4ytelmi\u00e4 ovat:<\/p>\n<ul>\n<li>Maajussille morsian (M\u00e4nnist\u00f6ss\u00e4 talvella 2009)<\/li>\n<li>Amali ja aikamiespojat (Hakam\u00e4ell\u00e4 kes\u00e4ll\u00e4 2011)<\/li>\n<li>Kattovarpuset (M\u00e4nnist\u00f6ss\u00e4 talvella 2012)<\/li>\n<li>Per\u00e4kyl\u00e4n profeetta (Hakam\u00e4ell\u00e4 kes\u00e4ll\u00e4 2012)<\/li>\n<li>K\u00e4rn\u00e4kosken kunniat (K\u00e4rn\u00e4kosken linnoituksen valleilla kes\u00e4ll\u00e4 2013)<\/li>\n<li>Kuin tuhka tuuleen (Hakam\u00e4ell\u00e4 kes\u00e4ll\u00e4 2014)<\/li>\n<li>Viimeiset mohikaanit (Hakam\u00e4ell\u00e4 2015)<\/li>\n<li>Ristniemen Antti (Hakam\u00e4ell\u00e4 2017)<\/li>\n<li>Urmaksen uskomaton uni (Savitaipaleen koulukeskuksen auditorio syksy 2018 ja kes\u00e4 2019)<\/li>\n<\/ul>\n<p>Riennon johtokuntaan \u00a0kuuluvat: Ismo Tuhkalainen (puheenjohtaja), Saila Vanamo (sihteeri), Minna Pisarenko, Jouko Koskinen, Noora Mentula, Lilja Lind, Jani Rasila, Tuula J\u00e4k\u00e4l\u00e4 ja Olli Vanamo. Johtokunnan ty\u00f6skentelyn tukena toimivat tiedotusvastaava Marjukka Tynys ja taloudenhoitaja Anna Lerkki.<\/p>\n<p>Nuorisoseura myy 2002 julkaistua teosta V\u00e4lijoen seudun historiaa. Kirjaa voi tiedustella Lilja Lindilt\u00e4 p. 050 369 4389 tai s\u00e4hk\u00f6postilla: valijoki@gmail.com<\/p>\n<p>Nuorisoseura vuokraa tilojaan (M\u00e4nnist\u00f6 ja V\u00e4lijoen lava), astioita, miesten kansallispukuja, \u00e4\u00e4nentoistolaitteita sek\u00e4 pihatelttaa. Vuokrahinnat l\u00f6ytyv\u00e4t alla olevasta tiedostosta.<\/p>\n<p><a href=\"https:\/\/kylat.meitadev.fi\/valijoki\/wp-content\/uploads\/sites\/19\/2020\/01\/m\u00e4nnist\u00f6n-vuokrahinnat-2020.pdf\">m\u00e4nnist\u00f6n vuokrahinnat 2020<\/a><\/p>\n<p>Jos haluat liitty\u00e4 j\u00e4seneksi, voit t\u00e4ytt\u00e4\u00e4 j\u00e4sentietolomakkeen <a href=\"https:\/\/nuorisoseurarekisteri.fi\/Hae\/Jasenhakemus?seuraId=32867&amp;returnUrl=https%3a%2f%2fnuorisoseurarekisteri.fi%2fhae%2fSeurat%3falue%3dTAH32034%26laji%3d%26ikaryhma%3d%26vapaasana%3dv%25C3%25A4lijoen\">t\u00e4\u00e4ll\u00e4<\/a><\/p>\n<p>&nbsp;<\/p>\n","protected":false},"excerpt":{"rendered":"<p>Riento on perinteik\u00e4s, yli satavuotta sitten perustettu ja edelleen aktiivisesti V\u00e4lijoella toimiva yhdistys. Yhdistyksen toiminta keskittyy pitk\u00e4lti seuraintalo M\u00e4nnist\u00f6n ymp\u00e4rille. M\u00e4nnist\u00f6 on kyl\u00e4l\u00e4isten yhteinen kokoontumispaikka ja yhdistyksen p\u00e4\u00e4tavoitteena on pit\u00e4\u00e4 M\u00e4nnist\u00f6 jatkossakin hyv\u00e4ss\u00e4 kunnossa kaikkien yhteiseksi hyv\u00e4ksi. Yhdistys j\u00e4rjest\u00e4\u00e4 erilaisia &hellip; <a href=\"https:\/\/kylat.meitadev.fi\/valijoki\/valijoen-seudun-yhdistykset\/valijoen-nuorisoseura-riento-ry\/\">Continue reading <span class=\"meta-nav\">&rarr;<\/span><\/a><\/p>\n","protected":false},"author":31,"featured_media":0,"parent":31,"menu_order":0,"comment_status":"open","ping_status":"open","template":"","meta":{"footnotes":""},"_links":{"self":[{"href":"https:\/\/kylat.meitadev.fi\/valijoki\/wp-json\/wp\/v2\/pages\/66"}],"collection":[{"href":"https:\/\/kylat.meitadev.fi\/valijoki\/wp-json\/wp\/v2\/pages"}],"about":[{"href":"https:\/\/kylat.meitadev.fi\/valijoki\/wp-json\/wp\/v2\/types\/page"}],"author":[{"embeddable":true,"href":"https:\/\/kylat.meitadev.fi\/valijoki\/wp-json\/wp\/v2\/users\/31"}],"replies":[{"embeddable":true,"href":"https:\/\/kylat.meitadev.fi\/valijoki\/wp-json\/wp\/v2\/comments?post=66"}],"version-history":[{"count":25,"href":"https:\/\/kylat.meitadev.fi\/valijoki\/wp-json\/wp\/v2\/pages\/66\/revisions"}],"predecessor-version":[{"id":544,"href":"https:\/\/kylat.meitadev.fi\/valijoki\/wp-json\/wp\/v2\/pages\/66\/revisions\/544"}],"up":[{"embeddable":true,"href":"https:\/\/kylat.meitadev.fi\/valijoki\/wp-json\/wp\/v2\/pages\/31"}],"wp:attachment":[{"href":"https:\/\/kylat.meitadev.fi\/valijoki\/wp-json\/wp\/v2\/media?parent=66"}],"curies":[{"name":"wp","href":"https:\/\/api.w.org\/{rel}","templated":true}]}}