{"id":69,"date":"2012-10-04T16:17:11","date_gmt":"2012-10-04T16:47:11","guid":{"rendered":"https:\/\/kylat.meitadev.fi\/valijoki\/?page_id=69"},"modified":"2013-04-24T08:20:32","modified_gmt":"2013-04-24T08:50:32","slug":"valijoen-maa-ja-kotitalousnaiset","status":"publish","type":"page","link":"https:\/\/kylat.meitadev.fi\/valijoki\/valijoen-seudun-yhdistykset\/valijoen-maa-ja-kotitalousnaiset\/","title":{"rendered":"V\u00e4lijoen maa- ja kotitalousnaiset"},"content":{"rendered":"<p>V\u00e4lijoen maa- ja kotitalousnaisten osasto on perustettu 3.3.1966. Keski-ik\u00e4\u00e4n ehtineess\u00e4 yhdistyksess\u00e4 on 47 j\u00e4sent\u00e4. Osasto j\u00e4rjest\u00e4\u00e4 kahvituksia, antaa talkooapua ja j\u00e4rjest\u00e4\u00e4 erilaisia kursseja. Varsinaisia ty\u00f6p\u00e4ivi\u00e4 (esim. matonkuteiden leikkuuta) on nyky\u00e4\u00e4n melko v\u00e4h\u00e4n. Naiset osallituvat aktiivisesti my\u00f6s Maa- ja kotitalousnaisten valtakunnallisiin liikuntatapahtumiin.<\/p>\n<p>Seuran puheenjohtajana toimii Ritva Havo p. 050 567 2581 ja sihteerin\u00e4 Eija Lapatto p. 050 323 8895.<\/p>\n","protected":false},"excerpt":{"rendered":"<p>V\u00e4lijoen maa- ja kotitalousnaisten osasto on perustettu 3.3.1966. Keski-ik\u00e4\u00e4n ehtineess\u00e4 yhdistyksess\u00e4 on 47 j\u00e4sent\u00e4. Osasto j\u00e4rjest\u00e4\u00e4 kahvituksia, antaa talkooapua ja j\u00e4rjest\u00e4\u00e4 erilaisia kursseja. Varsinaisia ty\u00f6p\u00e4ivi\u00e4 (esim. matonkuteiden leikkuuta) on nyky\u00e4\u00e4n melko v\u00e4h\u00e4n. Naiset osallituvat aktiivisesti my\u00f6s Maa- ja kotitalousnaisten valtakunnallisiin &hellip; <a href=\"https:\/\/kylat.meitadev.fi\/valijoki\/valijoen-seudun-yhdistykset\/valijoen-maa-ja-kotitalousnaiset\/\">Continue reading <span class=\"meta-nav\">&rarr;<\/span><\/a><\/p>\n","protected":false},"author":31,"featured_media":0,"parent":31,"menu_order":0,"comment_status":"open","ping_status":"open","template":"","meta":{"footnotes":""},"_links":{"self":[{"href":"https:\/\/kylat.meitadev.fi\/valijoki\/wp-json\/wp\/v2\/pages\/69"}],"collection":[{"href":"https:\/\/kylat.meitadev.fi\/valijoki\/wp-json\/wp\/v2\/pages"}],"about":[{"href":"https:\/\/kylat.meitadev.fi\/valijoki\/wp-json\/wp\/v2\/types\/page"}],"author":[{"embeddable":true,"href":"https:\/\/kylat.meitadev.fi\/valijoki\/wp-json\/wp\/v2\/users\/31"}],"replies":[{"embeddable":true,"href":"https:\/\/kylat.meitadev.fi\/valijoki\/wp-json\/wp\/v2\/comments?post=69"}],"version-history":[{"count":5,"href":"https:\/\/kylat.meitadev.fi\/valijoki\/wp-json\/wp\/v2\/pages\/69\/revisions"}],"predecessor-version":[{"id":197,"href":"https:\/\/kylat.meitadev.fi\/valijoki\/wp-json\/wp\/v2\/pages\/69\/revisions\/197"}],"up":[{"embeddable":true,"href":"https:\/\/kylat.meitadev.fi\/valijoki\/wp-json\/wp\/v2\/pages\/31"}],"wp:attachment":[{"href":"https:\/\/kylat.meitadev.fi\/valijoki\/wp-json\/wp\/v2\/media?parent=69"}],"curies":[{"name":"wp","href":"https:\/\/api.w.org\/{rel}","templated":true}]}}