{"id":76,"date":"2012-10-04T16:19:37","date_gmt":"2012-10-04T16:49:37","guid":{"rendered":"https:\/\/kylat.meitadev.fi\/valijoki\/?page_id=76"},"modified":"2019-02-13T06:44:24","modified_gmt":"2019-02-13T07:14:24","slug":"valijoen-metsastysyhdistys","status":"publish","type":"page","link":"https:\/\/kylat.meitadev.fi\/valijoki\/valijoen-seudun-yhdistykset\/valijoen-metsastysyhdistys\/","title":{"rendered":"V\u00e4lijoen mets\u00e4stysyhdistys"},"content":{"rendered":"<p style=\"text-align: left\">V\u00e4lijoen mets\u00e4stysyhdistys r.y. on perustettu 31.1.1963. Seuralla on vuokrattuja mets\u00e4stysmaita noin 4800 hehtaaria. Seuran j\u00e4senm\u00e4\u00e4r\u00e4 on noin 80. Yhdistys omistaa mets\u00e4stysmajan, grillikatoksen, nylkykatoksen ja haulikkoampumaradan. Voit tutustua V\u00e4lijoen mets\u00e4stysyhdistyksen toimintaan lis\u00e4\u00e4 seuran omilta nettisivuilta:<\/p>\n<p><a href=\"https:\/\/www.valijoenmy.fi\/\">https:\/\/www.valijoenmy.fi\/<\/a><\/p>\n<p><a href=\"https:\/\/kylat.meitadev.fi\/valijoki\/wp-content\/uploads\/sites\/19\/2012\/10\/p\u00e4ivi-maaliskuu-2006-027.jpg\"><img loading=\"lazy\" decoding=\"async\" src=\"https:\/\/kylat.meitadev.fi\/valijoki\/wp-content\/uploads\/sites\/19\/2012\/10\/p\u00e4ivi-maaliskuu-2006-027.jpg\" alt=\"\" width=\"457\" height=\"343\" \/><\/a><\/p>\n","protected":false},"excerpt":{"rendered":"<p>V\u00e4lijoen mets\u00e4stysyhdistys r.y. on perustettu 31.1.1963. Seuralla on vuokrattuja mets\u00e4stysmaita noin 4800 hehtaaria. Seuran j\u00e4senm\u00e4\u00e4r\u00e4 on noin 80. Yhdistys omistaa mets\u00e4stysmajan, grillikatoksen, nylkykatoksen ja haulikkoampumaradan. Voit tutustua V\u00e4lijoen mets\u00e4stysyhdistyksen toimintaan lis\u00e4\u00e4 seuran omilta nettisivuilta: https:\/\/www.valijoenmy.fi\/<\/p>\n","protected":false},"author":31,"featured_media":0,"parent":31,"menu_order":0,"comment_status":"open","ping_status":"open","template":"","meta":{"footnotes":""},"_links":{"self":[{"href":"https:\/\/kylat.meitadev.fi\/valijoki\/wp-json\/wp\/v2\/pages\/76"}],"collection":[{"href":"https:\/\/kylat.meitadev.fi\/valijoki\/wp-json\/wp\/v2\/pages"}],"about":[{"href":"https:\/\/kylat.meitadev.fi\/valijoki\/wp-json\/wp\/v2\/types\/page"}],"author":[{"embeddable":true,"href":"https:\/\/kylat.meitadev.fi\/valijoki\/wp-json\/wp\/v2\/users\/31"}],"replies":[{"embeddable":true,"href":"https:\/\/kylat.meitadev.fi\/valijoki\/wp-json\/wp\/v2\/comments?post=76"}],"version-history":[{"count":8,"href":"https:\/\/kylat.meitadev.fi\/valijoki\/wp-json\/wp\/v2\/pages\/76\/revisions"}],"predecessor-version":[{"id":512,"href":"https:\/\/kylat.meitadev.fi\/valijoki\/wp-json\/wp\/v2\/pages\/76\/revisions\/512"}],"up":[{"embeddable":true,"href":"https:\/\/kylat.meitadev.fi\/valijoki\/wp-json\/wp\/v2\/pages\/31"}],"wp:attachment":[{"href":"https:\/\/kylat.meitadev.fi\/valijoki\/wp-json\/wp\/v2\/media?parent=76"}],"curies":[{"name":"wp","href":"https:\/\/api.w.org\/{rel}","templated":true}]}}